{"id":6138,"date":"2018-10-17T16:56:30","date_gmt":"2018-10-17T21:56:30","guid":{"rendered":"https:\/\/facartes.uniandes.edu.co\/cic\/?page_id=6138"},"modified":"2018-10-23T18:14:41","modified_gmt":"2018-10-23T23:14:41","slug":"fapa","status":"publish","type":"page","link":"https:\/\/facartes.uniandes.edu.co\/cic\/fapa\/","title":{"rendered":"Fondo de Apoyo a Profesores Asistentes"},"content":{"rendered":"<h1>Fondo de Apoyo a Profesores Asistentes &#8211; FAPA<\/h1>\n<p>El Fondo de Apoyo para Profesores Asistentes es un Fondo creado con el fin de ofrecer a profesores que est\u00e9n empezando su carrera profesoral en la Universidad, la posibilidad de continuar el proceso de investigaci\u00f3n\/creaci\u00f3n de su doctorado y fortalecer su l\u00ednea de investigaci\u00f3n. Este Fondo debe servir como recursos semilla para la consecuci\u00f3n de recursos externos en concordancia con el Plan de Desarrollo Institucional (PDI) en su objetivo de: \u201cviabilidad y efectividad institucional, promover y generar mecanismos e incentivos para atraer recursos de diferentes fuentes y reducir la dependencia de los ingresos por matr\u00edculas de pregrado\u201d.<\/p>\n<h2>Elegibilidad.<\/h2>\n<p>Son elegibles para el uso de este Fondo los profesores de la Universidad, de tiempo completo y dedicaci\u00f3n exclusiva, una vez sean ordenados como profesores asistentes y tengan su m\u00e1ximo t\u00edtulo de posgrado aceptado en su \u00e1rea de especializaci\u00f3n.<\/p>\n<p>En condiciones especiales puede concederse a los profesores reci\u00e9n vinculados que entren al ordenamiento como profesores asociados como fondos complementarios a fondos que traiga el profesor o que consiga en su primer a\u00f1o. El apoyo al profesor ser\u00e1 proporcional a lo conseguido por \u00e9l con un tope igual al apoyo m\u00e1ximo mencionado en este documento. La proporci\u00f3n ser\u00e1 determinada por cada unidad. En estos casos el profesor debe ser el investigador principal de la propuesta presentada a financiadores externos.<\/p>\n<h2>Obtenci\u00f3n del apoyo<\/h2>\n<p>Los profesores elegibles deben presentar durante los primeros seis meses despu\u00e9s de su ordenamiento, y a trav\u00e9s del m\u00f3dulo de proyectos del sistema Academia, una propuesta de investigaci\u00f3n (proyecto) a tres a\u00f1os que debe ser compatible con los planes de desarrollo de su unidad y debe ser aprobado por la decanatura respectiva.<\/p>\n<p>Cada seis meses, el banco de proyectos FAPA se enviar\u00e1 a evaluaci\u00f3n por pares externos a la universidad y los proyectos aprobados ser\u00e1n financiados. La Vicerrector\u00eda se encargar\u00e1 del proceso de evaluaci\u00f3n y los pares se escoger\u00e1n entre los sugeridos por la facultad o centro al cual pertenece el profesor.<\/p>\n<p>Una vez aprobada la propuesta, \u00e9sta se debe someter a concepto del Comit\u00e9 de \u00e9tica (Procedimiento y fechas: <span style=\"color: #cc9933;\"><a style=\"color: #cc9933;\" href=\"https:\/\/investigaciones.uniandes.edu.co\/es\/comite-de-etica\/\" target=\"_blank\" rel=\"noopener\">https:\/\/investigaciones.uniandes.edu.co\/es\/comite-de-etica\/<\/a><\/span>)\u00a0(si la investigaci\u00f3n involucra animales vertebrados deber\u00e1 pasar por el Cicual &#8211; <span style=\"color: #cc9933;\"><a style=\"color: #cc9933;\" href=\"https:\/\/investigaciones.uniandes.edu.co\/es\/comite-institucional-para-el-cuidado-y-uso-de-los-animales-de-laboratorio-cicual\/\" target=\"_blank\" rel=\"noopener\">https:\/\/investigaciones.uniandes.edu.co\/es\/comite-institucional-para-el-cuidado-y-uso-de-los-animales-de-laboratorio-cicual\/<\/a><\/span>). Solo podr\u00e1 iniciar el proyecto una vez se obtengan los avales respectivos.<\/p>\n<h2>Condiciones de apoyo a las unidades<strong>\u00a0<\/strong><\/h2>\n<p>El apoyo consta anualmente de hasta un m\u00e1ximo de cuarenta y ocho salarios m\u00ednimos mensuales legales vigentes, de los cuales la Vicerrector\u00eda de Investigaciones aporta el 75% (hasta 36 SMMLV) y la Facultad el 25% restante (hasta 12 SMMLV), durante un t\u00e9rmino m\u00e1ximo de tres (3) a\u00f1os. El profesor debe justificar los recursos solicitados.<\/p>\n<p>La Vicerrector\u00eda de Investigaciones realizar\u00e1 los traslados de su 75% e informar\u00e1 a trav\u00e9s del sistema Academia la fecha del traslado que ser\u00e1 la utilizada oficialmente como fecha de inicio del proyecto. Es responsabilidad de la Unidad realizar el traslado correspondiente al 25% del presupuesto aprobado anualmente, y notificarlo por el sistema Academia.<\/p>\n<p>El traslado se realizar\u00e1 el primer a\u00f1o, una vez sea aprobado el proyecto y en los dos a\u00f1os sucesivos, una vez sea aprobado el informe anual correspondiente y la propuesta de cada nuevo a\u00f1o. S\u00f3lo se aceptar\u00e1n gastos con cargo a los recursos del Fondo hasta el \u00faltimo d\u00eda de los tres a\u00f1os contados a partir de la fecha del primer desembolso por parte de la Vicerrector\u00eda.<\/p>\n<h2>Seguimiento a los proyectos y productos esperados<\/h2>\n<p>El profesor podr\u00e1 tener este apoyo hasta m\u00e1ximo por tres a\u00f1os. Cada a\u00f1o se eval\u00faa el avance del profesor en t\u00e9rminos de productos de nuevo conocimiento y de esfuerzo y \u00e9xito en la consecuci\u00f3n de recursos.<\/p>\n<ul>\n<li>Anualmente el profesor debe presentar a trav\u00e9s del m\u00f3dulo de proyectos del sistema Academia un informe de avance t\u00e9cnico junto con los productos comprometidos para cada a\u00f1o (Ver pol\u00edtica de Investigaci\u00f3n en la Universidad de los Andes: <span style=\"color: #cc9933;\"><a style=\"color: #cc9933;\" href=\"https:\/\/secretariageneral.uniandes.edu.co\/images\/documents\/InvestigacionenUniandes.pdf\" target=\"_blank\" rel=\"noopener\">https:\/\/secretariageneral.uniandes.edu.co\/images\/documents\/InvestigacionenUniandes.pdf<\/a><\/span>). El profesor deber\u00e1, con los recursos del FAPA, producir, en los tres a\u00f1os, al menos tres de los productos v\u00e1lidos por la Universidad como productos de investigaci\u00f3n\/creaci\u00f3n o de dise\u00f1o y deber\u00e1 en todo momento dar los cr\u00e9ditos respectivos a la Universidad en las publicaciones o presentaciones de productos que haya lugar.<\/li>\n<li>Para obtener los recursos del segundo a\u00f1o se debe haber presentado una propuesta de investigaci\u00f3n\/creaci\u00f3n o de movilidad a una entidad financiadora externa a la universidad.<\/li>\n<li>Para obtener los recursos del tercer a\u00f1o el profesor debe haber conseguido alg\u00fan recurso de una entidad financiadora externa.<\/li>\n<\/ul>\n<p>La facultad o centro al que pertenezca el profesor es el responsable de evaluar y verificar los compromisos relacionados con la publicaci\u00f3n de productos de nuevo conocimiento y el esfuerzo y \u00e9xito en la consecuci\u00f3n de recursos externos requeridos en este reglamento. La Unidad deber\u00e1 evaluar y avalar ese informe y presentar un informe financiero anual de los gastos del proyecto. Si el avance es insatisfactorio, la unidad junto con la Vicerrector\u00eda de Investigaciones negar\u00e1 la renovaci\u00f3n del apoyo.<\/p>\n<p>Junto con el informe de avance, debe presentarse a trav\u00e9s del sistema Academia el plan de actividades para el siguiente a\u00f1o. Cada Facultad crear\u00e1 normas, calendarios y formas de evaluaci\u00f3n del programa de apoyo de manera aut\u00f3noma.<\/p>\n<p>El profesor, al finalizar la ejecuci\u00f3n del proyecto y entregar el informe final, presentar\u00e1 una charla organizada por la Facultad a la cual pertenece, en la cual se socialicen los resultados del proyecto del profesor.<\/p>\n<h2>Evaluaci\u00f3n<\/h2>\n<p>La ejecuci\u00f3n total de los recursos se debe realizar durante los tres primeros a\u00f1os. M\u00e1ximo se conceder\u00e1 un plazo de 6 meses despu\u00e9s de terminado el FAPA, para la entrega del informe final y, en casos muy excepcionales y con el aval del decano o director (caso del CIDER y Escuela de Gobierno), se admitir\u00e1 un plazo m\u00e1ximo de 6 meses para terminar de ejecutar los recursos.<\/p>\n<p>La Facultad o Centro es responsable de la evaluaci\u00f3n final del proyecto. Esta evaluaci\u00f3n ser\u00e1 insumo para la promoci\u00f3n dentro del ordenamiento profesoral, definido por cada unidad.<\/p>\n<h2>Rubros financiables<strong>\u00a0<\/strong><\/h2>\n<p>Con los recursos de este Fondo s\u00f3lo se podr\u00e1n financiar los siguientes rubros:<\/p>\n<ol>\n<li>En el rubro de personal, se podr\u00e1n vincular asistentes graduados al proyecto de acuerdo con la pol\u00edtica de contrataci\u00f3n de asistentes graduados vigente (Pol\u00edtica de Vinculaci\u00f3n de Asistentes Graduados: <span style=\"color: #cc9933;\"><a style=\"color: #cc9933;\" href=\"https:\/\/secretariageneral.uniandes.edu.co\/images\/documents\/PoliticaVinculacionAsistentesGraduados.pdf\" target=\"_blank\" rel=\"noopener\">https:\/\/secretariageneral.uniandes.edu.co\/images\/documents\/PoliticaVinculacionAsistentesGraduados.pdf<\/a><\/span>) . Igualmente se podr\u00e1n contratar asistentes de investigaci\u00f3n. Con estos recursos no se podr\u00e1 pagar ning\u00fan tipo de bonificaciones.<\/li>\n<li>Monitores de Investigaci\u00f3n de pregrado (Monitorias de Investigaci\u00f3n. <span style=\"color: #cc9933;\"><a style=\"color: #cc9933;\" href=\"https:\/\/investigaciones.uniandes.edu.co\/es\/monitorias-de-investigacion\/\" target=\"_blank\" rel=\"noopener\">https:\/\/investigaciones.uniandes.edu.co\/es\/monitorias-de-investigacion\/<\/a><\/span>).<\/li>\n<li>Matr\u00edculas parciales o totales de posgrado (en la Universidad de los Andes).<\/li>\n<li>Adquisici\u00f3n de material bibliogr\u00e1fico o bases de datos de Estas adquisiciones deben hacerse a trav\u00e9s de la Biblioteca General de la Universidad y har\u00e1n parte de su colecci\u00f3n.<\/li>\n<li>Adquisici\u00f3n de equipos de laboratorio y\/o inform\u00e1ticos (Software y Hardware) para prop\u00f3sitos de investigaci\u00f3n.\n<ul>\n<li>Equipos de laboratorio o talleres: la Gerencia del Campus de la Universidad (de acuerdo con cada caso) deber\u00e1n dar su visto bueno (<span style=\"color: #cc9933;\"><a style=\"color: #cc9933;\" href=\"https:\/\/gerenciacampus.uniandes.edu.co\/Areas-funcionales\/Gestion-de-compras-y-activos\/Formatos\" target=\"_blank\" rel=\"noopener\">https:\/\/gerenciacampus.uniandes.edu.co\/Areas-funcionales\/Gestion-de-compras-y-activos\/Formatos<\/a><\/span>) sobre la adquisici\u00f3n de los equipos y su viabilidad.<\/li>\n<li>Equipos de c\u00f3mputo y software: deber\u00e1 haber un di\u00e1logo previo con la vicerrector\u00eda de investigaciones y la DSIT (<em>Direcci\u00f3n de Servicios de Informaci\u00f3n y Tecnolog\u00eda) <\/em>para facilitarle al profesor el proceso de adquisici\u00f3n y estudiar la pertinencia de las compras de acuerdo con los recursos ya disponibles. En la mayor\u00eda de los casos se recomiendo al profesor la compra de tiempo en los equipos de la unidad de c\u00f3mputo de la vicerrector\u00eda de investigaciones.<\/li>\n<\/ul>\n<\/li>\n<li>Costos de publicaci\u00f3n de los resultados de investigaci\u00f3n (libros, art\u00edculos, etc.)<\/li>\n<li>Suministros de papeler\u00eda y materiales (incluidos de laboratorio) necesarios para la investigaci\u00f3n.<\/li>\n<li>Salidas de campo. Estas solo cuentan dentro del territorio nacional. En caso que la salida sea internacional, cuenta como viaje y aplica lo dispuesto en el \u00edtem 9.<\/li>\n<li>Viajes.\n<ol>\n<li>Asistencia a eventos acad\u00e9micos. La Universidad pagar\u00e1 los tiquetes en clase econ\u00f3mica y los gastos de viaje m\u00e1ximos se determinar\u00e1n de acuerdo con la tabla que para tal efecto fije la unidad o en su defecto, la Direcci\u00f3n Financiera. Se puede pagar la afiliaci\u00f3n a la red o sociedad que organice el evento, la inscripci\u00f3n a los eventos y los costos de tr\u00e1mite de la visa que se requiera. La suscripci\u00f3n a la sociedad o red se puede pagar hasta un m\u00e1ximo de tres a\u00f1os, el tiempo de ejecuci\u00f3n del proyecto.<\/li>\n<li>Costos asociados a la invitaci\u00f3n de profesores que beneficien el desarrollo del programa de investigaci\u00f3n. Estos profesores deben tener una agenda de actividades previamente acordada con la unidad e idealmente dar una charla abierta a estudiantes de la Universidad.<\/li>\n<li>Durante el per\u00edodo de los tres a\u00f1os, el profesor podr\u00e1 escoger dos tipos de modalidades\n<ul>\n<li>M\u00e1ximo el 30% del presupuesto total de sus tres a\u00f1os, para viajes internacionales. Los viajes podr\u00e1n ser co-financiados con otras fuentes de recursos que haya conseguido el profesor.<\/li>\n<li>Cuatro de estos viajes con estos recursos (sean de salida de profesores o de invitaci\u00f3n de profesores).<\/li>\n<\/ul>\n<\/li>\n<\/ol>\n<\/li>\n<\/ol>\n<p>El profesor debe escoger, al presentar su propuesta, si su tope ser\u00e1 el del 30% del presupuesto o los cuatro viajes. En las dos opciones, para autorizar la financiaci\u00f3n del segundo viaje en adelante, debe demostrarse que se someti\u00f3 una solicitud de recursos externos. El profesor podr\u00e1 solicitar un 20% adicional en los recursos o un viaje adicional (si escogi\u00f3 la modalidad 9.3.2) si en los dos primeros a\u00f1os ha obtenido un producto A o B (seg\u00fan reglamento de la vicerrector\u00eda) con afiliaci\u00f3n a la Universidad.<\/p>\n<h2>Condiciones<\/h2>\n<ol>\n<li>Si el profesor asume un cargo administrativo pierde el derecho al apoyo para investigaci\u00f3n a partir del momento en que lo asuma (sin posibilidad de retomarlo m\u00e1s adelante). Esto hace referencia a los cargos administrativos que se encuentran en la planta, de coordinador de programa en adelante, no a las tareas administrativas que pueda asumir espor\u00e1dicamente sin que impliquen un cargo ni sus responsabilidades. La unidad deber\u00e1 reintegrar a la Vicerrector\u00eda de Investigaciones los recursos no ejecutados en proporci\u00f3n al aporte de la misma.<\/li>\n<li>El profesor asistente no podr\u00e1 tener durante el primer a\u00f1o de vinculaci\u00f3n una labor docente mayor a la carga promedio de su unidad. Si asume una carga mayor, pierde el derecho al apoyo para investigaci\u00f3n. Se entender\u00e1 que este requisito ha sido validado por el decano o director (para el caso del CIDER y la Escuela de Gobierno), cuando emita su aval de la propuesta a trav\u00e9s del sistema ACADEMIA.<\/li>\n<li>Si el profesor se retira de la Universidad durante el desarrollo de su propuesta, se deber\u00e1 suspender de inmediato cualquier pago o desembolso relacionado con el proyecto y el profesor deber\u00e1 entregar un informe de sus avances del proyecto a la fecha del retiro. La unidad deber\u00e1 reintegrar a la Vicerrector\u00eda de Investigaciones los recursos no ejecutados en proporci\u00f3n al aporte de la misma.<\/li>\n<\/ol>\n<p>Este reglamento empieza a regir a partir del 1 de abril de 2017.<\/p>\n<p><strong><em>Aprobado por el Consejo Acad\u00e9mico en sesi\u00f3n 108-14 del 15 de mayo de 2014 y modificado por el Consejo<\/em><\/strong><\/p>\n<p><strong><em>Acad\u00e9mico en su sesi\u00f3n 177-17 del 16 de marzo de 2017.<\/em><\/strong><\/p>\n","protected":false},"excerpt":{"rendered":"<p>Fondo de Apoyo a Profesores Asistentes &#8211; FAPA El Fondo de Apoyo para Profesores Asistentes es un Fondo creado con el fin de ofrecer a profesores que est\u00e9n empezando su carrera profesoral en la Universidad, la posibilidad de continuar el proceso de investigaci\u00f3n\/creaci\u00f3n de su doctorado y fortalecer su l\u00ednea de investigaci\u00f3n. Este Fondo debe [&hellip;]<\/p>\n","protected":false},"author":1,"featured_media":0,"parent":0,"menu_order":0,"comment_status":"closed","ping_status":"closed","template":"","meta":{"footnotes":""},"class_list":["post-6138","page","type-page","status-publish","hentry"],"yoast_head":"<!-- This site is optimized with the Yoast SEO plugin v27.3 - https:\/\/yoast.com\/product\/yoast-seo-wordpress\/ -->\n<title>Fondo de Apoyo a Profesores Asistentes - Centro de Investigaci\u00f3n y Creaci\u00f3n - Facultad de Artes y Humanidades - Universidad de los Andes<\/title>\n<meta name=\"robots\" content=\"noindex, follow, max-snippet:-1, max-image-preview:large, max-video-preview:-1\" \/>\n<meta property=\"og:locale\" content=\"es_ES\" \/>\n<meta property=\"og:type\" content=\"article\" \/>\n<meta property=\"og:title\" content=\"Fondo de Apoyo a Profesores Asistentes - Centro de Investigaci\u00f3n y Creaci\u00f3n - Facultad de Artes y Humanidades - Universidad de los Andes\" \/>\n<meta property=\"og:description\" content=\"Fondo de Apoyo a Profesores Asistentes &#8211; FAPA El Fondo de Apoyo para Profesores Asistentes es un Fondo creado con el fin de ofrecer a profesores que est\u00e9n empezando su carrera profesoral en la Universidad, la posibilidad de continuar el proceso de investigaci\u00f3n\/creaci\u00f3n de su doctorado y fortalecer su l\u00ednea de investigaci\u00f3n. Este Fondo debe [&hellip;]\" \/>\n<meta property=\"og:url\" content=\"https:\/\/facartes.uniandes.edu.co\/cic\/fapa\/\" \/>\n<meta property=\"og:site_name\" content=\"Centro de Investigaci\u00f3n y Creaci\u00f3n - Facultad de Artes y Humanidades - Universidad de los Andes\" \/>\n<meta property=\"article:modified_time\" content=\"2018-10-23T23:14:41+00:00\" \/>\n<meta name=\"twitter:card\" content=\"summary_large_image\" \/>\n<meta name=\"twitter:label1\" content=\"Tiempo de lectura\" \/>\n\t<meta name=\"twitter:data1\" content=\"10 minutos\" \/>\n<script type=\"application\/ld+json\" class=\"yoast-schema-graph\">{\"@context\":\"https:\\\/\\\/schema.org\",\"@graph\":[{\"@type\":\"WebPage\",\"@id\":\"https:\\\/\\\/facartes.uniandes.edu.co\\\/cic\\\/fapa\\\/\",\"url\":\"https:\\\/\\\/facartes.uniandes.edu.co\\\/cic\\\/fapa\\\/\",\"name\":\"Fondo de Apoyo a Profesores Asistentes - Centro de Investigaci\u00f3n y Creaci\u00f3n - Facultad de Artes y Humanidades - Universidad de los Andes\",\"isPartOf\":{\"@id\":\"https:\\\/\\\/facartes.uniandes.edu.co\\\/cic\\\/#website\"},\"datePublished\":\"2018-10-17T21:56:30+00:00\",\"dateModified\":\"2018-10-23T23:14:41+00:00\",\"breadcrumb\":{\"@id\":\"https:\\\/\\\/facartes.uniandes.edu.co\\\/cic\\\/fapa\\\/#breadcrumb\"},\"inLanguage\":\"es\",\"potentialAction\":[{\"@type\":\"ReadAction\",\"target\":[\"https:\\\/\\\/facartes.uniandes.edu.co\\\/cic\\\/fapa\\\/\"]}]},{\"@type\":\"BreadcrumbList\",\"@id\":\"https:\\\/\\\/facartes.uniandes.edu.co\\\/cic\\\/fapa\\\/#breadcrumb\",\"itemListElement\":[{\"@type\":\"ListItem\",\"position\":1,\"name\":\"Portada\",\"item\":\"https:\\\/\\\/facartes.uniandes.edu.co\\\/cic\\\/\"},{\"@type\":\"ListItem\",\"position\":2,\"name\":\"Fondo de Apoyo a Profesores Asistentes\"}]},{\"@type\":\"WebSite\",\"@id\":\"https:\\\/\\\/facartes.uniandes.edu.co\\\/cic\\\/#website\",\"url\":\"https:\\\/\\\/facartes.uniandes.edu.co\\\/cic\\\/\",\"name\":\"Centro de Investigaci\u00f3n y Creaci\u00f3n - Facultad de Artes y Humanidades - Universidad de los Andes\",\"description\":\"\",\"potentialAction\":[{\"@type\":\"SearchAction\",\"target\":{\"@type\":\"EntryPoint\",\"urlTemplate\":\"https:\\\/\\\/facartes.uniandes.edu.co\\\/cic\\\/?s={search_term_string}\"},\"query-input\":{\"@type\":\"PropertyValueSpecification\",\"valueRequired\":true,\"valueName\":\"search_term_string\"}}],\"inLanguage\":\"es\"}]}<\/script>\n<!-- \/ Yoast SEO plugin. -->","yoast_head_json":{"title":"Fondo de Apoyo a Profesores Asistentes - Centro de Investigaci\u00f3n y Creaci\u00f3n - Facultad de Artes y Humanidades - Universidad de los Andes","robots":{"index":"noindex","follow":"follow","max-snippet":"max-snippet:-1","max-image-preview":"max-image-preview:large","max-video-preview":"max-video-preview:-1"},"og_locale":"es_ES","og_type":"article","og_title":"Fondo de Apoyo a Profesores Asistentes - Centro de Investigaci\u00f3n y Creaci\u00f3n - Facultad de Artes y Humanidades - Universidad de los Andes","og_description":"Fondo de Apoyo a Profesores Asistentes &#8211; FAPA El Fondo de Apoyo para Profesores Asistentes es un Fondo creado con el fin de ofrecer a profesores que est\u00e9n empezando su carrera profesoral en la Universidad, la posibilidad de continuar el proceso de investigaci\u00f3n\/creaci\u00f3n de su doctorado y fortalecer su l\u00ednea de investigaci\u00f3n. Este Fondo debe [&hellip;]","og_url":"https:\/\/facartes.uniandes.edu.co\/cic\/fapa\/","og_site_name":"Centro de Investigaci\u00f3n y Creaci\u00f3n - Facultad de Artes y Humanidades - Universidad de los Andes","article_modified_time":"2018-10-23T23:14:41+00:00","twitter_card":"summary_large_image","twitter_misc":{"Tiempo de lectura":"10 minutos"},"schema":{"@context":"https:\/\/schema.org","@graph":[{"@type":"WebPage","@id":"https:\/\/facartes.uniandes.edu.co\/cic\/fapa\/","url":"https:\/\/facartes.uniandes.edu.co\/cic\/fapa\/","name":"Fondo de Apoyo a Profesores Asistentes - Centro de Investigaci\u00f3n y Creaci\u00f3n - Facultad de Artes y Humanidades - Universidad de los Andes","isPartOf":{"@id":"https:\/\/facartes.uniandes.edu.co\/cic\/#website"},"datePublished":"2018-10-17T21:56:30+00:00","dateModified":"2018-10-23T23:14:41+00:00","breadcrumb":{"@id":"https:\/\/facartes.uniandes.edu.co\/cic\/fapa\/#breadcrumb"},"inLanguage":"es","potentialAction":[{"@type":"ReadAction","target":["https:\/\/facartes.uniandes.edu.co\/cic\/fapa\/"]}]},{"@type":"BreadcrumbList","@id":"https:\/\/facartes.uniandes.edu.co\/cic\/fapa\/#breadcrumb","itemListElement":[{"@type":"ListItem","position":1,"name":"Portada","item":"https:\/\/facartes.uniandes.edu.co\/cic\/"},{"@type":"ListItem","position":2,"name":"Fondo de Apoyo a Profesores Asistentes"}]},{"@type":"WebSite","@id":"https:\/\/facartes.uniandes.edu.co\/cic\/#website","url":"https:\/\/facartes.uniandes.edu.co\/cic\/","name":"Centro de Investigaci\u00f3n y Creaci\u00f3n - Facultad de Artes y Humanidades - Universidad de los Andes","description":"","potentialAction":[{"@type":"SearchAction","target":{"@type":"EntryPoint","urlTemplate":"https:\/\/facartes.uniandes.edu.co\/cic\/?s={search_term_string}"},"query-input":{"@type":"PropertyValueSpecification","valueRequired":true,"valueName":"search_term_string"}}],"inLanguage":"es"}]}},"_links":{"self":[{"href":"https:\/\/facartes.uniandes.edu.co\/cic\/wp-json\/wp\/v2\/pages\/6138","targetHints":{"allow":["GET"]}}],"collection":[{"href":"https:\/\/facartes.uniandes.edu.co\/cic\/wp-json\/wp\/v2\/pages"}],"about":[{"href":"https:\/\/facartes.uniandes.edu.co\/cic\/wp-json\/wp\/v2\/types\/page"}],"author":[{"embeddable":true,"href":"https:\/\/facartes.uniandes.edu.co\/cic\/wp-json\/wp\/v2\/users\/1"}],"replies":[{"embeddable":true,"href":"https:\/\/facartes.uniandes.edu.co\/cic\/wp-json\/wp\/v2\/comments?post=6138"}],"version-history":[{"count":4,"href":"https:\/\/facartes.uniandes.edu.co\/cic\/wp-json\/wp\/v2\/pages\/6138\/revisions"}],"predecessor-version":[{"id":6629,"href":"https:\/\/facartes.uniandes.edu.co\/cic\/wp-json\/wp\/v2\/pages\/6138\/revisions\/6629"}],"wp:attachment":[{"href":"https:\/\/facartes.uniandes.edu.co\/cic\/wp-json\/wp\/v2\/media?parent=6138"}],"curies":[{"name":"wp","href":"https:\/\/api.w.org\/{rel}","templated":true}]}}