{"id":6126,"date":"2018-10-17T16:37:02","date_gmt":"2018-10-17T21:37:02","guid":{"rendered":"https:\/\/facartes.uniandes.edu.co\/cic\/?page_id=6126"},"modified":"2025-02-10T09:18:19","modified_gmt":"2025-02-10T14:18:19","slug":"publica-expon","status":"publish","type":"page","link":"https:\/\/facartes.uniandes.edu.co\/cic\/convocatorias\/vicerrectoria\/publica-expon\/","title":{"rendered":"Convocatoria Publica y exp\u00f3n"},"content":{"rendered":"<div class=\"wpb-content-wrapper\"><p><a href=\"https:\/\/facartes.uniandes.edu.co\/cic\/files\/2021\/05\/publicayexpon-convocatoria-odp-uniandes.png\"><img loading=\"lazy\" decoding=\"async\" class=\"alignnone size-large wp-image-9902\" src=\"https:\/\/facartes.uniandes.edu.co\/cic\/files\/2021\/05\/publicayexpon-convocatoria-odp-uniandes-1024x640.png\" alt=\"\" width=\"900\" height=\"563\" srcset=\"https:\/\/facartes.uniandes.edu.co\/cic\/files\/2021\/05\/publicayexpon-convocatoria-odp-uniandes-1024x640.png 1024w, https:\/\/facartes.uniandes.edu.co\/cic\/files\/2021\/05\/publicayexpon-convocatoria-odp-uniandes-300x188.png 300w, https:\/\/facartes.uniandes.edu.co\/cic\/files\/2021\/05\/publicayexpon-convocatoria-odp-uniandes-768x480.png 768w, https:\/\/facartes.uniandes.edu.co\/cic\/files\/2021\/05\/publicayexpon-convocatoria-odp-uniandes-1536x960.png 1536w, https:\/\/facartes.uniandes.edu.co\/cic\/files\/2021\/05\/publicayexpon-convocatoria-odp-uniandes-255x159.png 255w, https:\/\/facartes.uniandes.edu.co\/cic\/files\/2021\/05\/publicayexpon-convocatoria-odp-uniandes.png 1600w\" sizes=\"auto, (max-width: 900px) 100vw, 900px\" \/><\/a><\/p>\n<p>[vc_row][vc_column][vc_column_text]Anualmente la Vicerrector\u00eda de Investigaciones tiene un presupuesto que asigna a la generaci\u00f3n de productos de nuevo conocimiento. En 2021 la Vicerrector\u00eda dispone de un monto inicial de $300.000.000. La forma de conceder los recursos es con una bolsa trimestral la cual se ira asignando de acuerdo con las solicitudes recibidas en orden de aplicaci\u00f3n. Las bolsas trimestrales tendr\u00e1n corte: <strong>31 de marzo, 30 de junio, 30 de septiembre y 15 de diciembre o una vez se asignen todos los recursos disponibles dentro de la misma<\/strong>. El comit\u00e9 para asignaci\u00f3n de recursos se reunir\u00e1 el viernes de cada semana a revisar los casos enviados hasta las 5:00 p.m. del mi\u00e9rcoles de la misma semana. El monto m\u00e1ximo financiable por solicitud es de $20.000.000.<\/p>\n<p>El formulario de postulaci\u00f3n debe ser diligenciado hasta el d\u00eda del corte para ser considerado en el trimestre respectivo.<\/p>\n<p>Puede consultar los t\u00e9rminos de referencia de la convocatoria <span style=\"color: #deb54e\"><a style=\"color: #deb54e\" href=\"https:\/\/facartes.uniandes.edu.co\/cic\/files\/2025\/02\/TdRConvocatoriaPublicaYExpo\u0301n2025Aclaracio\u0301n.pdf\" target=\"_blank\" rel=\"noopener\"><strong>aqu\u00ed<\/strong><\/a><\/span>.<\/p>\n<p>Para postularse a la convocatoria, rellene los campos del formulario disponible en las convocatorias internas de la plataforma <span style=\"color: #deb54e\"><strong><a style=\"color: #deb54e\" href=\"https:\/\/platypus.uniandes.edu.co\/\" target=\"_blank\" rel=\"noopener\">Platypus<\/a><\/strong><\/span>. Recuerde que debe tener una cuenta activa uniandes para acceder a la plataforma.<\/p>\n<p>&nbsp;<\/p>\n<p><strong>FONDO \u2013 PUBLICA TUS NUEVOS CONOCIMIENTOS O EXPONE TUS NUEVAS CREACIONES<\/strong><\/p>\n<p><u>Instructivo para la asignaci\u00f3n de recursos destinados a la generaci\u00f3n de un producto de nuevo conocimiento.<\/u><\/p>\n<table>\n<tbody>\n<tr>\n<td width=\"120\"><strong>DATOS<\/strong><\/td>\n<td width=\"587\"><strong>\u00a0<\/strong><\/td>\n<\/tr>\n<tr>\n<td width=\"120\"><strong>Nombre<\/strong><\/td>\n<td width=\"587\">CI-001 &#8211; PUBLICA TUS NUEVOS CONOCIMIENTOS O EXPONE TUS NUEVAS CREACIONES<\/td>\n<\/tr>\n<tr>\n<td width=\"120\"><strong>A quien va dirigido<\/strong><\/td>\n<td width=\"587\">Profesores de planta Universidad de los Andes<\/td>\n<\/tr>\n<tr>\n<td width=\"120\"><strong>Objetivo<\/strong><\/td>\n<td width=\"587\">Apoyar desde la Vicerrector\u00eda de Investigaci\u00f3n y Creaci\u00f3n la publicaci\u00f3n de art\u00edculos o exposici\u00f3n de creaciones de los profesores de la Universidad de los Andes.<\/td>\n<\/tr>\n<tr>\n<td width=\"120\"><strong>Definiciones<\/strong><\/td>\n<td width=\"587\"><strong>Unidades acad\u00e9micas<\/strong>: Facultades y los centros como CIDER y Escuela de Gobierno.<\/p>\n<p>&nbsp;<\/p>\n<p><strong>Finalizaci\u00f3n de producto<\/strong>: Cualquier producto de nuevo conocimiento o creaci\u00f3n en curso.<\/p>\n<p>Se dar\u00e1 prioridad a los productos que cuenten con una evaluaci\u00f3n por parte de pares y que hayan sido aceptados para su publicaci\u00f3n\/exposici\u00f3n o divulgaci\u00f3n (productos de creaci\u00f3n, curadur\u00edas, proyectos de patrimonio, o reconocidos como productos de creaci\u00f3n por la respectiva facultad). El criterio definitivo es la necesidad de recursos adicionales para la terminaci\u00f3n de dicho producto de nuevo conocimiento.<\/p>\n<p>&nbsp;<\/p>\n<p><strong>Productos de nuevo conocimiento:<\/strong> Son aquellos reconocidos por la Vicerrector\u00eda de Investigaciones de acuerdo con la categorizaci\u00f3n establecida en el documento \u2018La Investigaci\u00f3n en Uniandes<sup>1<\/sup>, que distingue los productos en categor\u00edas, de la siguiente manera:<\/p>\n<p>&nbsp;<\/p>\n<p>(1)\u00a0\u00a0\u00a0 art\u00edculos SCOPUS Q1, Q2 (o sus equivalentes avalados por el decano y aprobados por la Vicerrector\u00eda de investigaciones)<\/p>\n<p>(2)\u00a0\u00a0\u00a0 cap\u00edtulos de libro o libros tipo A o B<\/p>\n<p>(3)\u00a0\u00a0\u00a0 productos de transferencia tipo A o B<\/p>\n<p>productos de creaci\u00f3n tipos A, o B. Se solicitar\u00e1 la informaci\u00f3n correspondiente para determinar si el producto de nuevo conocimiento o creaci\u00f3n pertenece a las categor\u00edas A o B.<\/p>\n<p>&nbsp;<\/td>\n<\/tr>\n<tr>\n<td width=\"120\"><strong>Asignaci\u00f3n<\/strong><\/td>\n<td width=\"587\">Los recursos se repartir\u00e1n en los 4 trimestres.<\/p>\n<p>&nbsp;<\/p>\n<p>El monto m\u00e1ximo a apoyar por Unidad ser\u00e1 definido por la Vicerrector\u00eda de Investigaciones de acuerdo con la disponibilidad presupuestal. La convocatoria estar\u00e1 abierta todo el a\u00f1o con cortes trimestrales.<\/p>\n<p>&nbsp;<\/td>\n<\/tr>\n<tr>\n<td width=\"120\"><strong>Valor y duraci\u00f3n<\/strong><\/td>\n<td width=\"587\">En 2019 la Vicerrector\u00eda dispone de un monto total de <strong>545 SMMLV<\/strong>.<\/p>\n<p>Duraci\u00f3n: 1 a\u00f1o<\/p>\n<p>&nbsp;<\/td>\n<\/tr>\n<tr>\n<td width=\"120\"><strong>Requisitos generales<\/strong><\/td>\n<td width=\"587\">Todo producto debe estar publicado o exhibido durante los pr\u00f3ximos 12 meses despu\u00e9s de la aprobaci\u00f3n de los fondos. Si no se cumplen los compromisos adquiridos, el profesor ser\u00e1 excluido de apoyo financiero de la Vicerrector\u00eda de Investigaci\u00f3n por los siguientes dos a\u00f1os. Es necesario que los productos sean registrados en la plataforma Academia.<\/p>\n<p>&nbsp;<\/p>\n<p><u>Cada profesor o grupo de profesores puede presentar una \u00fanica solicitud.<\/u><\/p>\n<p>&nbsp;<\/p>\n<p>Deben presentar la siguiente informaci\u00f3n\/documentaci\u00f3n:<\/p>\n<p>&nbsp;<\/p>\n<p>1.\u00a0\u00a0\u00a0\u00a0\u00a0\u00a0 Abstract\/t\u00edtulo y descripci\u00f3n del producto, nombres de co-autores y sus respectivas afiliaciones institucionales.<\/p>\n<p>2.\u00a0\u00a0\u00a0\u00a0\u00a0\u00a0 Nombre del proyecto de investigaci\u00f3n o l\u00ednea de investigaci\u00f3n relacionada.<\/p>\n<p>3.\u00a0\u00a0\u00a0\u00a0\u00a0\u00a0 Nombre de revista\/editorial\/lugar\/entidad (caso de patentes) donde se pretende publicar o exponer el producto.<\/p>\n<p>4.\u00a0\u00a0\u00a0\u00a0\u00a0\u00a0 En caso de existir, carta de aceptaci\u00f3n o evaluaci\u00f3n del producto por parte de pares que define que el producto est\u00e1 apto para la publicaci\u00f3n\/exposici\u00f3n, pero sujeto a revisi\u00f3n.<\/p>\n<p>5.\u00a0\u00a0\u00a0\u00a0\u00a0\u00a0 Presupuesto necesario para alcanzar la meta de publicaci\u00f3n con justificaci\u00f3n de los gastos con detalles de lo que se quiere solicitar\/adquirir con los recursos adjuntando un presupuesto, las cotizaciones en caso de compra de materiales o servicios y las justificaciones de las compras o solicitudes. Es importante justificar c\u00f3mo una compra de un reactivo o equipo, un viaje, etc. contribuir\u00e1n al desarrollo del producto de nuevo conocimiento y por qu\u00e9 se solicitan los recursos extra a la vicerrector\u00eda y no se asignan con las bolsas de investigaci\u00f3n.<\/p>\n<p>6.\u00a0\u00a0\u00a0\u00a0\u00a0\u00a0 Carta de aval del Decano\/Director (para el caso de EGOB \u2013 CIDER)<\/p>\n<p>Para realizar la aplicaci\u00f3n, la Vicerrector\u00eda de Investigaci\u00f3n &#8211; Creaci\u00f3n ha dispuesto un formulario web donde pueden diligenciar la informaci\u00f3n solicitada y anexar los documentos correspondientes. El diligenciamiento de este formulario ser\u00e1 el \u00fanico mecanismo aceptado para participar, y es responsabilidad del investigador principal el diligenciamiento del mismo.<\/p>\n<p>&nbsp;<\/p>\n<p>El Formulario \u00danico para la convocatoria se enviar\u00e1 a sus correos electr\u00f3nicos el viernes 5 de abril 2019<\/p>\n<p>&nbsp;<\/td>\n<\/tr>\n<tr>\n<td width=\"120\"><strong>Criterios de evaluaci\u00f3n<\/strong><\/td>\n<td width=\"587\"><strong>U<\/strong>na vez recibidas las propuestas, la Vicerrector\u00eda proceder\u00e1 a evaluarlas y en caso de ser necesario remitir\u00e1 las propuestas a pares para identificar la pertinencia de los productos comprometidos. Los proyectos aprobados ser\u00e1n comunicados al mes siguiente de su presentaci\u00f3n.<\/td>\n<\/tr>\n<tr>\n<td width=\"120\"><strong>Cronograma<\/strong><\/td>\n<td width=\"587\">Los cortes ser\u00e1n el 30 de junio, 30 de septiembre y 15 de diciembre. El formulario de aplicaci\u00f3n debe ser diligenciado 15 d\u00edas antes del corte para ser considerado en el trimestre respectivo.<\/p>\n<p>&nbsp;<\/td>\n<\/tr>\n<tr>\n<td width=\"120\"><strong>Rubros aprobados y monto a financiar:\u00a0 <\/strong><\/td>\n<td width=\"587\">\u00b7\u00a0\u00a0\u00a0\u00a0\u00a0\u00a0\u00a0\u00a0 Contrataci\u00f3n de personal temporal por un m\u00e1ximo de 4 meses que apoye la obtenci\u00f3n del producto (monitores de investigaci\u00f3n, asistentes graduados de investigaci\u00f3n o profesionales de investigaci\u00f3n)<\/p>\n<p>\u00b7\u00a0\u00a0\u00a0\u00a0\u00a0\u00a0\u00a0\u00a0 Viajes de profesores y estudiantes de posgrado en el caso que argumente la necesidad de recopilaci\u00f3n de datos adicionales. No se financian viajes a conferencias, congresos o socios del proyecto.<\/p>\n<p>\u00b7\u00a0\u00a0\u00a0\u00a0\u00a0\u00a0\u00a0\u00a0 Compras de materiales, servicios t\u00e9cnicos, contrataci\u00f3n de encuestas,<\/p>\n<p>\u00b7\u00a0\u00a0\u00a0\u00a0\u00a0\u00a0\u00a0\u00a0 Edici\u00f3n de texto, traducciones, gastos de publicaci\u00f3n (open Access).<\/p>\n<p>\u00b7\u00a0\u00a0\u00a0\u00a0\u00a0\u00a0\u00a0\u00a0 Alquiler de espacios.<\/p>\n<p>Los rubros a financiar no incluyen bonificaciones, matriculas, compra o alquiler de software\/hardware, ni pagos de matr\u00edculas. El monto m\u00e1ximo a financiar por profesor es de $15.000.000. Los recursos asignados a los proyectos deber\u00e1n ejecutarse dentro de la misma vigencia presupuestal.<\/p>\n<p>&nbsp;<\/td>\n<\/tr>\n<\/tbody>\n<\/table>\n<p>[\/vc_column_text][\/vc_column][\/vc_row]<\/p>\n<\/div>","protected":false},"excerpt":{"rendered":"<p>[vc_row][vc_column][vc_column_text]Anualmente la Vicerrector\u00eda de Investigaciones tiene un presupuesto que asigna a la generaci\u00f3n de productos de nuevo conocimiento. En 2021 la Vicerrector\u00eda dispone de un monto inicial de $300.000.000. La forma de conceder los recursos es con una bolsa trimestral la cual se ira asignando de acuerdo con las solicitudes recibidas en orden de aplicaci\u00f3n. [&hellip;]<\/p>\n","protected":false},"author":1,"featured_media":0,"parent":6109,"menu_order":0,"comment_status":"closed","ping_status":"closed","template":"","meta":{"footnotes":""},"class_list":["post-6126","page","type-page","status-publish","hentry"],"yoast_head":"<!-- This site is optimized with the Yoast SEO plugin v27.3 - https:\/\/yoast.com\/product\/yoast-seo-wordpress\/ -->\n<title>Convocatoria Publica y exp\u00f3n - Centro de Investigaci\u00f3n y Creaci\u00f3n - Facultad de Artes y Humanidades - Universidad de los Andes<\/title>\n<meta name=\"robots\" content=\"noindex, follow, max-snippet:-1, max-image-preview:large, max-video-preview:-1\" \/>\n<meta property=\"og:locale\" content=\"es_ES\" \/>\n<meta property=\"og:type\" content=\"article\" \/>\n<meta property=\"og:title\" content=\"Convocatoria Publica y exp\u00f3n - Centro de Investigaci\u00f3n y Creaci\u00f3n - Facultad de Artes y Humanidades - Universidad de los Andes\" \/>\n<meta property=\"og:description\" content=\"[vc_row][vc_column][vc_column_text]Anualmente la Vicerrector\u00eda de Investigaciones tiene un presupuesto que asigna a la generaci\u00f3n de productos de nuevo conocimiento. En 2021 la Vicerrector\u00eda dispone de un monto inicial de $300.000.000. La forma de conceder los recursos es con una bolsa trimestral la cual se ira asignando de acuerdo con las solicitudes recibidas en orden de aplicaci\u00f3n. [&hellip;]\" \/>\n<meta property=\"og:url\" content=\"https:\/\/facartes.uniandes.edu.co\/cic\/convocatorias\/vicerrectoria\/publica-expon\/\" \/>\n<meta property=\"og:site_name\" content=\"Centro de Investigaci\u00f3n y Creaci\u00f3n - Facultad de Artes y Humanidades - Universidad de los Andes\" \/>\n<meta property=\"article:modified_time\" content=\"2025-02-10T14:18:19+00:00\" \/>\n<meta property=\"og:image\" content=\"https:\/\/facartes.uniandes.edu.co\/cic\/files\/2021\/05\/publicayexpon-convocatoria-odp-uniandes-1024x640.png\" \/>\n\t<meta property=\"og:image:width\" content=\"1024\" \/>\n\t<meta property=\"og:image:height\" content=\"640\" \/>\n\t<meta property=\"og:image:type\" content=\"image\/png\" \/>\n<meta name=\"twitter:card\" content=\"summary_large_image\" \/>\n<meta name=\"twitter:label1\" content=\"Tiempo de lectura\" \/>\n\t<meta name=\"twitter:data1\" content=\"5 minutos\" \/>\n<script type=\"application\/ld+json\" class=\"yoast-schema-graph\">{\"@context\":\"https:\\\/\\\/schema.org\",\"@graph\":[{\"@type\":\"WebPage\",\"@id\":\"https:\\\/\\\/facartes.uniandes.edu.co\\\/cic\\\/convocatorias\\\/vicerrectoria\\\/publica-expon\\\/\",\"url\":\"https:\\\/\\\/facartes.uniandes.edu.co\\\/cic\\\/convocatorias\\\/vicerrectoria\\\/publica-expon\\\/\",\"name\":\"Convocatoria Publica y exp\u00f3n - Centro de Investigaci\u00f3n y Creaci\u00f3n - Facultad de Artes y Humanidades - Universidad de los Andes\",\"isPartOf\":{\"@id\":\"https:\\\/\\\/facartes.uniandes.edu.co\\\/cic\\\/#website\"},\"primaryImageOfPage\":{\"@id\":\"https:\\\/\\\/facartes.uniandes.edu.co\\\/cic\\\/convocatorias\\\/vicerrectoria\\\/publica-expon\\\/#primaryimage\"},\"image\":{\"@id\":\"https:\\\/\\\/facartes.uniandes.edu.co\\\/cic\\\/convocatorias\\\/vicerrectoria\\\/publica-expon\\\/#primaryimage\"},\"thumbnailUrl\":\"https:\\\/\\\/facartes.uniandes.edu.co\\\/cic\\\/files\\\/2021\\\/05\\\/publicayexpon-convocatoria-odp-uniandes-1024x640.png\",\"datePublished\":\"2018-10-17T21:37:02+00:00\",\"dateModified\":\"2025-02-10T14:18:19+00:00\",\"breadcrumb\":{\"@id\":\"https:\\\/\\\/facartes.uniandes.edu.co\\\/cic\\\/convocatorias\\\/vicerrectoria\\\/publica-expon\\\/#breadcrumb\"},\"inLanguage\":\"es\",\"potentialAction\":[{\"@type\":\"ReadAction\",\"target\":[\"https:\\\/\\\/facartes.uniandes.edu.co\\\/cic\\\/convocatorias\\\/vicerrectoria\\\/publica-expon\\\/\"]}]},{\"@type\":\"ImageObject\",\"inLanguage\":\"es\",\"@id\":\"https:\\\/\\\/facartes.uniandes.edu.co\\\/cic\\\/convocatorias\\\/vicerrectoria\\\/publica-expon\\\/#primaryimage\",\"url\":\"https:\\\/\\\/facartes.uniandes.edu.co\\\/cic\\\/files\\\/2021\\\/05\\\/publicayexpon-convocatoria-odp-uniandes.png\",\"contentUrl\":\"https:\\\/\\\/facartes.uniandes.edu.co\\\/cic\\\/files\\\/2021\\\/05\\\/publicayexpon-convocatoria-odp-uniandes.png\",\"width\":1600,\"height\":1000},{\"@type\":\"BreadcrumbList\",\"@id\":\"https:\\\/\\\/facartes.uniandes.edu.co\\\/cic\\\/convocatorias\\\/vicerrectoria\\\/publica-expon\\\/#breadcrumb\",\"itemListElement\":[{\"@type\":\"ListItem\",\"position\":1,\"name\":\"Portada\",\"item\":\"https:\\\/\\\/facartes.uniandes.edu.co\\\/cic\\\/\"},{\"@type\":\"ListItem\",\"position\":2,\"name\":\"Convocatorias\",\"item\":\"https:\\\/\\\/facartes.uniandes.edu.co\\\/cic\\\/convocatorias\\\/\"},{\"@type\":\"ListItem\",\"position\":3,\"name\":\"Convocatorias de la Vicerrector\u00eda de Investigaciones\",\"item\":\"https:\\\/\\\/facartes.uniandes.edu.co\\\/cic\\\/convocatorias\\\/vicerrectoria\\\/\"},{\"@type\":\"ListItem\",\"position\":4,\"name\":\"Convocatoria Publica y exp\u00f3n\"}]},{\"@type\":\"WebSite\",\"@id\":\"https:\\\/\\\/facartes.uniandes.edu.co\\\/cic\\\/#website\",\"url\":\"https:\\\/\\\/facartes.uniandes.edu.co\\\/cic\\\/\",\"name\":\"Centro de Investigaci\u00f3n y Creaci\u00f3n - Facultad de Artes y Humanidades - Universidad de los Andes\",\"description\":\"\",\"potentialAction\":[{\"@type\":\"SearchAction\",\"target\":{\"@type\":\"EntryPoint\",\"urlTemplate\":\"https:\\\/\\\/facartes.uniandes.edu.co\\\/cic\\\/?s={search_term_string}\"},\"query-input\":{\"@type\":\"PropertyValueSpecification\",\"valueRequired\":true,\"valueName\":\"search_term_string\"}}],\"inLanguage\":\"es\"}]}<\/script>\n<!-- \/ Yoast SEO plugin. -->","yoast_head_json":{"title":"Convocatoria Publica y exp\u00f3n - Centro de Investigaci\u00f3n y Creaci\u00f3n - Facultad de Artes y Humanidades - Universidad de los Andes","robots":{"index":"noindex","follow":"follow","max-snippet":"max-snippet:-1","max-image-preview":"max-image-preview:large","max-video-preview":"max-video-preview:-1"},"og_locale":"es_ES","og_type":"article","og_title":"Convocatoria Publica y exp\u00f3n - Centro de Investigaci\u00f3n y Creaci\u00f3n - Facultad de Artes y Humanidades - Universidad de los Andes","og_description":"[vc_row][vc_column][vc_column_text]Anualmente la Vicerrector\u00eda de Investigaciones tiene un presupuesto que asigna a la generaci\u00f3n de productos de nuevo conocimiento. En 2021 la Vicerrector\u00eda dispone de un monto inicial de $300.000.000. La forma de conceder los recursos es con una bolsa trimestral la cual se ira asignando de acuerdo con las solicitudes recibidas en orden de aplicaci\u00f3n. [&hellip;]","og_url":"https:\/\/facartes.uniandes.edu.co\/cic\/convocatorias\/vicerrectoria\/publica-expon\/","og_site_name":"Centro de Investigaci\u00f3n y Creaci\u00f3n - Facultad de Artes y Humanidades - Universidad de los Andes","article_modified_time":"2025-02-10T14:18:19+00:00","og_image":[{"width":1024,"height":640,"url":"https:\/\/facartes.uniandes.edu.co\/cic\/files\/2021\/05\/publicayexpon-convocatoria-odp-uniandes-1024x640.png","type":"image\/png"}],"twitter_card":"summary_large_image","twitter_misc":{"Tiempo de lectura":"5 minutos"},"schema":{"@context":"https:\/\/schema.org","@graph":[{"@type":"WebPage","@id":"https:\/\/facartes.uniandes.edu.co\/cic\/convocatorias\/vicerrectoria\/publica-expon\/","url":"https:\/\/facartes.uniandes.edu.co\/cic\/convocatorias\/vicerrectoria\/publica-expon\/","name":"Convocatoria Publica y exp\u00f3n - Centro de Investigaci\u00f3n y Creaci\u00f3n - Facultad de Artes y Humanidades - Universidad de los Andes","isPartOf":{"@id":"https:\/\/facartes.uniandes.edu.co\/cic\/#website"},"primaryImageOfPage":{"@id":"https:\/\/facartes.uniandes.edu.co\/cic\/convocatorias\/vicerrectoria\/publica-expon\/#primaryimage"},"image":{"@id":"https:\/\/facartes.uniandes.edu.co\/cic\/convocatorias\/vicerrectoria\/publica-expon\/#primaryimage"},"thumbnailUrl":"https:\/\/facartes.uniandes.edu.co\/cic\/files\/2021\/05\/publicayexpon-convocatoria-odp-uniandes-1024x640.png","datePublished":"2018-10-17T21:37:02+00:00","dateModified":"2025-02-10T14:18:19+00:00","breadcrumb":{"@id":"https:\/\/facartes.uniandes.edu.co\/cic\/convocatorias\/vicerrectoria\/publica-expon\/#breadcrumb"},"inLanguage":"es","potentialAction":[{"@type":"ReadAction","target":["https:\/\/facartes.uniandes.edu.co\/cic\/convocatorias\/vicerrectoria\/publica-expon\/"]}]},{"@type":"ImageObject","inLanguage":"es","@id":"https:\/\/facartes.uniandes.edu.co\/cic\/convocatorias\/vicerrectoria\/publica-expon\/#primaryimage","url":"https:\/\/facartes.uniandes.edu.co\/cic\/files\/2021\/05\/publicayexpon-convocatoria-odp-uniandes.png","contentUrl":"https:\/\/facartes.uniandes.edu.co\/cic\/files\/2021\/05\/publicayexpon-convocatoria-odp-uniandes.png","width":1600,"height":1000},{"@type":"BreadcrumbList","@id":"https:\/\/facartes.uniandes.edu.co\/cic\/convocatorias\/vicerrectoria\/publica-expon\/#breadcrumb","itemListElement":[{"@type":"ListItem","position":1,"name":"Portada","item":"https:\/\/facartes.uniandes.edu.co\/cic\/"},{"@type":"ListItem","position":2,"name":"Convocatorias","item":"https:\/\/facartes.uniandes.edu.co\/cic\/convocatorias\/"},{"@type":"ListItem","position":3,"name":"Convocatorias de la Vicerrector\u00eda de Investigaciones","item":"https:\/\/facartes.uniandes.edu.co\/cic\/convocatorias\/vicerrectoria\/"},{"@type":"ListItem","position":4,"name":"Convocatoria Publica y exp\u00f3n"}]},{"@type":"WebSite","@id":"https:\/\/facartes.uniandes.edu.co\/cic\/#website","url":"https:\/\/facartes.uniandes.edu.co\/cic\/","name":"Centro de Investigaci\u00f3n y Creaci\u00f3n - Facultad de Artes y Humanidades - Universidad de los Andes","description":"","potentialAction":[{"@type":"SearchAction","target":{"@type":"EntryPoint","urlTemplate":"https:\/\/facartes.uniandes.edu.co\/cic\/?s={search_term_string}"},"query-input":{"@type":"PropertyValueSpecification","valueRequired":true,"valueName":"search_term_string"}}],"inLanguage":"es"}]}},"_links":{"self":[{"href":"https:\/\/facartes.uniandes.edu.co\/cic\/wp-json\/wp\/v2\/pages\/6126","targetHints":{"allow":["GET"]}}],"collection":[{"href":"https:\/\/facartes.uniandes.edu.co\/cic\/wp-json\/wp\/v2\/pages"}],"about":[{"href":"https:\/\/facartes.uniandes.edu.co\/cic\/wp-json\/wp\/v2\/types\/page"}],"author":[{"embeddable":true,"href":"https:\/\/facartes.uniandes.edu.co\/cic\/wp-json\/wp\/v2\/users\/1"}],"replies":[{"embeddable":true,"href":"https:\/\/facartes.uniandes.edu.co\/cic\/wp-json\/wp\/v2\/comments?post=6126"}],"version-history":[{"count":20,"href":"https:\/\/facartes.uniandes.edu.co\/cic\/wp-json\/wp\/v2\/pages\/6126\/revisions"}],"predecessor-version":[{"id":12773,"href":"https:\/\/facartes.uniandes.edu.co\/cic\/wp-json\/wp\/v2\/pages\/6126\/revisions\/12773"}],"up":[{"embeddable":true,"href":"https:\/\/facartes.uniandes.edu.co\/cic\/wp-json\/wp\/v2\/pages\/6109"}],"wp:attachment":[{"href":"https:\/\/facartes.uniandes.edu.co\/cic\/wp-json\/wp\/v2\/media?parent=6126"}],"curies":[{"name":"wp","href":"https:\/\/api.w.org\/{rel}","templated":true}]}}