{"id":6048,"date":"2018-10-17T12:07:20","date_gmt":"2018-10-17T17:07:20","guid":{"rendered":"https:\/\/facartes.uniandes.edu.co\/cic\/?page_id=6048"},"modified":"2023-05-03T09:54:50","modified_gmt":"2023-05-03T14:54:50","slug":"cic","status":"publish","type":"page","link":"https:\/\/facartes.uniandes.edu.co\/cic\/convocatorias\/cic\/","title":{"rendered":"Convocatorias del CIC"},"content":{"rendered":"<p>Todos los a\u00f1os, el Centro de Investigaci\u00f3n y Creaci\u00f3n lanza convocatorias con el fin de financiar proyectos de investigaci\u00f3n y creaci\u00f3n de los miembros de la Facultad de Artes y Humanidades. Dependiendo de los recursos dispuestos para el a\u00f1o, el CIC una convocatoria base para profesores, la <span style=\"color: #e5a800\"><a style=\"color: #e5a800\" href=\"https:\/\/facartes.uniandes.edu.co\/cic\/convocatorias\/convocatoria-cic\/\" target=\"_blank\" rel=\"noopener\"><strong>Convocatoria CIC<\/strong><\/a><\/span>, dos convocatorias de Est\u00edmulos para proyectos de grado en <span style=\"color: #e5a800\"><strong><a style=\"color: #e5a800\" href=\"https:\/\/facartes.uniandes.edu.co\/cic\/convocatorias\/cic\/apoyos-economicos-para-estudiantes-de-pregrado-2025-1\/\" target=\"_blank\" rel=\"noopener noreferrer\">pregrado<\/a><\/strong><\/span> y <span style=\"color: #e5a800\"><strong><a style=\"color: #e5a800\" href=\"https:\/\/facartes.uniandes.edu.co\/cic\/convocatorias\/cic\/apoyos-economicos-para-estudiantes-de-posgrado-2025-1\/\" target=\"_blank\" rel=\"noopener noreferrer\">posgrado<\/a><\/strong><\/span>, y una convocatoria de Est\u00edmulos para semilleros y estudiantes\u00a0de la Facultad. As\u00ed mismo, y en la medida que dichos recursos lo permitan, el CIC podr\u00e1 abrir otras convocatorias para financiar\u00a0<span style=\"color: #e5a800\"><strong><a style=\"color: #e5a800\" href=\"\/cic?page_id=6098\" target=\"_blank\" rel=\"noopener noreferrer\">traducciones<\/a><\/strong><\/span>\u00a0y <span style=\"color: #e5a800\"><strong><a style=\"color: #e5a800\" href=\"\/cic?page_id=11700\" target=\"_blank\" rel=\"noopener noreferrer\">viajes de investigaci\u00f3n<\/a><\/strong><\/span>, as\u00ed como apoyar actividades de <span style=\"color: #e5a800\"><a style=\"color: #e5a800\" href=\"https:\/\/facartes.uniandes.edu.co\/cic\/convocatorias\/cic\/catedra\/\" target=\"_blank\" rel=\"noopener\"><strong>investigaci\u00f3n de los profesores de c\u00e1tedra<\/strong><\/a><\/span> y otras iniciativas que impulsen la producci\u00f3n de nuevo conocimiento en la Facultad.<\/p>\n","protected":false},"excerpt":{"rendered":"<p>Todos los a\u00f1os, el Centro de Investigaci\u00f3n y Creaci\u00f3n lanza convocatorias con el fin de financiar proyectos de investigaci\u00f3n y creaci\u00f3n de los miembros de la Facultad de Artes y Humanidades. Dependiendo de los recursos dispuestos para el a\u00f1o, el CIC una convocatoria base para profesores, la Convocatoria CIC, dos convocatorias de Est\u00edmulos para proyectos [&hellip;]<\/p>\n","protected":false},"author":1,"featured_media":0,"parent":6174,"menu_order":0,"comment_status":"closed","ping_status":"closed","template":"","meta":{"footnotes":""},"class_list":["post-6048","page","type-page","status-publish","hentry"],"yoast_head":"<!-- This site is optimized with the Yoast SEO plugin v27.2 - https:\/\/yoast.com\/product\/yoast-seo-wordpress\/ -->\n<title>Convocatorias del CIC - Centro de Investigaci\u00f3n y Creaci\u00f3n - Facultad de Artes y Humanidades - Universidad de los Andes<\/title>\n<meta name=\"robots\" content=\"noindex, follow, max-snippet:-1, max-image-preview:large, max-video-preview:-1\" \/>\n<meta property=\"og:locale\" content=\"es_ES\" \/>\n<meta property=\"og:type\" content=\"article\" \/>\n<meta property=\"og:title\" content=\"Convocatorias del CIC - Centro de Investigaci\u00f3n y Creaci\u00f3n - Facultad de Artes y Humanidades - Universidad de los Andes\" \/>\n<meta property=\"og:description\" content=\"Todos los a\u00f1os, el Centro de Investigaci\u00f3n y Creaci\u00f3n lanza convocatorias con el fin de financiar proyectos de investigaci\u00f3n y creaci\u00f3n de los miembros de la Facultad de Artes y Humanidades. Dependiendo de los recursos dispuestos para el a\u00f1o, el CIC una convocatoria base para profesores, la Convocatoria CIC, dos convocatorias de Est\u00edmulos para proyectos [&hellip;]\" \/>\n<meta property=\"og:url\" content=\"https:\/\/facartes.uniandes.edu.co\/cic\/convocatorias\/cic\/\" \/>\n<meta property=\"og:site_name\" content=\"Centro de Investigaci\u00f3n y Creaci\u00f3n - Facultad de Artes y Humanidades - Universidad de los Andes\" \/>\n<meta property=\"article:modified_time\" content=\"2023-05-03T14:54:50+00:00\" \/>\n<meta name=\"twitter:card\" content=\"summary_large_image\" \/>\n<meta name=\"twitter:label1\" content=\"Tiempo de lectura\" \/>\n\t<meta name=\"twitter:data1\" content=\"1 minuto\" \/>\n<script type=\"application\/ld+json\" class=\"yoast-schema-graph\">{\"@context\":\"https:\/\/schema.org\",\"@graph\":[{\"@type\":\"WebPage\",\"@id\":\"https:\/\/facartes.uniandes.edu.co\/cic\/convocatorias\/cic\/\",\"url\":\"https:\/\/facartes.uniandes.edu.co\/cic\/convocatorias\/cic\/\",\"name\":\"Convocatorias del CIC - Centro de Investigaci\u00f3n y Creaci\u00f3n - Facultad de Artes y Humanidades - Universidad de los Andes\",\"isPartOf\":{\"@id\":\"https:\/\/facartes.uniandes.edu.co\/cic\/#website\"},\"datePublished\":\"2018-10-17T17:07:20+00:00\",\"dateModified\":\"2023-05-03T14:54:50+00:00\",\"breadcrumb\":{\"@id\":\"https:\/\/facartes.uniandes.edu.co\/cic\/convocatorias\/cic\/#breadcrumb\"},\"inLanguage\":\"es\",\"potentialAction\":[{\"@type\":\"ReadAction\",\"target\":[\"https:\/\/facartes.uniandes.edu.co\/cic\/convocatorias\/cic\/\"]}]},{\"@type\":\"BreadcrumbList\",\"@id\":\"https:\/\/facartes.uniandes.edu.co\/cic\/convocatorias\/cic\/#breadcrumb\",\"itemListElement\":[{\"@type\":\"ListItem\",\"position\":1,\"name\":\"Portada\",\"item\":\"https:\/\/facartes.uniandes.edu.co\/cic\/\"},{\"@type\":\"ListItem\",\"position\":2,\"name\":\"Convocatorias\",\"item\":\"https:\/\/facartes.uniandes.edu.co\/cic\/convocatorias\/\"},{\"@type\":\"ListItem\",\"position\":3,\"name\":\"Convocatorias del CIC\"}]},{\"@type\":\"WebSite\",\"@id\":\"https:\/\/facartes.uniandes.edu.co\/cic\/#website\",\"url\":\"https:\/\/facartes.uniandes.edu.co\/cic\/\",\"name\":\"Centro de Investigaci\u00f3n y Creaci\u00f3n - Facultad de Artes y Humanidades - Universidad de los Andes\",\"description\":\"\",\"potentialAction\":[{\"@type\":\"SearchAction\",\"target\":{\"@type\":\"EntryPoint\",\"urlTemplate\":\"https:\/\/facartes.uniandes.edu.co\/cic\/?s={search_term_string}\"},\"query-input\":{\"@type\":\"PropertyValueSpecification\",\"valueRequired\":true,\"valueName\":\"search_term_string\"}}],\"inLanguage\":\"es\"}]}<\/script>\n<!-- \/ Yoast SEO plugin. -->","yoast_head_json":{"title":"Convocatorias del CIC - Centro de Investigaci\u00f3n y Creaci\u00f3n - Facultad de Artes y Humanidades - Universidad de los Andes","robots":{"index":"noindex","follow":"follow","max-snippet":"max-snippet:-1","max-image-preview":"max-image-preview:large","max-video-preview":"max-video-preview:-1"},"og_locale":"es_ES","og_type":"article","og_title":"Convocatorias del CIC - Centro de Investigaci\u00f3n y Creaci\u00f3n - Facultad de Artes y Humanidades - Universidad de los Andes","og_description":"Todos los a\u00f1os, el Centro de Investigaci\u00f3n y Creaci\u00f3n lanza convocatorias con el fin de financiar proyectos de investigaci\u00f3n y creaci\u00f3n de los miembros de la Facultad de Artes y Humanidades. Dependiendo de los recursos dispuestos para el a\u00f1o, el CIC una convocatoria base para profesores, la Convocatoria CIC, dos convocatorias de Est\u00edmulos para proyectos [&hellip;]","og_url":"https:\/\/facartes.uniandes.edu.co\/cic\/convocatorias\/cic\/","og_site_name":"Centro de Investigaci\u00f3n y Creaci\u00f3n - Facultad de Artes y Humanidades - Universidad de los Andes","article_modified_time":"2023-05-03T14:54:50+00:00","twitter_card":"summary_large_image","twitter_misc":{"Tiempo de lectura":"1 minuto"},"schema":{"@context":"https:\/\/schema.org","@graph":[{"@type":"WebPage","@id":"https:\/\/facartes.uniandes.edu.co\/cic\/convocatorias\/cic\/","url":"https:\/\/facartes.uniandes.edu.co\/cic\/convocatorias\/cic\/","name":"Convocatorias del CIC - Centro de Investigaci\u00f3n y Creaci\u00f3n - Facultad de Artes y Humanidades - Universidad de los Andes","isPartOf":{"@id":"https:\/\/facartes.uniandes.edu.co\/cic\/#website"},"datePublished":"2018-10-17T17:07:20+00:00","dateModified":"2023-05-03T14:54:50+00:00","breadcrumb":{"@id":"https:\/\/facartes.uniandes.edu.co\/cic\/convocatorias\/cic\/#breadcrumb"},"inLanguage":"es","potentialAction":[{"@type":"ReadAction","target":["https:\/\/facartes.uniandes.edu.co\/cic\/convocatorias\/cic\/"]}]},{"@type":"BreadcrumbList","@id":"https:\/\/facartes.uniandes.edu.co\/cic\/convocatorias\/cic\/#breadcrumb","itemListElement":[{"@type":"ListItem","position":1,"name":"Portada","item":"https:\/\/facartes.uniandes.edu.co\/cic\/"},{"@type":"ListItem","position":2,"name":"Convocatorias","item":"https:\/\/facartes.uniandes.edu.co\/cic\/convocatorias\/"},{"@type":"ListItem","position":3,"name":"Convocatorias del CIC"}]},{"@type":"WebSite","@id":"https:\/\/facartes.uniandes.edu.co\/cic\/#website","url":"https:\/\/facartes.uniandes.edu.co\/cic\/","name":"Centro de Investigaci\u00f3n y Creaci\u00f3n - Facultad de Artes y Humanidades - Universidad de los Andes","description":"","potentialAction":[{"@type":"SearchAction","target":{"@type":"EntryPoint","urlTemplate":"https:\/\/facartes.uniandes.edu.co\/cic\/?s={search_term_string}"},"query-input":{"@type":"PropertyValueSpecification","valueRequired":true,"valueName":"search_term_string"}}],"inLanguage":"es"}]}},"_links":{"self":[{"href":"https:\/\/facartes.uniandes.edu.co\/cic\/wp-json\/wp\/v2\/pages\/6048","targetHints":{"allow":["GET"]}}],"collection":[{"href":"https:\/\/facartes.uniandes.edu.co\/cic\/wp-json\/wp\/v2\/pages"}],"about":[{"href":"https:\/\/facartes.uniandes.edu.co\/cic\/wp-json\/wp\/v2\/types\/page"}],"author":[{"embeddable":true,"href":"https:\/\/facartes.uniandes.edu.co\/cic\/wp-json\/wp\/v2\/users\/1"}],"replies":[{"embeddable":true,"href":"https:\/\/facartes.uniandes.edu.co\/cic\/wp-json\/wp\/v2\/comments?post=6048"}],"version-history":[{"count":9,"href":"https:\/\/facartes.uniandes.edu.co\/cic\/wp-json\/wp\/v2\/pages\/6048\/revisions"}],"predecessor-version":[{"id":11714,"href":"https:\/\/facartes.uniandes.edu.co\/cic\/wp-json\/wp\/v2\/pages\/6048\/revisions\/11714"}],"up":[{"embeddable":true,"href":"https:\/\/facartes.uniandes.edu.co\/cic\/wp-json\/wp\/v2\/pages\/6174"}],"wp:attachment":[{"href":"https:\/\/facartes.uniandes.edu.co\/cic\/wp-json\/wp\/v2\/media?parent=6048"}],"curies":[{"name":"wp","href":"https:\/\/api.w.org\/{rel}","templated":true}]}}