{"id":5981,"date":"2018-10-17T08:25:05","date_gmt":"2018-10-17T13:25:05","guid":{"rendered":"https:\/\/facartes.uniandes.edu.co\/cic\/?page_id=5981"},"modified":"2018-10-23T17:01:06","modified_gmt":"2018-10-23T22:01:06","slug":"proyectos-financiados","status":"publish","type":"page","link":"https:\/\/facartes.uniandes.edu.co\/cic\/acerca\/proyectos-financiados\/","title":{"rendered":"Tipos de proyectos financiados por el CIC"},"content":{"rendered":"<ul>\n<li>Proyectos CIC (Convocatoria Cerrada). Se desarrollan de manera interna a la Facultad.<\/li>\n<li>Proyectos FAPA (Fondo de Apoyo a Profesores Asistentes). Se desarrollan en conjunto con la Vicerrector\u00eda de Investigaciones.<\/li>\n<li>Proyectos en las tres l\u00edneas espec\u00edficas de investigaci\u00f3n\/creaci\u00f3n que promueve el CIC: construcci\u00f3n de paz desde las artes, patrimonio cultural y humanidades digitales.<\/li>\n<li>Proyectos de convocatorias internas de la Universidad, como la Convocatoria Conjunta y la Convocatoria Interdisciplinaria (antes Interfacultades). Se desarrollan en conjunto con la Vicerrector\u00eda de Investigaciones.<\/li>\n<li>Proyectos de convocatorias externas a la Universidad. Se desarrollan en conjunto con entidades externas y con el apoyo de la Vicerrector\u00eda de Investigaciones, as\u00ed como de otras oficinas de la Universidad que pueden estar involucradas seg\u00fan sea el caso.<\/li>\n<\/ul>\n","protected":false},"excerpt":{"rendered":"<p>Proyectos CIC (Convocatoria Cerrada). Se desarrollan de manera interna a la Facultad. Proyectos FAPA (Fondo de Apoyo a Profesores Asistentes). Se desarrollan en conjunto con la Vicerrector\u00eda de Investigaciones. Proyectos en las tres l\u00edneas espec\u00edficas de investigaci\u00f3n\/creaci\u00f3n que promueve el CIC: construcci\u00f3n de paz desde las artes, patrimonio cultural y humanidades digitales. Proyectos de convocatorias [&hellip;]<\/p>\n","protected":false},"author":1,"featured_media":0,"parent":5917,"menu_order":0,"comment_status":"closed","ping_status":"closed","template":"","meta":{"footnotes":""},"class_list":["post-5981","page","type-page","status-publish","hentry"],"yoast_head":"<!-- This site is optimized with the Yoast SEO plugin v27.3 - https:\/\/yoast.com\/product\/yoast-seo-wordpress\/ -->\n<title>Tipos de proyectos financiados por el CIC - Centro de Investigaci\u00f3n y Creaci\u00f3n - Facultad de Artes y Humanidades - Universidad de los Andes<\/title>\n<meta name=\"robots\" content=\"noindex, follow, max-snippet:-1, max-image-preview:large, max-video-preview:-1\" \/>\n<meta property=\"og:locale\" content=\"es_ES\" \/>\n<meta property=\"og:type\" content=\"article\" \/>\n<meta property=\"og:title\" content=\"Tipos de proyectos financiados por el CIC - Centro de Investigaci\u00f3n y Creaci\u00f3n - Facultad de Artes y Humanidades - Universidad de los Andes\" \/>\n<meta property=\"og:description\" content=\"Proyectos CIC (Convocatoria Cerrada). Se desarrollan de manera interna a la Facultad. Proyectos FAPA (Fondo de Apoyo a Profesores Asistentes). Se desarrollan en conjunto con la Vicerrector\u00eda de Investigaciones. Proyectos en las tres l\u00edneas espec\u00edficas de investigaci\u00f3n\/creaci\u00f3n que promueve el CIC: construcci\u00f3n de paz desde las artes, patrimonio cultural y humanidades digitales. Proyectos de convocatorias [&hellip;]\" \/>\n<meta property=\"og:url\" content=\"https:\/\/facartes.uniandes.edu.co\/cic\/acerca\/proyectos-financiados\/\" \/>\n<meta property=\"og:site_name\" content=\"Centro de Investigaci\u00f3n y Creaci\u00f3n - Facultad de Artes y Humanidades - Universidad de los Andes\" \/>\n<meta property=\"article:modified_time\" content=\"2018-10-23T22:01:06+00:00\" \/>\n<meta name=\"twitter:card\" content=\"summary_large_image\" \/>\n<meta name=\"twitter:label1\" content=\"Tiempo de lectura\" \/>\n\t<meta name=\"twitter:data1\" content=\"1 minuto\" \/>\n<script type=\"application\/ld+json\" class=\"yoast-schema-graph\">{\"@context\":\"https:\\\/\\\/schema.org\",\"@graph\":[{\"@type\":\"WebPage\",\"@id\":\"https:\\\/\\\/facartes.uniandes.edu.co\\\/cic\\\/acerca\\\/proyectos-financiados\\\/\",\"url\":\"https:\\\/\\\/facartes.uniandes.edu.co\\\/cic\\\/acerca\\\/proyectos-financiados\\\/\",\"name\":\"Tipos de proyectos financiados por el CIC - Centro de Investigaci\u00f3n y Creaci\u00f3n - Facultad de Artes y Humanidades - Universidad de los Andes\",\"isPartOf\":{\"@id\":\"https:\\\/\\\/facartes.uniandes.edu.co\\\/cic\\\/#website\"},\"datePublished\":\"2018-10-17T13:25:05+00:00\",\"dateModified\":\"2018-10-23T22:01:06+00:00\",\"breadcrumb\":{\"@id\":\"https:\\\/\\\/facartes.uniandes.edu.co\\\/cic\\\/acerca\\\/proyectos-financiados\\\/#breadcrumb\"},\"inLanguage\":\"es\",\"potentialAction\":[{\"@type\":\"ReadAction\",\"target\":[\"https:\\\/\\\/facartes.uniandes.edu.co\\\/cic\\\/acerca\\\/proyectos-financiados\\\/\"]}]},{\"@type\":\"BreadcrumbList\",\"@id\":\"https:\\\/\\\/facartes.uniandes.edu.co\\\/cic\\\/acerca\\\/proyectos-financiados\\\/#breadcrumb\",\"itemListElement\":[{\"@type\":\"ListItem\",\"position\":1,\"name\":\"Portada\",\"item\":\"https:\\\/\\\/facartes.uniandes.edu.co\\\/cic\\\/\"},{\"@type\":\"ListItem\",\"position\":2,\"name\":\"Centro de Investigaci\u00f3n y Creaci\u00f3n\",\"item\":\"https:\\\/\\\/facartes.uniandes.edu.co\\\/cic\\\/acerca\\\/\"},{\"@type\":\"ListItem\",\"position\":3,\"name\":\"Tipos de proyectos financiados por el CIC\"}]},{\"@type\":\"WebSite\",\"@id\":\"https:\\\/\\\/facartes.uniandes.edu.co\\\/cic\\\/#website\",\"url\":\"https:\\\/\\\/facartes.uniandes.edu.co\\\/cic\\\/\",\"name\":\"Centro de Investigaci\u00f3n y Creaci\u00f3n - Facultad de Artes y Humanidades - Universidad de los Andes\",\"description\":\"\",\"potentialAction\":[{\"@type\":\"SearchAction\",\"target\":{\"@type\":\"EntryPoint\",\"urlTemplate\":\"https:\\\/\\\/facartes.uniandes.edu.co\\\/cic\\\/?s={search_term_string}\"},\"query-input\":{\"@type\":\"PropertyValueSpecification\",\"valueRequired\":true,\"valueName\":\"search_term_string\"}}],\"inLanguage\":\"es\"}]}<\/script>\n<!-- \/ Yoast SEO plugin. -->","yoast_head_json":{"title":"Tipos de proyectos financiados por el CIC - Centro de Investigaci\u00f3n y Creaci\u00f3n - Facultad de Artes y Humanidades - Universidad de los Andes","robots":{"index":"noindex","follow":"follow","max-snippet":"max-snippet:-1","max-image-preview":"max-image-preview:large","max-video-preview":"max-video-preview:-1"},"og_locale":"es_ES","og_type":"article","og_title":"Tipos de proyectos financiados por el CIC - Centro de Investigaci\u00f3n y Creaci\u00f3n - Facultad de Artes y Humanidades - Universidad de los Andes","og_description":"Proyectos CIC (Convocatoria Cerrada). Se desarrollan de manera interna a la Facultad. Proyectos FAPA (Fondo de Apoyo a Profesores Asistentes). Se desarrollan en conjunto con la Vicerrector\u00eda de Investigaciones. Proyectos en las tres l\u00edneas espec\u00edficas de investigaci\u00f3n\/creaci\u00f3n que promueve el CIC: construcci\u00f3n de paz desde las artes, patrimonio cultural y humanidades digitales. Proyectos de convocatorias [&hellip;]","og_url":"https:\/\/facartes.uniandes.edu.co\/cic\/acerca\/proyectos-financiados\/","og_site_name":"Centro de Investigaci\u00f3n y Creaci\u00f3n - Facultad de Artes y Humanidades - Universidad de los Andes","article_modified_time":"2018-10-23T22:01:06+00:00","twitter_card":"summary_large_image","twitter_misc":{"Tiempo de lectura":"1 minuto"},"schema":{"@context":"https:\/\/schema.org","@graph":[{"@type":"WebPage","@id":"https:\/\/facartes.uniandes.edu.co\/cic\/acerca\/proyectos-financiados\/","url":"https:\/\/facartes.uniandes.edu.co\/cic\/acerca\/proyectos-financiados\/","name":"Tipos de proyectos financiados por el CIC - Centro de Investigaci\u00f3n y Creaci\u00f3n - Facultad de Artes y Humanidades - Universidad de los Andes","isPartOf":{"@id":"https:\/\/facartes.uniandes.edu.co\/cic\/#website"},"datePublished":"2018-10-17T13:25:05+00:00","dateModified":"2018-10-23T22:01:06+00:00","breadcrumb":{"@id":"https:\/\/facartes.uniandes.edu.co\/cic\/acerca\/proyectos-financiados\/#breadcrumb"},"inLanguage":"es","potentialAction":[{"@type":"ReadAction","target":["https:\/\/facartes.uniandes.edu.co\/cic\/acerca\/proyectos-financiados\/"]}]},{"@type":"BreadcrumbList","@id":"https:\/\/facartes.uniandes.edu.co\/cic\/acerca\/proyectos-financiados\/#breadcrumb","itemListElement":[{"@type":"ListItem","position":1,"name":"Portada","item":"https:\/\/facartes.uniandes.edu.co\/cic\/"},{"@type":"ListItem","position":2,"name":"Centro de Investigaci\u00f3n y Creaci\u00f3n","item":"https:\/\/facartes.uniandes.edu.co\/cic\/acerca\/"},{"@type":"ListItem","position":3,"name":"Tipos de proyectos financiados por el CIC"}]},{"@type":"WebSite","@id":"https:\/\/facartes.uniandes.edu.co\/cic\/#website","url":"https:\/\/facartes.uniandes.edu.co\/cic\/","name":"Centro de Investigaci\u00f3n y Creaci\u00f3n - Facultad de Artes y Humanidades - Universidad de los Andes","description":"","potentialAction":[{"@type":"SearchAction","target":{"@type":"EntryPoint","urlTemplate":"https:\/\/facartes.uniandes.edu.co\/cic\/?s={search_term_string}"},"query-input":{"@type":"PropertyValueSpecification","valueRequired":true,"valueName":"search_term_string"}}],"inLanguage":"es"}]}},"_links":{"self":[{"href":"https:\/\/facartes.uniandes.edu.co\/cic\/wp-json\/wp\/v2\/pages\/5981","targetHints":{"allow":["GET"]}}],"collection":[{"href":"https:\/\/facartes.uniandes.edu.co\/cic\/wp-json\/wp\/v2\/pages"}],"about":[{"href":"https:\/\/facartes.uniandes.edu.co\/cic\/wp-json\/wp\/v2\/types\/page"}],"author":[{"embeddable":true,"href":"https:\/\/facartes.uniandes.edu.co\/cic\/wp-json\/wp\/v2\/users\/1"}],"replies":[{"embeddable":true,"href":"https:\/\/facartes.uniandes.edu.co\/cic\/wp-json\/wp\/v2\/comments?post=5981"}],"version-history":[{"count":2,"href":"https:\/\/facartes.uniandes.edu.co\/cic\/wp-json\/wp\/v2\/pages\/5981\/revisions"}],"predecessor-version":[{"id":6559,"href":"https:\/\/facartes.uniandes.edu.co\/cic\/wp-json\/wp\/v2\/pages\/5981\/revisions\/6559"}],"up":[{"embeddable":true,"href":"https:\/\/facartes.uniandes.edu.co\/cic\/wp-json\/wp\/v2\/pages\/5917"}],"wp:attachment":[{"href":"https:\/\/facartes.uniandes.edu.co\/cic\/wp-json\/wp\/v2\/media?parent=5981"}],"curies":[{"name":"wp","href":"https:\/\/api.w.org\/{rel}","templated":true}]}}