{"id":5979,"date":"2018-10-17T08:20:47","date_gmt":"2018-10-17T13:20:47","guid":{"rendered":"https:\/\/facartes.uniandes.edu.co\/cic\/?page_id=5979"},"modified":"2018-10-23T17:50:37","modified_gmt":"2018-10-23T22:50:37","slug":"actividades","status":"publish","type":"page","link":"https:\/\/facartes.uniandes.edu.co\/cic\/acerca\/actividades\/","title":{"rendered":"Actividades a desarrollar"},"content":{"rendered":"<div class=\"wpb-content-wrapper\"><p>[vc_row][vc_column][vc_column_text]<\/p>\n<ul>\n<li>Simposios y conferencias relacionadas con los proyectos a nivel de Facultad.<\/li>\n<li>Seminarios con investigadores de prestigio nacional e internacional cuyo tema se relacione de forma directa con modos espec\u00edficos de investigaci\u00f3n en las artes y las humanidades.<\/li>\n<li>Organizaci\u00f3n anual de la \u201cSemana de las Artes y las Humanidades\u201d en el campus.<\/li>\n<li>Talleres de formaci\u00f3n profesional: manejo de recursos virtuales y plataformas, obtenci\u00f3n de financiaci\u00f3n externa para investigaci\u00f3n y creaci\u00f3n, publicaciones tradicionales y digitales en humanidades (revistas, blogs, redes sociales).<\/li>\n<li>Difusi\u00f3n de convocatorias nacionales e internacionales para investigaci\u00f3n y creaci\u00f3n. Fomentar la participaci\u00f3n de nuestros profesores en estas convocatorias y apoyarlos en estos procesos.<\/li>\n<li>Creaci\u00f3n de un banco de pares externos que pueda ser utilizado tanto por los investigadores y creadores de la Facultad como por creadores e investigadores externos<\/li>\n<li>Realizaci\u00f3n de la publicaci\u00f3n anual del Centro: un <em>newsletter <\/em>con la informaci\u00f3n del CIC, los proyectos actuales de los profesores en las distintas convocatorias, art\u00edculos acad\u00e9micos sobre temas de artes y humanidades, informaci\u00f3n sobre financiaci\u00f3n para la investigaci\u00f3n y las publicaciones de la La <em>Gaceta CIC <\/em>se publica anualmente desde octubre del 2015.<\/li>\n<\/ul>\n<p>[\/vc_column_text][vc_media_grid grid_id=\u00bbvc_gid:1540335001711-96cae189-f265-6&#8243; include=\u00bb6598,6596,6594,6592,6590,6588&#8243;][\/vc_column][\/vc_row]<\/p>\n<\/div>","protected":false},"excerpt":{"rendered":"<p>[vc_row][vc_column][vc_column_text] Simposios y conferencias relacionadas con los proyectos a nivel de Facultad. Seminarios con investigadores de prestigio nacional e internacional cuyo tema se relacione de forma directa con modos espec\u00edficos de investigaci\u00f3n en las artes y las humanidades. Organizaci\u00f3n anual de la \u201cSemana de las Artes y las Humanidades\u201d en el campus. Talleres de formaci\u00f3n [&hellip;]<\/p>\n","protected":false},"author":1,"featured_media":0,"parent":5917,"menu_order":0,"comment_status":"closed","ping_status":"closed","template":"","meta":{"footnotes":""},"class_list":["post-5979","page","type-page","status-publish","hentry"],"yoast_head":"<!-- This site is optimized with the Yoast SEO plugin v27.3 - https:\/\/yoast.com\/product\/yoast-seo-wordpress\/ -->\n<title>Actividades a desarrollar - Centro de Investigaci\u00f3n y Creaci\u00f3n - Facultad de Artes y Humanidades - Universidad de los Andes<\/title>\n<meta name=\"robots\" content=\"noindex, follow, max-snippet:-1, max-image-preview:large, max-video-preview:-1\" \/>\n<meta property=\"og:locale\" content=\"es_ES\" \/>\n<meta property=\"og:type\" content=\"article\" \/>\n<meta property=\"og:title\" content=\"Actividades a desarrollar - Centro de Investigaci\u00f3n y Creaci\u00f3n - Facultad de Artes y Humanidades - Universidad de los Andes\" \/>\n<meta property=\"og:description\" content=\"[vc_row][vc_column][vc_column_text] Simposios y conferencias relacionadas con los proyectos a nivel de Facultad. Seminarios con investigadores de prestigio nacional e internacional cuyo tema se relacione de forma directa con modos espec\u00edficos de investigaci\u00f3n en las artes y las humanidades. Organizaci\u00f3n anual de la \u201cSemana de las Artes y las Humanidades\u201d en el campus. Talleres de formaci\u00f3n [&hellip;]\" \/>\n<meta property=\"og:url\" content=\"https:\/\/facartes.uniandes.edu.co\/cic\/acerca\/actividades\/\" \/>\n<meta property=\"og:site_name\" content=\"Centro de Investigaci\u00f3n y Creaci\u00f3n - Facultad de Artes y Humanidades - Universidad de los Andes\" \/>\n<meta property=\"article:modified_time\" content=\"2018-10-23T22:50:37+00:00\" \/>\n<meta name=\"twitter:card\" content=\"summary_large_image\" \/>\n<meta name=\"twitter:label1\" content=\"Tiempo de lectura\" \/>\n\t<meta name=\"twitter:data1\" content=\"1 minuto\" \/>\n<script type=\"application\/ld+json\" class=\"yoast-schema-graph\">{\"@context\":\"https:\\\/\\\/schema.org\",\"@graph\":[{\"@type\":\"WebPage\",\"@id\":\"https:\\\/\\\/facartes.uniandes.edu.co\\\/cic\\\/acerca\\\/actividades\\\/\",\"url\":\"https:\\\/\\\/facartes.uniandes.edu.co\\\/cic\\\/acerca\\\/actividades\\\/\",\"name\":\"Actividades a desarrollar - Centro de Investigaci\u00f3n y Creaci\u00f3n - Facultad de Artes y Humanidades - Universidad de los Andes\",\"isPartOf\":{\"@id\":\"https:\\\/\\\/facartes.uniandes.edu.co\\\/cic\\\/#website\"},\"datePublished\":\"2018-10-17T13:20:47+00:00\",\"dateModified\":\"2018-10-23T22:50:37+00:00\",\"breadcrumb\":{\"@id\":\"https:\\\/\\\/facartes.uniandes.edu.co\\\/cic\\\/acerca\\\/actividades\\\/#breadcrumb\"},\"inLanguage\":\"es\",\"potentialAction\":[{\"@type\":\"ReadAction\",\"target\":[\"https:\\\/\\\/facartes.uniandes.edu.co\\\/cic\\\/acerca\\\/actividades\\\/\"]}]},{\"@type\":\"BreadcrumbList\",\"@id\":\"https:\\\/\\\/facartes.uniandes.edu.co\\\/cic\\\/acerca\\\/actividades\\\/#breadcrumb\",\"itemListElement\":[{\"@type\":\"ListItem\",\"position\":1,\"name\":\"Portada\",\"item\":\"https:\\\/\\\/facartes.uniandes.edu.co\\\/cic\\\/\"},{\"@type\":\"ListItem\",\"position\":2,\"name\":\"Centro de Investigaci\u00f3n y Creaci\u00f3n\",\"item\":\"https:\\\/\\\/facartes.uniandes.edu.co\\\/cic\\\/acerca\\\/\"},{\"@type\":\"ListItem\",\"position\":3,\"name\":\"Actividades a desarrollar\"}]},{\"@type\":\"WebSite\",\"@id\":\"https:\\\/\\\/facartes.uniandes.edu.co\\\/cic\\\/#website\",\"url\":\"https:\\\/\\\/facartes.uniandes.edu.co\\\/cic\\\/\",\"name\":\"Centro de Investigaci\u00f3n y Creaci\u00f3n - Facultad de Artes y Humanidades - Universidad de los Andes\",\"description\":\"\",\"potentialAction\":[{\"@type\":\"SearchAction\",\"target\":{\"@type\":\"EntryPoint\",\"urlTemplate\":\"https:\\\/\\\/facartes.uniandes.edu.co\\\/cic\\\/?s={search_term_string}\"},\"query-input\":{\"@type\":\"PropertyValueSpecification\",\"valueRequired\":true,\"valueName\":\"search_term_string\"}}],\"inLanguage\":\"es\"}]}<\/script>\n<!-- \/ Yoast SEO plugin. -->","yoast_head_json":{"title":"Actividades a desarrollar - Centro de Investigaci\u00f3n y Creaci\u00f3n - Facultad de Artes y Humanidades - Universidad de los Andes","robots":{"index":"noindex","follow":"follow","max-snippet":"max-snippet:-1","max-image-preview":"max-image-preview:large","max-video-preview":"max-video-preview:-1"},"og_locale":"es_ES","og_type":"article","og_title":"Actividades a desarrollar - Centro de Investigaci\u00f3n y Creaci\u00f3n - Facultad de Artes y Humanidades - Universidad de los Andes","og_description":"[vc_row][vc_column][vc_column_text] Simposios y conferencias relacionadas con los proyectos a nivel de Facultad. Seminarios con investigadores de prestigio nacional e internacional cuyo tema se relacione de forma directa con modos espec\u00edficos de investigaci\u00f3n en las artes y las humanidades. Organizaci\u00f3n anual de la \u201cSemana de las Artes y las Humanidades\u201d en el campus. Talleres de formaci\u00f3n [&hellip;]","og_url":"https:\/\/facartes.uniandes.edu.co\/cic\/acerca\/actividades\/","og_site_name":"Centro de Investigaci\u00f3n y Creaci\u00f3n - Facultad de Artes y Humanidades - Universidad de los Andes","article_modified_time":"2018-10-23T22:50:37+00:00","twitter_card":"summary_large_image","twitter_misc":{"Tiempo de lectura":"1 minuto"},"schema":{"@context":"https:\/\/schema.org","@graph":[{"@type":"WebPage","@id":"https:\/\/facartes.uniandes.edu.co\/cic\/acerca\/actividades\/","url":"https:\/\/facartes.uniandes.edu.co\/cic\/acerca\/actividades\/","name":"Actividades a desarrollar - Centro de Investigaci\u00f3n y Creaci\u00f3n - Facultad de Artes y Humanidades - Universidad de los Andes","isPartOf":{"@id":"https:\/\/facartes.uniandes.edu.co\/cic\/#website"},"datePublished":"2018-10-17T13:20:47+00:00","dateModified":"2018-10-23T22:50:37+00:00","breadcrumb":{"@id":"https:\/\/facartes.uniandes.edu.co\/cic\/acerca\/actividades\/#breadcrumb"},"inLanguage":"es","potentialAction":[{"@type":"ReadAction","target":["https:\/\/facartes.uniandes.edu.co\/cic\/acerca\/actividades\/"]}]},{"@type":"BreadcrumbList","@id":"https:\/\/facartes.uniandes.edu.co\/cic\/acerca\/actividades\/#breadcrumb","itemListElement":[{"@type":"ListItem","position":1,"name":"Portada","item":"https:\/\/facartes.uniandes.edu.co\/cic\/"},{"@type":"ListItem","position":2,"name":"Centro de Investigaci\u00f3n y Creaci\u00f3n","item":"https:\/\/facartes.uniandes.edu.co\/cic\/acerca\/"},{"@type":"ListItem","position":3,"name":"Actividades a desarrollar"}]},{"@type":"WebSite","@id":"https:\/\/facartes.uniandes.edu.co\/cic\/#website","url":"https:\/\/facartes.uniandes.edu.co\/cic\/","name":"Centro de Investigaci\u00f3n y Creaci\u00f3n - Facultad de Artes y Humanidades - Universidad de los Andes","description":"","potentialAction":[{"@type":"SearchAction","target":{"@type":"EntryPoint","urlTemplate":"https:\/\/facartes.uniandes.edu.co\/cic\/?s={search_term_string}"},"query-input":{"@type":"PropertyValueSpecification","valueRequired":true,"valueName":"search_term_string"}}],"inLanguage":"es"}]}},"_links":{"self":[{"href":"https:\/\/facartes.uniandes.edu.co\/cic\/wp-json\/wp\/v2\/pages\/5979","targetHints":{"allow":["GET"]}}],"collection":[{"href":"https:\/\/facartes.uniandes.edu.co\/cic\/wp-json\/wp\/v2\/pages"}],"about":[{"href":"https:\/\/facartes.uniandes.edu.co\/cic\/wp-json\/wp\/v2\/types\/page"}],"author":[{"embeddable":true,"href":"https:\/\/facartes.uniandes.edu.co\/cic\/wp-json\/wp\/v2\/users\/1"}],"replies":[{"embeddable":true,"href":"https:\/\/facartes.uniandes.edu.co\/cic\/wp-json\/wp\/v2\/comments?post=5979"}],"version-history":[{"count":4,"href":"https:\/\/facartes.uniandes.edu.co\/cic\/wp-json\/wp\/v2\/pages\/5979\/revisions"}],"predecessor-version":[{"id":6604,"href":"https:\/\/facartes.uniandes.edu.co\/cic\/wp-json\/wp\/v2\/pages\/5979\/revisions\/6604"}],"up":[{"embeddable":true,"href":"https:\/\/facartes.uniandes.edu.co\/cic\/wp-json\/wp\/v2\/pages\/5917"}],"wp:attachment":[{"href":"https:\/\/facartes.uniandes.edu.co\/cic\/wp-json\/wp\/v2\/media?parent=5979"}],"curies":[{"name":"wp","href":"https:\/\/api.w.org\/{rel}","templated":true}]}}