{"id":5969,"date":"2018-10-16T20:20:43","date_gmt":"2018-10-17T01:20:43","guid":{"rendered":"https:\/\/facartes.uniandes.edu.co\/cic\/?page_id=5969"},"modified":"2018-10-23T17:51:07","modified_gmt":"2018-10-23T22:51:07","slug":"recursos-financieros","status":"publish","type":"page","link":"https:\/\/facartes.uniandes.edu.co\/cic\/acerca\/recursos-financieros\/","title":{"rendered":"Recursos financieros"},"content":{"rendered":"<div class=\"wpb-content-wrapper\"><p>[vc_row][vc_column][vc_column_text]Por el momento, los recursos del CIC provienen de los aportes de la Facultad y de la Vicerrector\u00eda de Investigaciones de la Universidad. No descartamos a futuro la posibilidad de obtener donaciones de particulares y del sector privado, as\u00ed como competir por dineros en las becas del Estado. Los aportes realizados en la actualidad por la Vicerrector\u00eda de Investigaci\u00f3n son proporcionales a la producci\u00f3n acad\u00e9mica y creativa de los profesores de la Facultad. El CIC, seg\u00fan la disponibilidad de estos recursos, financia o co-financia proyectos de investigaci\u00f3n o creaci\u00f3n que se enmarquen en las disciplinas de la Facultad: arte, historia del arte, m\u00fasica, literatura y periodismo.[\/vc_column_text][vc_single_image image=\u00bb5970&#8243; img_size=\u00bbfull\u00bb alignment=\u00bbcenter\u00bb][vc_column_text]Consulte las Estad\u00edsticas del CIC <span style=\"color: #cc9933;\"><a style=\"color: #cc9933;\" href=\"https:\/\/facartes.uniandes.edu.co\/cic\/acerca\/estadisticas\/\">aqu\u00ed<\/a><\/span>.[\/vc_column_text][\/vc_column][\/vc_row]<\/p>\n<\/div>","protected":false},"excerpt":{"rendered":"<p>[vc_row][vc_column][vc_column_text]Por el momento, los recursos del CIC provienen de los aportes de la Facultad y de la Vicerrector\u00eda de Investigaciones de la Universidad. No descartamos a futuro la posibilidad de obtener donaciones de particulares y del sector privado, as\u00ed como competir por dineros en las becas del Estado. Los aportes realizados en la actualidad por [&hellip;]<\/p>\n","protected":false},"author":1,"featured_media":0,"parent":5917,"menu_order":0,"comment_status":"closed","ping_status":"closed","template":"","meta":{"footnotes":""},"class_list":["post-5969","page","type-page","status-publish","hentry"],"yoast_head":"<!-- This site is optimized with the Yoast SEO plugin v27.3 - https:\/\/yoast.com\/product\/yoast-seo-wordpress\/ -->\n<title>Recursos financieros - Centro de Investigaci\u00f3n y Creaci\u00f3n - Facultad de Artes y Humanidades - Universidad de los Andes<\/title>\n<meta name=\"robots\" content=\"noindex, follow, max-snippet:-1, max-image-preview:large, max-video-preview:-1\" \/>\n<meta property=\"og:locale\" content=\"es_ES\" \/>\n<meta property=\"og:type\" content=\"article\" \/>\n<meta property=\"og:title\" content=\"Recursos financieros - Centro de Investigaci\u00f3n y Creaci\u00f3n - Facultad de Artes y Humanidades - Universidad de los Andes\" \/>\n<meta property=\"og:description\" content=\"[vc_row][vc_column][vc_column_text]Por el momento, los recursos del CIC provienen de los aportes de la Facultad y de la Vicerrector\u00eda de Investigaciones de la Universidad. No descartamos a futuro la posibilidad de obtener donaciones de particulares y del sector privado, as\u00ed como competir por dineros en las becas del Estado. Los aportes realizados en la actualidad por [&hellip;]\" \/>\n<meta property=\"og:url\" content=\"https:\/\/facartes.uniandes.edu.co\/cic\/acerca\/recursos-financieros\/\" \/>\n<meta property=\"og:site_name\" content=\"Centro de Investigaci\u00f3n y Creaci\u00f3n - Facultad de Artes y Humanidades - Universidad de los Andes\" \/>\n<meta property=\"article:modified_time\" content=\"2018-10-23T22:51:07+00:00\" \/>\n<meta name=\"twitter:card\" content=\"summary_large_image\" \/>\n<meta name=\"twitter:label1\" content=\"Tiempo de lectura\" \/>\n\t<meta name=\"twitter:data1\" content=\"1 minuto\" \/>\n<script type=\"application\/ld+json\" class=\"yoast-schema-graph\">{\"@context\":\"https:\\\/\\\/schema.org\",\"@graph\":[{\"@type\":\"WebPage\",\"@id\":\"https:\\\/\\\/facartes.uniandes.edu.co\\\/cic\\\/acerca\\\/recursos-financieros\\\/\",\"url\":\"https:\\\/\\\/facartes.uniandes.edu.co\\\/cic\\\/acerca\\\/recursos-financieros\\\/\",\"name\":\"Recursos financieros - Centro de Investigaci\u00f3n y Creaci\u00f3n - Facultad de Artes y Humanidades - Universidad de los Andes\",\"isPartOf\":{\"@id\":\"https:\\\/\\\/facartes.uniandes.edu.co\\\/cic\\\/#website\"},\"datePublished\":\"2018-10-17T01:20:43+00:00\",\"dateModified\":\"2018-10-23T22:51:07+00:00\",\"breadcrumb\":{\"@id\":\"https:\\\/\\\/facartes.uniandes.edu.co\\\/cic\\\/acerca\\\/recursos-financieros\\\/#breadcrumb\"},\"inLanguage\":\"es\",\"potentialAction\":[{\"@type\":\"ReadAction\",\"target\":[\"https:\\\/\\\/facartes.uniandes.edu.co\\\/cic\\\/acerca\\\/recursos-financieros\\\/\"]}]},{\"@type\":\"BreadcrumbList\",\"@id\":\"https:\\\/\\\/facartes.uniandes.edu.co\\\/cic\\\/acerca\\\/recursos-financieros\\\/#breadcrumb\",\"itemListElement\":[{\"@type\":\"ListItem\",\"position\":1,\"name\":\"Portada\",\"item\":\"https:\\\/\\\/facartes.uniandes.edu.co\\\/cic\\\/\"},{\"@type\":\"ListItem\",\"position\":2,\"name\":\"Centro de Investigaci\u00f3n y Creaci\u00f3n\",\"item\":\"https:\\\/\\\/facartes.uniandes.edu.co\\\/cic\\\/acerca\\\/\"},{\"@type\":\"ListItem\",\"position\":3,\"name\":\"Recursos financieros\"}]},{\"@type\":\"WebSite\",\"@id\":\"https:\\\/\\\/facartes.uniandes.edu.co\\\/cic\\\/#website\",\"url\":\"https:\\\/\\\/facartes.uniandes.edu.co\\\/cic\\\/\",\"name\":\"Centro de Investigaci\u00f3n y Creaci\u00f3n - Facultad de Artes y Humanidades - Universidad de los Andes\",\"description\":\"\",\"potentialAction\":[{\"@type\":\"SearchAction\",\"target\":{\"@type\":\"EntryPoint\",\"urlTemplate\":\"https:\\\/\\\/facartes.uniandes.edu.co\\\/cic\\\/?s={search_term_string}\"},\"query-input\":{\"@type\":\"PropertyValueSpecification\",\"valueRequired\":true,\"valueName\":\"search_term_string\"}}],\"inLanguage\":\"es\"}]}<\/script>\n<!-- \/ Yoast SEO plugin. -->","yoast_head_json":{"title":"Recursos financieros - Centro de Investigaci\u00f3n y Creaci\u00f3n - Facultad de Artes y Humanidades - Universidad de los Andes","robots":{"index":"noindex","follow":"follow","max-snippet":"max-snippet:-1","max-image-preview":"max-image-preview:large","max-video-preview":"max-video-preview:-1"},"og_locale":"es_ES","og_type":"article","og_title":"Recursos financieros - Centro de Investigaci\u00f3n y Creaci\u00f3n - Facultad de Artes y Humanidades - Universidad de los Andes","og_description":"[vc_row][vc_column][vc_column_text]Por el momento, los recursos del CIC provienen de los aportes de la Facultad y de la Vicerrector\u00eda de Investigaciones de la Universidad. No descartamos a futuro la posibilidad de obtener donaciones de particulares y del sector privado, as\u00ed como competir por dineros en las becas del Estado. Los aportes realizados en la actualidad por [&hellip;]","og_url":"https:\/\/facartes.uniandes.edu.co\/cic\/acerca\/recursos-financieros\/","og_site_name":"Centro de Investigaci\u00f3n y Creaci\u00f3n - Facultad de Artes y Humanidades - Universidad de los Andes","article_modified_time":"2018-10-23T22:51:07+00:00","twitter_card":"summary_large_image","twitter_misc":{"Tiempo de lectura":"1 minuto"},"schema":{"@context":"https:\/\/schema.org","@graph":[{"@type":"WebPage","@id":"https:\/\/facartes.uniandes.edu.co\/cic\/acerca\/recursos-financieros\/","url":"https:\/\/facartes.uniandes.edu.co\/cic\/acerca\/recursos-financieros\/","name":"Recursos financieros - Centro de Investigaci\u00f3n y Creaci\u00f3n - Facultad de Artes y Humanidades - Universidad de los Andes","isPartOf":{"@id":"https:\/\/facartes.uniandes.edu.co\/cic\/#website"},"datePublished":"2018-10-17T01:20:43+00:00","dateModified":"2018-10-23T22:51:07+00:00","breadcrumb":{"@id":"https:\/\/facartes.uniandes.edu.co\/cic\/acerca\/recursos-financieros\/#breadcrumb"},"inLanguage":"es","potentialAction":[{"@type":"ReadAction","target":["https:\/\/facartes.uniandes.edu.co\/cic\/acerca\/recursos-financieros\/"]}]},{"@type":"BreadcrumbList","@id":"https:\/\/facartes.uniandes.edu.co\/cic\/acerca\/recursos-financieros\/#breadcrumb","itemListElement":[{"@type":"ListItem","position":1,"name":"Portada","item":"https:\/\/facartes.uniandes.edu.co\/cic\/"},{"@type":"ListItem","position":2,"name":"Centro de Investigaci\u00f3n y Creaci\u00f3n","item":"https:\/\/facartes.uniandes.edu.co\/cic\/acerca\/"},{"@type":"ListItem","position":3,"name":"Recursos financieros"}]},{"@type":"WebSite","@id":"https:\/\/facartes.uniandes.edu.co\/cic\/#website","url":"https:\/\/facartes.uniandes.edu.co\/cic\/","name":"Centro de Investigaci\u00f3n y Creaci\u00f3n - Facultad de Artes y Humanidades - Universidad de los Andes","description":"","potentialAction":[{"@type":"SearchAction","target":{"@type":"EntryPoint","urlTemplate":"https:\/\/facartes.uniandes.edu.co\/cic\/?s={search_term_string}"},"query-input":{"@type":"PropertyValueSpecification","valueRequired":true,"valueName":"search_term_string"}}],"inLanguage":"es"}]}},"_links":{"self":[{"href":"https:\/\/facartes.uniandes.edu.co\/cic\/wp-json\/wp\/v2\/pages\/5969","targetHints":{"allow":["GET"]}}],"collection":[{"href":"https:\/\/facartes.uniandes.edu.co\/cic\/wp-json\/wp\/v2\/pages"}],"about":[{"href":"https:\/\/facartes.uniandes.edu.co\/cic\/wp-json\/wp\/v2\/types\/page"}],"author":[{"embeddable":true,"href":"https:\/\/facartes.uniandes.edu.co\/cic\/wp-json\/wp\/v2\/users\/1"}],"replies":[{"embeddable":true,"href":"https:\/\/facartes.uniandes.edu.co\/cic\/wp-json\/wp\/v2\/comments?post=5969"}],"version-history":[{"count":3,"href":"https:\/\/facartes.uniandes.edu.co\/cic\/wp-json\/wp\/v2\/pages\/5969\/revisions"}],"predecessor-version":[{"id":6605,"href":"https:\/\/facartes.uniandes.edu.co\/cic\/wp-json\/wp\/v2\/pages\/5969\/revisions\/6605"}],"up":[{"embeddable":true,"href":"https:\/\/facartes.uniandes.edu.co\/cic\/wp-json\/wp\/v2\/pages\/5917"}],"wp:attachment":[{"href":"https:\/\/facartes.uniandes.edu.co\/cic\/wp-json\/wp\/v2\/media?parent=5969"}],"curies":[{"name":"wp","href":"https:\/\/api.w.org\/{rel}","templated":true}]}}