{"id":5953,"date":"2018-10-16T19:56:47","date_gmt":"2018-10-17T00:56:47","guid":{"rendered":"https:\/\/facartes.uniandes.edu.co\/cic\/?page_id=5953"},"modified":"2018-10-24T14:25:36","modified_gmt":"2018-10-24T19:25:36","slug":"disciplinas-asociadas","status":"publish","type":"page","link":"https:\/\/facartes.uniandes.edu.co\/cic\/acerca\/disciplinas-asociadas\/","title":{"rendered":"Disciplinas asociadas con el Centro"},"content":{"rendered":"<ul>\n<li><strong><strong>Arte:\u00a0<\/strong><\/strong>La creaci\u00f3n art\u00edstica forma parte fundamental de las corrientes de conocimiento de la Facultad de Artes y Humanidades, y es una disciplina reconocida y asociada con nuestro Centro de Investigaci\u00f3n y Creaci\u00f3n. El arte crea objetos y experiencias que son formas de leer e interpretar el mundo, y que as\u00ed generan conocimiento y comentarios sobre los contextos est\u00e9ticos, socioculturales y pol\u00edticos tanto hist\u00f3ricos como contempor\u00e1neos. El Centro de Investigaci\u00f3n y Creaci\u00f3n fomenta la creaci\u00f3n art\u00edstica en diversos formatos, tanto pl\u00e1sticos como audiovisuales, as\u00ed como fomenta tambi\u00e9n la producci\u00f3n museol\u00f3gica y curatorial que pone en di\u00e1logo a la creaci\u00f3n art\u00edstica con sus contextos.<br \/>\n<hr \/>\n<\/li>\n<li><strong><strong>Historia del Arte:\u00a0<\/strong><\/strong>La historia del arte es aquella disciplina que estudia los cambios de significaci\u00f3n y la evoluci\u00f3n est\u00e9tica de los fen\u00f3menos art\u00edsticos. Si entendemos el arte como aquellas actividades, fen\u00f3menos y productos realizados con fines est\u00e9ticos y\/o comunicativos (que pretenden dar cuenta de ideas, sentimientos, conceptos y una visi\u00f3n de los contextos del mundo), la historia del arte es la disciplina que se ocupa de estudiar las maneras en las que estos fen\u00f3menos cambian y evolucionan en el tiempo, y c\u00f3mo evolucionan, tambi\u00e9n, los lenguajes est\u00e9ticos que \u00e9stos utilizan. El Centro de Investigaci\u00f3n y Creaci\u00f3n fomenta el estudio de la historia del arte como una manera de contar y confrontar las diversas maneras en las que se crea conocimiento est\u00e9tico, y sus significados hist\u00f3ricos.<br \/>\n<hr \/>\n<\/li>\n<li><strong><strong>Literatura:\u00a0<\/strong><\/strong>Los estudios literarios se encargan, desde su nacimiento como disciplina a principios del siglo XX, de estudiar el fen\u00f3meno ling\u00fc\u00edstico en la poes\u00eda, las narrativas de ficci\u00f3n, la narraci\u00f3n hist\u00f3rica y otras formas y usos del lenguaje en la literatura. La literatura toma herramientas de la ling\u00fc\u00edstica, los estudios cl\u00e1sicos, la historia, la filosof\u00eda y el conocimiento human\u00edstico en general para generar posturas y reflexiones cr\u00edticas y \u00e9ticas del discurso, en di\u00e1logo con otras disciplinas y el mundo. El Centro de Investigaci\u00f3n y Creaci\u00f3n fomenta los estudios literarios como maneras de entrar en di\u00e1logo con las concepciones y configuraciones del mundo desde el discurso y el lenguaje.<br \/>\n<hr \/>\n<\/li>\n<li><strong><strong>M\u00fasica:\u00a0<\/strong><\/strong>La m\u00fasica, seg\u00fan la entendemos en la actualidad, es la manera en la que se organiza, de manera est\u00e9tica, sensible y l\u00f3gica, una combinaci\u00f3n de sonidos y silencios. La composici\u00f3n musical puede basarse en los tres pilares tradicionales de la melod\u00eda, la armon\u00eda y el ritmo, pero el Centro de Investigaci\u00f3n y Creaci\u00f3n comprende que las maneras de composici\u00f3n musical pueden modificar estos tres pilares o incluso desprenderse totalmente de ellos. La composici\u00f3n y los estudios de la m\u00fasica son una parte fundamental de las maneras de creaci\u00f3n de conocimiento que existen en el Centro de Investigaci\u00f3n y creaci\u00f3n, y comprenden no s\u00f3lo la composici\u00f3n de obras musicales de corte acad\u00e9mico, sino tambi\u00e9n la producci\u00f3n contempor\u00e1nea de m\u00fasica popular, el estudio musicol\u00f3gico e hist\u00f3rico de los fen\u00f3menos sonoros y la interpretaci\u00f3n de obras tanto contempor\u00e1neas como cl\u00e1sicas.<br \/>\n<hr \/>\n<\/li>\n<li><strong><strong>Periodismo:\u00a0<\/strong><\/strong>El periodismo es la actividad de recolectar, procesar y publicar la informaci\u00f3n pertinente \u2014y apegada a la verdad\u2014 sobre hechos actuales, hechos pasados y hechos hist\u00f3ricos. El Centro de Investigaci\u00f3n y Creaci\u00f3n fomenta, no s\u00f3lo la creaci\u00f3n de periodismo cr\u00edtico y responsable, sino tambi\u00e9n la investigaci\u00f3n period\u00edstica y en medios de comunicaci\u00f3n, teniendo presente siempre las formas en las que evoluciona el medio.<br \/>\n<hr \/>\n<\/li>\n<li><strong><strong>Humanidades digitales:\u00a0<\/strong><\/strong>El uso de metodolog\u00edas y herramientas digitales para investigaci\u00f3n, docencia y divulgaci\u00f3n en las humanidades y las ciencias sociales es una tendencia creciente en las academias del mundo. Las bibliotecas, los archivos y los institutos de patrimonio cultural han comenzado a utilizar herramientas digitales para salvaguardar y preservar el conocimiento cultural que custodian. Estos esfuerzos han comenzado a desarrollar investigaciones y recursos digitales que buscan expandir las posibilidades metodol\u00f3gicas y narrativas de las distintas disciplinas de las humanidades. El Centro de Investigaci\u00f3n y Creaci\u00f3n cree que estamos frente a un cambio de paradigma en la manera de registrar el conocimiento igual al cambio de tradici\u00f3n oral a escrita y del c\u00f3dice a la imprenta: el cambio de lo an\u00e1logo a lo digital. Es por esto que fomenta los estudios en humanidades digitales para entender mejor este cambio y para registrar y preservar el conocimiento cultural colombiano.<br \/>\n<hr \/>\n<\/li>\n<li><strong><strong>Artes Esc\u00e9nicas:\u00a0<\/strong><\/strong>Las artes esc\u00e9nicas comprenden la pr\u00e1ctica de cualquier tipo de fen\u00f3meno escenificado: el teatro, la danza, el performance, los happenings y en general, cualquier manifestaci\u00f3n que se lleve a cabo en alg\u00fan tipo de espacio esc\u00e9nico, o que pueda adaptarse de maneras esc\u00e9nicas. El Centro de Investigaci\u00f3n y Creaci\u00f3n considera que la pr\u00e1ctica esc\u00e9nica hace parte de la formaci\u00f3n integral del artista y del humanista, y por esto fomenta la producci\u00f3n esc\u00e9nica.<br \/>\n<hr \/>\n<\/li>\n<li><strong><strong>Patrimonio:\u00a0<\/strong><\/strong>El estudio y la conservaci\u00f3n del patrimonio cultural es una de las l\u00edneas de investigaci\u00f3n del Centro de Investigaci\u00f3n y Creaci\u00f3n, que nace en asocio con la Iniciativa de Patrimonio de la Facultad de Artes y Humanidades, y pretende abordar el estudio, gesti\u00f3n, valoraci\u00f3n, conservaci\u00f3n e investigaci\u00f3n del patrimonio cultural mueble colombiano desde una perspectiva interdisciplinar y con \u00e9nfasis en la activaci\u00f3n social del patrimonio cultural.\n<ul>\n<li><strong>Sobre la Iniciativa de patrimonio:\u00a0<\/strong>Surge como una iniciativa de Facultad para reconocer el valor de las manifestaciones culturales que nos identifican y que pretende integrar a las artes con otras \u00e1reas del conocimiento. El proyecto se enfoca en tres \u00e1reas de trabajo: valoraci\u00f3n, gesti\u00f3n y activaci\u00f3n del patrimonio. Con la primera se busca entender qu\u00e9 es; con la segunda, identificar c\u00f3mo se usa y c\u00f3mo se puede conservar; y con la tercera, lograr su apropiaci\u00f3n social.En asocio con el Ministerio de Cultura, la Facultad ha participado en la elaboraci\u00f3n de planes de manejo y protecci\u00f3n del patrimonio en Ambalema y Mariquita (Tolima), as\u00ed como en la conservaci\u00f3n de la pinacoteca de la parroquia de Mongu\u00ed (Boyac\u00e1). Actualmente, trabaja en la protecci\u00f3n y conservaci\u00f3n del Teatro de Marionetas de Jaime Manzur, que completa m\u00e1s de 60 a\u00f1os de actividades en Bogot\u00e1.\n<p>Tomado de la Iniciativa de Patrimonio. M\u00e1s informaci\u00f3n aqu\u00ed:<\/p>\n<p><span style=\"color: #cc9933;\"><a style=\"color: #cc9933;\" href=\"https:\/\/facartes.uniandes.edu.co\/facultad\/proyectos-transversales\/patrimonio\/\" target=\"_blank\" rel=\"noopener\">https:\/\/facartes.uniandes.edu.co\/facultad\/proyectos-transversales\/patrimonio\/<\/a><\/span><\/li>\n<\/ul>\n<\/li>\n<\/ul>\n","protected":false},"excerpt":{"rendered":"<p>Arte:\u00a0La creaci\u00f3n art\u00edstica forma parte fundamental de las corrientes de conocimiento de la Facultad de Artes y Humanidades, y es una disciplina reconocida y asociada con nuestro Centro de Investigaci\u00f3n y Creaci\u00f3n. El arte crea objetos y experiencias que son formas de leer e interpretar el mundo, y que as\u00ed generan conocimiento y comentarios sobre [&hellip;]<\/p>\n","protected":false},"author":1,"featured_media":0,"parent":5917,"menu_order":0,"comment_status":"closed","ping_status":"closed","template":"","meta":{"footnotes":""},"class_list":["post-5953","page","type-page","status-publish","hentry"],"yoast_head":"<!-- This site is optimized with the Yoast SEO plugin v27.3 - https:\/\/yoast.com\/product\/yoast-seo-wordpress\/ -->\n<title>Disciplinas asociadas con el Centro - Centro de Investigaci\u00f3n y Creaci\u00f3n - Facultad de Artes y Humanidades - Universidad de los Andes<\/title>\n<meta name=\"robots\" content=\"noindex, follow, max-snippet:-1, max-image-preview:large, max-video-preview:-1\" \/>\n<meta property=\"og:locale\" content=\"es_ES\" \/>\n<meta property=\"og:type\" content=\"article\" \/>\n<meta property=\"og:title\" content=\"Disciplinas asociadas con el Centro - Centro de Investigaci\u00f3n y Creaci\u00f3n - Facultad de Artes y Humanidades - Universidad de los Andes\" \/>\n<meta property=\"og:description\" content=\"Arte:\u00a0La creaci\u00f3n art\u00edstica forma parte fundamental de las corrientes de conocimiento de la Facultad de Artes y Humanidades, y es una disciplina reconocida y asociada con nuestro Centro de Investigaci\u00f3n y Creaci\u00f3n. El arte crea objetos y experiencias que son formas de leer e interpretar el mundo, y que as\u00ed generan conocimiento y comentarios sobre [&hellip;]\" \/>\n<meta property=\"og:url\" content=\"https:\/\/facartes.uniandes.edu.co\/cic\/acerca\/disciplinas-asociadas\/\" \/>\n<meta property=\"og:site_name\" content=\"Centro de Investigaci\u00f3n y Creaci\u00f3n - Facultad de Artes y Humanidades - Universidad de los Andes\" \/>\n<meta property=\"article:modified_time\" content=\"2018-10-24T19:25:36+00:00\" \/>\n<meta name=\"twitter:card\" content=\"summary_large_image\" \/>\n<meta name=\"twitter:label1\" content=\"Tiempo de lectura\" \/>\n\t<meta name=\"twitter:data1\" content=\"6 minutos\" \/>\n<script type=\"application\/ld+json\" class=\"yoast-schema-graph\">{\"@context\":\"https:\\\/\\\/schema.org\",\"@graph\":[{\"@type\":\"WebPage\",\"@id\":\"https:\\\/\\\/facartes.uniandes.edu.co\\\/cic\\\/acerca\\\/disciplinas-asociadas\\\/\",\"url\":\"https:\\\/\\\/facartes.uniandes.edu.co\\\/cic\\\/acerca\\\/disciplinas-asociadas\\\/\",\"name\":\"Disciplinas asociadas con el Centro - Centro de Investigaci\u00f3n y Creaci\u00f3n - Facultad de Artes y Humanidades - Universidad de los Andes\",\"isPartOf\":{\"@id\":\"https:\\\/\\\/facartes.uniandes.edu.co\\\/cic\\\/#website\"},\"datePublished\":\"2018-10-17T00:56:47+00:00\",\"dateModified\":\"2018-10-24T19:25:36+00:00\",\"breadcrumb\":{\"@id\":\"https:\\\/\\\/facartes.uniandes.edu.co\\\/cic\\\/acerca\\\/disciplinas-asociadas\\\/#breadcrumb\"},\"inLanguage\":\"es\",\"potentialAction\":[{\"@type\":\"ReadAction\",\"target\":[\"https:\\\/\\\/facartes.uniandes.edu.co\\\/cic\\\/acerca\\\/disciplinas-asociadas\\\/\"]}]},{\"@type\":\"BreadcrumbList\",\"@id\":\"https:\\\/\\\/facartes.uniandes.edu.co\\\/cic\\\/acerca\\\/disciplinas-asociadas\\\/#breadcrumb\",\"itemListElement\":[{\"@type\":\"ListItem\",\"position\":1,\"name\":\"Portada\",\"item\":\"https:\\\/\\\/facartes.uniandes.edu.co\\\/cic\\\/\"},{\"@type\":\"ListItem\",\"position\":2,\"name\":\"Centro de Investigaci\u00f3n y Creaci\u00f3n\",\"item\":\"https:\\\/\\\/facartes.uniandes.edu.co\\\/cic\\\/acerca\\\/\"},{\"@type\":\"ListItem\",\"position\":3,\"name\":\"Disciplinas asociadas con el Centro\"}]},{\"@type\":\"WebSite\",\"@id\":\"https:\\\/\\\/facartes.uniandes.edu.co\\\/cic\\\/#website\",\"url\":\"https:\\\/\\\/facartes.uniandes.edu.co\\\/cic\\\/\",\"name\":\"Centro de Investigaci\u00f3n y Creaci\u00f3n - Facultad de Artes y Humanidades - Universidad de los Andes\",\"description\":\"\",\"potentialAction\":[{\"@type\":\"SearchAction\",\"target\":{\"@type\":\"EntryPoint\",\"urlTemplate\":\"https:\\\/\\\/facartes.uniandes.edu.co\\\/cic\\\/?s={search_term_string}\"},\"query-input\":{\"@type\":\"PropertyValueSpecification\",\"valueRequired\":true,\"valueName\":\"search_term_string\"}}],\"inLanguage\":\"es\"}]}<\/script>\n<!-- \/ Yoast SEO plugin. -->","yoast_head_json":{"title":"Disciplinas asociadas con el Centro - Centro de Investigaci\u00f3n y Creaci\u00f3n - Facultad de Artes y Humanidades - Universidad de los Andes","robots":{"index":"noindex","follow":"follow","max-snippet":"max-snippet:-1","max-image-preview":"max-image-preview:large","max-video-preview":"max-video-preview:-1"},"og_locale":"es_ES","og_type":"article","og_title":"Disciplinas asociadas con el Centro - Centro de Investigaci\u00f3n y Creaci\u00f3n - Facultad de Artes y Humanidades - Universidad de los Andes","og_description":"Arte:\u00a0La creaci\u00f3n art\u00edstica forma parte fundamental de las corrientes de conocimiento de la Facultad de Artes y Humanidades, y es una disciplina reconocida y asociada con nuestro Centro de Investigaci\u00f3n y Creaci\u00f3n. El arte crea objetos y experiencias que son formas de leer e interpretar el mundo, y que as\u00ed generan conocimiento y comentarios sobre [&hellip;]","og_url":"https:\/\/facartes.uniandes.edu.co\/cic\/acerca\/disciplinas-asociadas\/","og_site_name":"Centro de Investigaci\u00f3n y Creaci\u00f3n - Facultad de Artes y Humanidades - Universidad de los Andes","article_modified_time":"2018-10-24T19:25:36+00:00","twitter_card":"summary_large_image","twitter_misc":{"Tiempo de lectura":"6 minutos"},"schema":{"@context":"https:\/\/schema.org","@graph":[{"@type":"WebPage","@id":"https:\/\/facartes.uniandes.edu.co\/cic\/acerca\/disciplinas-asociadas\/","url":"https:\/\/facartes.uniandes.edu.co\/cic\/acerca\/disciplinas-asociadas\/","name":"Disciplinas asociadas con el Centro - Centro de Investigaci\u00f3n y Creaci\u00f3n - Facultad de Artes y Humanidades - Universidad de los Andes","isPartOf":{"@id":"https:\/\/facartes.uniandes.edu.co\/cic\/#website"},"datePublished":"2018-10-17T00:56:47+00:00","dateModified":"2018-10-24T19:25:36+00:00","breadcrumb":{"@id":"https:\/\/facartes.uniandes.edu.co\/cic\/acerca\/disciplinas-asociadas\/#breadcrumb"},"inLanguage":"es","potentialAction":[{"@type":"ReadAction","target":["https:\/\/facartes.uniandes.edu.co\/cic\/acerca\/disciplinas-asociadas\/"]}]},{"@type":"BreadcrumbList","@id":"https:\/\/facartes.uniandes.edu.co\/cic\/acerca\/disciplinas-asociadas\/#breadcrumb","itemListElement":[{"@type":"ListItem","position":1,"name":"Portada","item":"https:\/\/facartes.uniandes.edu.co\/cic\/"},{"@type":"ListItem","position":2,"name":"Centro de Investigaci\u00f3n y Creaci\u00f3n","item":"https:\/\/facartes.uniandes.edu.co\/cic\/acerca\/"},{"@type":"ListItem","position":3,"name":"Disciplinas asociadas con el Centro"}]},{"@type":"WebSite","@id":"https:\/\/facartes.uniandes.edu.co\/cic\/#website","url":"https:\/\/facartes.uniandes.edu.co\/cic\/","name":"Centro de Investigaci\u00f3n y Creaci\u00f3n - Facultad de Artes y Humanidades - Universidad de los Andes","description":"","potentialAction":[{"@type":"SearchAction","target":{"@type":"EntryPoint","urlTemplate":"https:\/\/facartes.uniandes.edu.co\/cic\/?s={search_term_string}"},"query-input":{"@type":"PropertyValueSpecification","valueRequired":true,"valueName":"search_term_string"}}],"inLanguage":"es"}]}},"_links":{"self":[{"href":"https:\/\/facartes.uniandes.edu.co\/cic\/wp-json\/wp\/v2\/pages\/5953","targetHints":{"allow":["GET"]}}],"collection":[{"href":"https:\/\/facartes.uniandes.edu.co\/cic\/wp-json\/wp\/v2\/pages"}],"about":[{"href":"https:\/\/facartes.uniandes.edu.co\/cic\/wp-json\/wp\/v2\/types\/page"}],"author":[{"embeddable":true,"href":"https:\/\/facartes.uniandes.edu.co\/cic\/wp-json\/wp\/v2\/users\/1"}],"replies":[{"embeddable":true,"href":"https:\/\/facartes.uniandes.edu.co\/cic\/wp-json\/wp\/v2\/comments?post=5953"}],"version-history":[{"count":8,"href":"https:\/\/facartes.uniandes.edu.co\/cic\/wp-json\/wp\/v2\/pages\/5953\/revisions"}],"predecessor-version":[{"id":6657,"href":"https:\/\/facartes.uniandes.edu.co\/cic\/wp-json\/wp\/v2\/pages\/5953\/revisions\/6657"}],"up":[{"embeddable":true,"href":"https:\/\/facartes.uniandes.edu.co\/cic\/wp-json\/wp\/v2\/pages\/5917"}],"wp:attachment":[{"href":"https:\/\/facartes.uniandes.edu.co\/cic\/wp-json\/wp\/v2\/media?parent=5953"}],"curies":[{"name":"wp","href":"https:\/\/api.w.org\/{rel}","templated":true}]}}