{"id":5933,"date":"2018-10-16T19:22:48","date_gmt":"2018-10-17T00:22:48","guid":{"rendered":"https:\/\/facartes.uniandes.edu.co\/cic\/?page_id=5933"},"modified":"2018-10-23T15:52:29","modified_gmt":"2018-10-23T20:52:29","slug":"mision-y-vision","status":"publish","type":"page","link":"https:\/\/facartes.uniandes.edu.co\/cic\/acerca\/mision-y-vision\/","title":{"rendered":"Misi\u00f3n y visi\u00f3n"},"content":{"rendered":"<h2>Misi\u00f3n del Centro<strong>\u00a0<\/strong><\/h2>\n<p>El Centro quiere consolidarse, en cinco a\u00f1os desde su creaci\u00f3n, como un centro l\u00edder en la investigaci\u00f3n en humanidades y la creaci\u00f3n art\u00edstica que construya redes acad\u00e9micas a nivel nacional e internacional y que contribuya de manera significativa al debate p\u00fablico sobre la funci\u00f3n y la responsabilidad de las artes y las humanidades en el desarrollo social del pa\u00eds. Busca fomentar la producci\u00f3n interdisciplinaria de alta calidad en arte, historia del arte, literatura, m\u00fasica y periodismo. Adem\u00e1s, el CIC se propone trabajar en la construcci\u00f3n consensuada de modelos flexibles para la valoraci\u00f3n y clasificaci\u00f3n de la investigaci\u00f3n y la creaci\u00f3n; modelos que funcionen como referentes en el \u00e1mbito universitario local, regional y nacional.<\/p>\n<hr \/>\n<h2>Visi\u00f3n del Centro<strong>\u00a0<\/strong><\/h2>\n<p>El CIC quiere ser un centro interdisciplinario de investigaci\u00f3n y creaci\u00f3n en el \u00e1mbito de las artes y las humanidades (tradicionales y digitales). Asimismo, aspira a ser un espacio que coordine, oriente e incentive la investigaci\u00f3n y la creaci\u00f3n en los diferentes departamentos de la Facultad. Para ello, dise\u00f1a oportunidades de financiaci\u00f3n que hacen viable el desarrollo de los variados proyectos de los profesores de planta, junto con los proyectos de estudiantes avanzados. El centro aboga por una visi\u00f3n interdisciplinaria y plural de las humanidades y las artes, es decir una mirada abarcadora e incluyente que permita apreciar el fen\u00f3meno art\u00edstico, social e hist\u00f3rico con mayor detalle y profundidad. Para ello, pretende estimular la investigaci\u00f3n interdisciplinaria a partir de t\u00f3picos y problemas transversales que favorezcan la reflexi\u00f3n sobre las diferentes dimensiones est\u00e9ticas, \u00e9ticas y pol\u00edticas del fen\u00f3meno art\u00edstico. En sincron\u00eda con la misi\u00f3n institucional de la Universidad, el CIC propicia el pluralismo, la tolerancia y el respeto por las ideas y la diferencia cultural, racial y de g\u00e9nero. El Centro tambi\u00e9n dise\u00f1a estrategias y pol\u00edticas de investigaci\u00f3n y creaci\u00f3n que aportan al debate p\u00fablico sobre el rol, la funci\u00f3n y la valoraci\u00f3n de las humanidades y las artes en el complejo contexto social del pa\u00eds. Asimismo, se propone ser un constante promotor del di\u00e1logo y el debate con instituciones acad\u00e9micas y agentes culturales del \u00e1mbito internacional.<\/p>\n<p><strong>Es muy importante\u00a0 mencionar que, de\u00a0 los\u00a0 76\u00a0 centros\u00a0 reconocidos\u00a0 por Colciencias\u00a0 a\u00a0 nivel nacional, <u>no hay ninguno en Artes y Humanidades<\/u><\/strong>. T\u00e9ngase en cuenta que con la resoluci\u00f3n 688 de 2012 Colciencias define los requisitos necesarios para evaluar y otorgar, cada tres a\u00f1os, el reconocimiento de los Centros de Investigaci\u00f3n o Desarrollo Tecnol\u00f3gico del pa\u00eds. Con la Ley 1450 de 2011, los Centros reconocidos ser\u00e1n los garantes de la calidad en la investigaci\u00f3n y desarrollo tecnol\u00f3gico de las inversiones que realice el sector productivo, y por ello ser\u00e1 necesario contar con un proceso que valide la calidad de dichos centros. V\u00e9ase el link:\u00a0<span style=\"color: #cc9933;\"><a style=\"color: #cc9933;\" href=\"http:\/\/www.colciencias.gov.co\/sites\/default\/files\/ckeditor_files\/files\/Lista%20oficial%20de%20Centros%20Reconocidos%20por%20Colciencias%2012-%202014.pdf\" target=\"_blank\" rel=\"noopener\">http:\/\/www.colciencias.gov.co\/sites\/default\/files\/ckeditor_files\/files\/Lista%20oficial%20de%20Centros%20Reconocidos%20por%20Colciencias%2012-%202014.pdf<\/a><\/span><\/p>\n","protected":false},"excerpt":{"rendered":"<p>Misi\u00f3n del Centro\u00a0 El Centro quiere consolidarse, en cinco a\u00f1os desde su creaci\u00f3n, como un centro l\u00edder en la investigaci\u00f3n en humanidades y la creaci\u00f3n art\u00edstica que construya redes acad\u00e9micas a nivel nacional e internacional y que contribuya de manera significativa al debate p\u00fablico sobre la funci\u00f3n y la responsabilidad de las artes y las [&hellip;]<\/p>\n","protected":false},"author":1,"featured_media":0,"parent":5917,"menu_order":0,"comment_status":"closed","ping_status":"closed","template":"","meta":{"footnotes":""},"class_list":["post-5933","page","type-page","status-publish","hentry"],"yoast_head":"<!-- This site is optimized with the Yoast SEO plugin v27.3 - https:\/\/yoast.com\/product\/yoast-seo-wordpress\/ -->\n<title>Misi\u00f3n y visi\u00f3n - Centro de Investigaci\u00f3n y Creaci\u00f3n - Facultad de Artes y Humanidades - Universidad de los Andes<\/title>\n<meta name=\"robots\" content=\"noindex, follow, max-snippet:-1, max-image-preview:large, max-video-preview:-1\" \/>\n<meta property=\"og:locale\" content=\"es_ES\" \/>\n<meta property=\"og:type\" content=\"article\" \/>\n<meta property=\"og:title\" content=\"Misi\u00f3n y visi\u00f3n - Centro de Investigaci\u00f3n y Creaci\u00f3n - Facultad de Artes y Humanidades - Universidad de los Andes\" \/>\n<meta property=\"og:description\" content=\"Misi\u00f3n del Centro\u00a0 El Centro quiere consolidarse, en cinco a\u00f1os desde su creaci\u00f3n, como un centro l\u00edder en la investigaci\u00f3n en humanidades y la creaci\u00f3n art\u00edstica que construya redes acad\u00e9micas a nivel nacional e internacional y que contribuya de manera significativa al debate p\u00fablico sobre la funci\u00f3n y la responsabilidad de las artes y las [&hellip;]\" \/>\n<meta property=\"og:url\" content=\"https:\/\/facartes.uniandes.edu.co\/cic\/acerca\/mision-y-vision\/\" \/>\n<meta property=\"og:site_name\" content=\"Centro de Investigaci\u00f3n y Creaci\u00f3n - Facultad de Artes y Humanidades - Universidad de los Andes\" \/>\n<meta property=\"article:modified_time\" content=\"2018-10-23T20:52:29+00:00\" \/>\n<meta name=\"twitter:card\" content=\"summary_large_image\" \/>\n<meta name=\"twitter:label1\" content=\"Tiempo de lectura\" \/>\n\t<meta name=\"twitter:data1\" content=\"3 minutos\" \/>\n<script type=\"application\/ld+json\" class=\"yoast-schema-graph\">{\"@context\":\"https:\\\/\\\/schema.org\",\"@graph\":[{\"@type\":\"WebPage\",\"@id\":\"https:\\\/\\\/facartes.uniandes.edu.co\\\/cic\\\/acerca\\\/mision-y-vision\\\/\",\"url\":\"https:\\\/\\\/facartes.uniandes.edu.co\\\/cic\\\/acerca\\\/mision-y-vision\\\/\",\"name\":\"Misi\u00f3n y visi\u00f3n - Centro de Investigaci\u00f3n y Creaci\u00f3n - Facultad de Artes y Humanidades - Universidad de los Andes\",\"isPartOf\":{\"@id\":\"https:\\\/\\\/facartes.uniandes.edu.co\\\/cic\\\/#website\"},\"datePublished\":\"2018-10-17T00:22:48+00:00\",\"dateModified\":\"2018-10-23T20:52:29+00:00\",\"breadcrumb\":{\"@id\":\"https:\\\/\\\/facartes.uniandes.edu.co\\\/cic\\\/acerca\\\/mision-y-vision\\\/#breadcrumb\"},\"inLanguage\":\"es\",\"potentialAction\":[{\"@type\":\"ReadAction\",\"target\":[\"https:\\\/\\\/facartes.uniandes.edu.co\\\/cic\\\/acerca\\\/mision-y-vision\\\/\"]}]},{\"@type\":\"BreadcrumbList\",\"@id\":\"https:\\\/\\\/facartes.uniandes.edu.co\\\/cic\\\/acerca\\\/mision-y-vision\\\/#breadcrumb\",\"itemListElement\":[{\"@type\":\"ListItem\",\"position\":1,\"name\":\"Portada\",\"item\":\"https:\\\/\\\/facartes.uniandes.edu.co\\\/cic\\\/\"},{\"@type\":\"ListItem\",\"position\":2,\"name\":\"Centro de Investigaci\u00f3n y Creaci\u00f3n\",\"item\":\"https:\\\/\\\/facartes.uniandes.edu.co\\\/cic\\\/acerca\\\/\"},{\"@type\":\"ListItem\",\"position\":3,\"name\":\"Misi\u00f3n y visi\u00f3n\"}]},{\"@type\":\"WebSite\",\"@id\":\"https:\\\/\\\/facartes.uniandes.edu.co\\\/cic\\\/#website\",\"url\":\"https:\\\/\\\/facartes.uniandes.edu.co\\\/cic\\\/\",\"name\":\"Centro de Investigaci\u00f3n y Creaci\u00f3n - Facultad de Artes y Humanidades - Universidad de los Andes\",\"description\":\"\",\"potentialAction\":[{\"@type\":\"SearchAction\",\"target\":{\"@type\":\"EntryPoint\",\"urlTemplate\":\"https:\\\/\\\/facartes.uniandes.edu.co\\\/cic\\\/?s={search_term_string}\"},\"query-input\":{\"@type\":\"PropertyValueSpecification\",\"valueRequired\":true,\"valueName\":\"search_term_string\"}}],\"inLanguage\":\"es\"}]}<\/script>\n<!-- \/ Yoast SEO plugin. -->","yoast_head_json":{"title":"Misi\u00f3n y visi\u00f3n - Centro de Investigaci\u00f3n y Creaci\u00f3n - Facultad de Artes y Humanidades - Universidad de los Andes","robots":{"index":"noindex","follow":"follow","max-snippet":"max-snippet:-1","max-image-preview":"max-image-preview:large","max-video-preview":"max-video-preview:-1"},"og_locale":"es_ES","og_type":"article","og_title":"Misi\u00f3n y visi\u00f3n - Centro de Investigaci\u00f3n y Creaci\u00f3n - Facultad de Artes y Humanidades - Universidad de los Andes","og_description":"Misi\u00f3n del Centro\u00a0 El Centro quiere consolidarse, en cinco a\u00f1os desde su creaci\u00f3n, como un centro l\u00edder en la investigaci\u00f3n en humanidades y la creaci\u00f3n art\u00edstica que construya redes acad\u00e9micas a nivel nacional e internacional y que contribuya de manera significativa al debate p\u00fablico sobre la funci\u00f3n y la responsabilidad de las artes y las [&hellip;]","og_url":"https:\/\/facartes.uniandes.edu.co\/cic\/acerca\/mision-y-vision\/","og_site_name":"Centro de Investigaci\u00f3n y Creaci\u00f3n - Facultad de Artes y Humanidades - Universidad de los Andes","article_modified_time":"2018-10-23T20:52:29+00:00","twitter_card":"summary_large_image","twitter_misc":{"Tiempo de lectura":"3 minutos"},"schema":{"@context":"https:\/\/schema.org","@graph":[{"@type":"WebPage","@id":"https:\/\/facartes.uniandes.edu.co\/cic\/acerca\/mision-y-vision\/","url":"https:\/\/facartes.uniandes.edu.co\/cic\/acerca\/mision-y-vision\/","name":"Misi\u00f3n y visi\u00f3n - Centro de Investigaci\u00f3n y Creaci\u00f3n - Facultad de Artes y Humanidades - Universidad de los Andes","isPartOf":{"@id":"https:\/\/facartes.uniandes.edu.co\/cic\/#website"},"datePublished":"2018-10-17T00:22:48+00:00","dateModified":"2018-10-23T20:52:29+00:00","breadcrumb":{"@id":"https:\/\/facartes.uniandes.edu.co\/cic\/acerca\/mision-y-vision\/#breadcrumb"},"inLanguage":"es","potentialAction":[{"@type":"ReadAction","target":["https:\/\/facartes.uniandes.edu.co\/cic\/acerca\/mision-y-vision\/"]}]},{"@type":"BreadcrumbList","@id":"https:\/\/facartes.uniandes.edu.co\/cic\/acerca\/mision-y-vision\/#breadcrumb","itemListElement":[{"@type":"ListItem","position":1,"name":"Portada","item":"https:\/\/facartes.uniandes.edu.co\/cic\/"},{"@type":"ListItem","position":2,"name":"Centro de Investigaci\u00f3n y Creaci\u00f3n","item":"https:\/\/facartes.uniandes.edu.co\/cic\/acerca\/"},{"@type":"ListItem","position":3,"name":"Misi\u00f3n y visi\u00f3n"}]},{"@type":"WebSite","@id":"https:\/\/facartes.uniandes.edu.co\/cic\/#website","url":"https:\/\/facartes.uniandes.edu.co\/cic\/","name":"Centro de Investigaci\u00f3n y Creaci\u00f3n - Facultad de Artes y Humanidades - Universidad de los Andes","description":"","potentialAction":[{"@type":"SearchAction","target":{"@type":"EntryPoint","urlTemplate":"https:\/\/facartes.uniandes.edu.co\/cic\/?s={search_term_string}"},"query-input":{"@type":"PropertyValueSpecification","valueRequired":true,"valueName":"search_term_string"}}],"inLanguage":"es"}]}},"_links":{"self":[{"href":"https:\/\/facartes.uniandes.edu.co\/cic\/wp-json\/wp\/v2\/pages\/5933","targetHints":{"allow":["GET"]}}],"collection":[{"href":"https:\/\/facartes.uniandes.edu.co\/cic\/wp-json\/wp\/v2\/pages"}],"about":[{"href":"https:\/\/facartes.uniandes.edu.co\/cic\/wp-json\/wp\/v2\/types\/page"}],"author":[{"embeddable":true,"href":"https:\/\/facartes.uniandes.edu.co\/cic\/wp-json\/wp\/v2\/users\/1"}],"replies":[{"embeddable":true,"href":"https:\/\/facartes.uniandes.edu.co\/cic\/wp-json\/wp\/v2\/comments?post=5933"}],"version-history":[{"count":6,"href":"https:\/\/facartes.uniandes.edu.co\/cic\/wp-json\/wp\/v2\/pages\/5933\/revisions"}],"predecessor-version":[{"id":6514,"href":"https:\/\/facartes.uniandes.edu.co\/cic\/wp-json\/wp\/v2\/pages\/5933\/revisions\/6514"}],"up":[{"embeddable":true,"href":"https:\/\/facartes.uniandes.edu.co\/cic\/wp-json\/wp\/v2\/pages\/5917"}],"wp:attachment":[{"href":"https:\/\/facartes.uniandes.edu.co\/cic\/wp-json\/wp\/v2\/media?parent=5933"}],"curies":[{"name":"wp","href":"https:\/\/api.w.org\/{rel}","templated":true}]}}