{"id":11969,"date":"2025-01-29T11:38:16","date_gmt":"2025-01-29T16:38:16","guid":{"rendered":"https:\/\/facartes.uniandes.edu.co\/cic\/?page_id=11969"},"modified":"2025-08-11T08:45:06","modified_gmt":"2025-08-11T13:45:06","slug":"convocatoria-de-viajes","status":"publish","type":"page","link":"https:\/\/facartes.uniandes.edu.co\/cic\/convocatorias\/cic\/convocatoria-de-viajes\/","title":{"rendered":"Convocatoria interna de apoyo a viajes nacionales e internacionales 2025_2"},"content":{"rendered":"<div class=\"wpb-content-wrapper\"><p>[vc_row][vc_column][vc_column_text]<\/p>\n<h2 style=\"text-align: center;\"><strong>Convocatoria interna de apoyo a viajes nacionales e internacionales 2025<\/strong><\/h2>\n<p>Centro de Investigaci\u00f3n y Creaci\u00f3n \u2013 CIC<br \/>\nVicedecanatura de Investigaci\u00f3n y Creaci\u00f3n<br \/>\nFacultad de Artes y humanidades<\/p>\n<p>Universidad de los Andes<\/p>\n<h3><strong>T\u00e9rminos de referencia<\/strong><\/h3>\n<p class=\"p2\">El Centro de Investigaci\u00f3n y Creaci\u00f3n (<span class=\"s2\">CIC<\/span>) de la Facultad de Artes y Humanidades invita a los profesores de planta de la Facultad a participar en la Convocatoria interna de apoyo a viajes nacionales e internacionales 2025 que permite apoyar con una parte del financiamiento de viajes de investigaci\u00f3n y creaci\u00f3n de los profesores. El CIC financiar\u00e1 gastos de movilidad, como tiquetes de avi\u00f3n, boletos de tren y gastos similares por un valor m\u00e1ximo de 5.000.000 COP para viajes internacionales y 1.000.000 COP para viajes nacionales. Los viajes que se financiar\u00e1n deben realizarse entre agosto y diciembre 2025.<span class=\"Apple-converted-space\">\u00a0<\/span><\/p>\n<p class=\"p2\">Los ganadores ser\u00e1n seleccionados por el Comit\u00e9 CIC, recibir\u00e1n una carta comunic\u00e1ndoles el resultado y figurar\u00e1n en el acta p\u00fablica de la sesi\u00f3n del Comit\u00e9.<span class=\"Apple-converted-space\">\u00a0<\/span><\/p>\n<p class=\"p2\">El Comit\u00e9 CIC tendr\u00e1 la potestad de financiar las postulaciones recibidas de la forma que mejor considere, de acuerdo con las justificaciones.<span class=\"Apple-converted-space\">\u00a0<\/span><\/p>\n<p>[\/vc_column_text][vc_tta_accordion style=\u00bboutline\u00bb shape=\u00bbsquare\u00bb color=\u00bbblack\u00bb active_section=\u00bb120&#8243; collapsible_all=\u00bbtrue\u00bb][vc_tta_section title=\u00bbFechas de la convocatoria\u00bb tab_id=\u00bbfechas\u00bb][vc_column_text]<\/p>\n<ul class=\"ul1\">\n<li class=\"li2\">Fecha de apertura de la Convocatoria para viajes 2025_2: martes 1 de julio 2025.<span class=\"Apple-converted-space\">\u00a0<\/span><\/li>\n<li class=\"li2\">\u00daltima fecha de recepci\u00f3n de propuestas: viernes 7 de noviembre 2025.<span class=\"Apple-converted-space\">\u00a0<\/span><\/li>\n<li class=\"li3\">Fechas de cobertura de viajes: agosto 2025 a enero de 2026.<span class=\"Apple-converted-space\">\u00a0<\/span><\/li>\n<\/ul>\n<p class=\"p3\"><strong>Fechas de revisi\u00f3n de las propuestas por parte del Comit\u00e9 CIC<span class=\"Apple-converted-space\">\u00a0<\/span><\/strong><\/p>\n<ul>\n<li>Lunes 28 de julio<\/li>\n<li>Lunes 25 de agosto<\/li>\n<li>Lunes 15 de septiembre<\/li>\n<li>Lunes 20 de octubre<\/li>\n<li>Lunes 10 de noviembre<span class=\"Apple-converted-space\">\u00a0<\/span><\/li>\n<\/ul>\n<p class=\"p1\">Los postulantes recibir\u00e1n una carta de respuesta tras la reuni\u00f3n del Comit\u00e9 informando sobre la decisi\u00f3n y figurar\u00e1n en el acta p\u00fablica de la sesi\u00f3n del Comit\u00e9.<span class=\"Apple-converted-space\">\u00a0<\/span><\/p>\n<p class=\"p1\">La convocatoria estar\u00e1 abierta hasta agotar recursos.<span class=\"Apple-converted-space\">\u00a0<\/span><\/p>\n<p>[\/vc_column_text][\/vc_tta_section][vc_tta_section title=\u00bbTipos de actividad para los que puede postularse a la convocatoria\u00bb tab_id=\u00bbtipos\u00bb][vc_column_text]<\/p>\n<p class=\"p1\">El profesor debe obtener el m\u00e1ximo de beneficio del viaje en t\u00e9rminos de productos, proyectos, redes, nuevos alumnos, recursos frescos y, en general, todo aquello que beneficie su proyecto acad\u00e9mico y, por tanto, el de la Facultad. Estas son algunas actividades que permiten financiar un viaje:<span class=\"Apple-converted-space\">\u00a0<\/span><\/p>\n<ul class=\"ul1\">\n<li class=\"li2\">Exploraci\u00f3n de archivos o bibliotecas, trabajo de paleograf\u00eda o estudios patrimoniales que conlleven a la generaci\u00f3n de un producto de investigaci\u00f3n o creaci\u00f3n.<span class=\"Apple-converted-space\">\u00a0<\/span><\/li>\n<li class=\"li2\">Participaci\u00f3n en exposiciones de arte (como expositor o curador) y conciertos (como int\u00e9rprete)<span class=\"Apple-converted-space\">\u00a0<\/span><\/li>\n<li class=\"li2\">Residencias art\u00edsticas o estancias de investigaci\u00f3n en instituciones culturales, acad\u00e9micas o de investigaci\u00f3n.<span class=\"Apple-converted-space\">\u00a0<\/span><\/li>\n<li class=\"li1\">Grabaci\u00f3n y producci\u00f3n de audio <em>in situ<\/em>.<span class=\"Apple-converted-space\">\u00a0<\/span><\/li>\n<\/ul>\n<p>[\/vc_column_text][\/vc_tta_section][vc_tta_section title=\u00bbCondiciones\u00bb tab_id=\u00bbcondiciones\u00bb][vc_column_text]<\/p>\n<ul>\n<li>No podr\u00e1n solicitar este apoyo los profesores que tengan proyectos activos desde los cuales se puedan financiar todo o parte del viaje (FAPA, proyectos externos\u2026)<span class=\"Apple-converted-space\">\u00a0<\/span><\/li>\n<li>Las personas que se postulan deben estar al d\u00eda con la clasificaci\u00f3n de su producci\u00f3n acad\u00e9mica del corte inmediatamente anterior a la convocatoria vigente en la plataforma Academia. Para este a\u00f1o, aplica la ventana 2023-2024.<span class=\"Apple-converted-space\">\u00a0<\/span><\/li>\n<li>La convocatoria cubrir\u00e1 \u00fanicamente los gastos de movilidad.<span class=\"Apple-converted-space\">\u00a0<\/span><\/li>\n<li>El apoyo puede solicitarse por una \u00fanica vez durante el a\u00f1o calendario.<span class=\"Apple-converted-space\">\u00a0<\/span><\/li>\n<li>Los ganadores tendr\u00e1n que presentar un informe de viaje, una vez hayan llegado de este, en el que den cuenta de los resultados obtenidos y la informaci\u00f3n recopilada.<span class=\"Apple-converted-space\">\u00a0<\/span><\/li>\n<\/ul>\n<p>[\/vc_column_text][\/vc_tta_section][vc_tta_section title=\u00bbPresentaci\u00f3n de propuestas\u00bb tab_id=\u00bbpropuestas\u00bb][vc_column_text]La propuesta debe indicar de qu\u00e9 manera el viaje ayudar\u00e1 al inicio, desarrollo o finalizaci\u00f3n de un proyecto de investigaci\u00f3n o de creaci\u00f3n, indicando cu\u00e1les ser\u00e1n los productos resultantes, as\u00ed como el plan de divulgaci\u00f3n o publicaci\u00f3n de estos.<\/p>\n<p>En archivo adjunto encontrar\u00e1 el formulario de solicitud que deber\u00e1 enviar al CIC (<a href=\"mailto:cic@uniandes.edu.co\"><span style=\"text-decoration: underline; color: #ff0000;\"><strong>cic@uniandes.edu.co<\/strong><\/span><\/a>), por correo electr\u00f3nico, junto con una cotizaci\u00f3n del tiquete revisada previamente por la gestora administrativa de proyectos, <strong>Ana Malaver.<\/strong>[\/vc_column_text][\/vc_tta_section][vc_tta_section title=\u00bbCompra \/ reembolso del tiquete\u00bb tab_id=\u00bbcompra\u00bb][vc_column_text]La compra del boleto se puede hacer a trav\u00e9s del CIC o directamente por el profesor. En este caso, deber\u00e1 solicitar un reembolso teniendo en cuenta que:<\/p>\n<ul>\n<li>Si la compra del tiquete queda bajo responsabilidad del profesor,\u00a0es importante verificar qu\u00e9 incluye o permite el tiquete (maleta, opci\u00f3n de silla, cambios, escalas).<\/li>\n<li>El pago no se puede realizar con millas, dado que se requiere el valor en pesos o d\u00f3lares para la contabilizaci\u00f3n y pago al viajero.<\/li>\n<li>El reembolso se puede realizar por el total o parcial del costo del tiquete, dependiendo del monto autorizado para cada solicitud.<\/li>\n<li>Solo se autorizar\u00e1 el tr\u00e1mite para los viajeros que tengan visto bueno previo del CIC y por los montos autorizados por este.<\/li>\n<\/ul>\n<hr \/>\n<p>Solicitud del reembolso:<\/p>\n<ul>\n<li>Este proceso de reembolso se debe realizar con asesor\u00eda de la gestora del CIC, Ana Malaver, ya que se solicitar\u00e1 informaci\u00f3n\u00a0contable para el registro del gasto, como detalles sobre el centro de costo al que se acreditar\u00e1 la compra<\/li>\n<li>El tiempo estimado de respuesta por parte del servicio es de 15 d\u00edas, los pagos se realizan los martes o jueves.<\/li>\n<\/ul>\n<p>[\/vc_column_text][\/vc_tta_section][vc_tta_section title=\u00bbCr\u00e9ditos\u00bb tab_id=\u00bbcreditos\u00bb][vc_column_text]En todos los escenarios de divulgaci\u00f3n, las personas ganadoras deber\u00e1n mencionar su vinculaci\u00f3n a la Universidad como profesora o profesor de la Facultad de Artes y Humanidades y dar cr\u00e9dito al cic, a la Facultad de Artes y Humanidades y a la Universidad de los Andes por haber apoyado el proyecto.[\/vc_column_text][\/vc_tta_section][vc_tta_section title=\u00bbSecci\u00f3n\u00bb tab_id=\u00bb1750364056434-b185a469-ef52&#8243;][\/vc_tta_section][\/vc_tta_accordion][vc_btn title=\u00bbBajar formato de viajes 2025&#8243; style=\u00bboutline\u00bb shape=\u00bbsquare\u00bb color=\u00bbinverse\u00bb size=\u00bblg\u00bb align=\u00bbcenter\u00bb i_icon_fontawesome=\u00bbfar fa-hand-pointer\u00bb button_block=\u00bbtrue\u00bb add_icon=\u00bbtrue\u00bb link=\u00bburl:https%3A%2F%2Ffacartes.uniandes.edu.co%2Fcic%2Ffiles%2F2025%2F06%2FFormato-viajes-2025.docx\u00bb][vc_btn title=\u00bbT\u00e9rminos de referencia\u00bb shape=\u00bbsquare\u00bb color=\u00bbprimary\u00bb size=\u00bblg\u00bb align=\u00bbcenter\u00bb button_block=\u00bbtrue\u00bb link=\u00bburl:https%3A%2F%2Ffacartes.uniandes.edu.co%2Fcic%2Ffiles%2F2025%2F08%2FConvocatoria_Viajes-2025_2_TdR.pdf|target:_blank\u00bb][\/vc_column][\/vc_row]<\/p>\n<\/div>","protected":false},"excerpt":{"rendered":"<p>[vc_row][vc_column][vc_column_text] Convocatoria interna de apoyo a viajes nacionales e internacionales 2025 Centro de Investigaci\u00f3n y Creaci\u00f3n \u2013 CIC Vicedecanatura de Investigaci\u00f3n y Creaci\u00f3n Facultad de Artes y humanidades Universidad de los Andes T\u00e9rminos de referencia El Centro de Investigaci\u00f3n y Creaci\u00f3n (CIC) de la Facultad de Artes y Humanidades invita a los profesores de planta [&hellip;]<\/p>\n","protected":false},"author":5,"featured_media":0,"parent":6048,"menu_order":0,"comment_status":"closed","ping_status":"closed","template":"","meta":{"footnotes":""},"class_list":["post-11969","page","type-page","status-publish","hentry"],"yoast_head":"<!-- This site is optimized with the Yoast SEO plugin v27.2 - https:\/\/yoast.com\/product\/yoast-seo-wordpress\/ -->\n<title>Convocatoria interna de apoyo a viajes nacionales e internacionales 2025_2 - Centro de Investigaci\u00f3n y Creaci\u00f3n - Facultad de Artes y Humanidades - Universidad de los Andes<\/title>\n<meta name=\"description\" content=\"El Centro de Investigaci\u00f3n y Creaci\u00f3n (CIC) de la Facultad de Artes y Humanidades invita a los profesores de planta de la Facultad a participar en la Convocatoria interna de apoyo a viajes nacionales e internacionales 2025\" \/>\n<meta name=\"robots\" content=\"noindex, follow, max-snippet:-1, max-image-preview:large, max-video-preview:-1\" \/>\n<meta property=\"og:locale\" content=\"es_ES\" \/>\n<meta property=\"og:type\" content=\"article\" \/>\n<meta property=\"og:title\" content=\"Convocatoria interna de apoyo a viajes nacionales e internacionales 2025_2 - Centro de Investigaci\u00f3n y Creaci\u00f3n - Facultad de Artes y Humanidades - Universidad de los Andes\" \/>\n<meta property=\"og:description\" content=\"El Centro de Investigaci\u00f3n y Creaci\u00f3n (CIC) de la Facultad de Artes y Humanidades invita a los profesores de planta de la Facultad a participar en la Convocatoria interna de apoyo a viajes nacionales e internacionales 2025\" \/>\n<meta property=\"og:url\" content=\"https:\/\/facartes.uniandes.edu.co\/cic\/convocatorias\/cic\/convocatoria-de-viajes\/\" \/>\n<meta property=\"og:site_name\" content=\"Centro de Investigaci\u00f3n y Creaci\u00f3n - Facultad de Artes y Humanidades - Universidad de los Andes\" \/>\n<meta property=\"article:modified_time\" content=\"2025-08-11T13:45:06+00:00\" \/>\n<meta name=\"twitter:card\" content=\"summary_large_image\" \/>\n<meta name=\"twitter:label1\" content=\"Tiempo de lectura\" \/>\n\t<meta name=\"twitter:data1\" content=\"4 minutos\" \/>\n<script type=\"application\/ld+json\" class=\"yoast-schema-graph\">{\"@context\":\"https:\/\/schema.org\",\"@graph\":[{\"@type\":\"WebPage\",\"@id\":\"https:\/\/facartes.uniandes.edu.co\/cic\/convocatorias\/cic\/convocatoria-de-viajes\/\",\"url\":\"https:\/\/facartes.uniandes.edu.co\/cic\/convocatorias\/cic\/convocatoria-de-viajes\/\",\"name\":\"Convocatoria interna de apoyo a viajes nacionales e internacionales 2025_2 - Centro de Investigaci\u00f3n y Creaci\u00f3n - Facultad de Artes y Humanidades - Universidad de los Andes\",\"isPartOf\":{\"@id\":\"https:\/\/facartes.uniandes.edu.co\/cic\/#website\"},\"datePublished\":\"2025-01-29T16:38:16+00:00\",\"dateModified\":\"2025-08-11T13:45:06+00:00\",\"description\":\"El Centro de Investigaci\u00f3n y Creaci\u00f3n (CIC) de la Facultad de Artes y Humanidades invita a los profesores de planta de la Facultad a participar en la Convocatoria interna de apoyo a viajes nacionales e internacionales 2025\",\"breadcrumb\":{\"@id\":\"https:\/\/facartes.uniandes.edu.co\/cic\/convocatorias\/cic\/convocatoria-de-viajes\/#breadcrumb\"},\"inLanguage\":\"es\",\"potentialAction\":[{\"@type\":\"ReadAction\",\"target\":[\"https:\/\/facartes.uniandes.edu.co\/cic\/convocatorias\/cic\/convocatoria-de-viajes\/\"]}]},{\"@type\":\"BreadcrumbList\",\"@id\":\"https:\/\/facartes.uniandes.edu.co\/cic\/convocatorias\/cic\/convocatoria-de-viajes\/#breadcrumb\",\"itemListElement\":[{\"@type\":\"ListItem\",\"position\":1,\"name\":\"Portada\",\"item\":\"https:\/\/facartes.uniandes.edu.co\/cic\/\"},{\"@type\":\"ListItem\",\"position\":2,\"name\":\"Convocatorias\",\"item\":\"https:\/\/facartes.uniandes.edu.co\/cic\/convocatorias\/\"},{\"@type\":\"ListItem\",\"position\":3,\"name\":\"Convocatorias del CIC\",\"item\":\"https:\/\/facartes.uniandes.edu.co\/cic\/convocatorias\/cic\/\"},{\"@type\":\"ListItem\",\"position\":4,\"name\":\"Convocatoria interna de apoyo a viajes nacionales e internacionales 2025_2\"}]},{\"@type\":\"WebSite\",\"@id\":\"https:\/\/facartes.uniandes.edu.co\/cic\/#website\",\"url\":\"https:\/\/facartes.uniandes.edu.co\/cic\/\",\"name\":\"Centro de Investigaci\u00f3n y Creaci\u00f3n - Facultad de Artes y Humanidades - Universidad de los Andes\",\"description\":\"\",\"potentialAction\":[{\"@type\":\"SearchAction\",\"target\":{\"@type\":\"EntryPoint\",\"urlTemplate\":\"https:\/\/facartes.uniandes.edu.co\/cic\/?s={search_term_string}\"},\"query-input\":{\"@type\":\"PropertyValueSpecification\",\"valueRequired\":true,\"valueName\":\"search_term_string\"}}],\"inLanguage\":\"es\"}]}<\/script>\n<!-- \/ Yoast SEO plugin. -->","yoast_head_json":{"title":"Convocatoria interna de apoyo a viajes nacionales e internacionales 2025_2 - Centro de Investigaci\u00f3n y Creaci\u00f3n - Facultad de Artes y Humanidades - Universidad de los Andes","description":"El Centro de Investigaci\u00f3n y Creaci\u00f3n (CIC) de la Facultad de Artes y Humanidades invita a los profesores de planta de la Facultad a participar en la Convocatoria interna de apoyo a viajes nacionales e internacionales 2025","robots":{"index":"noindex","follow":"follow","max-snippet":"max-snippet:-1","max-image-preview":"max-image-preview:large","max-video-preview":"max-video-preview:-1"},"og_locale":"es_ES","og_type":"article","og_title":"Convocatoria interna de apoyo a viajes nacionales e internacionales 2025_2 - Centro de Investigaci\u00f3n y Creaci\u00f3n - Facultad de Artes y Humanidades - Universidad de los Andes","og_description":"El Centro de Investigaci\u00f3n y Creaci\u00f3n (CIC) de la Facultad de Artes y Humanidades invita a los profesores de planta de la Facultad a participar en la Convocatoria interna de apoyo a viajes nacionales e internacionales 2025","og_url":"https:\/\/facartes.uniandes.edu.co\/cic\/convocatorias\/cic\/convocatoria-de-viajes\/","og_site_name":"Centro de Investigaci\u00f3n y Creaci\u00f3n - Facultad de Artes y Humanidades - Universidad de los Andes","article_modified_time":"2025-08-11T13:45:06+00:00","twitter_card":"summary_large_image","twitter_misc":{"Tiempo de lectura":"4 minutos"},"schema":{"@context":"https:\/\/schema.org","@graph":[{"@type":"WebPage","@id":"https:\/\/facartes.uniandes.edu.co\/cic\/convocatorias\/cic\/convocatoria-de-viajes\/","url":"https:\/\/facartes.uniandes.edu.co\/cic\/convocatorias\/cic\/convocatoria-de-viajes\/","name":"Convocatoria interna de apoyo a viajes nacionales e internacionales 2025_2 - Centro de Investigaci\u00f3n y Creaci\u00f3n - Facultad de Artes y Humanidades - Universidad de los Andes","isPartOf":{"@id":"https:\/\/facartes.uniandes.edu.co\/cic\/#website"},"datePublished":"2025-01-29T16:38:16+00:00","dateModified":"2025-08-11T13:45:06+00:00","description":"El Centro de Investigaci\u00f3n y Creaci\u00f3n (CIC) de la Facultad de Artes y Humanidades invita a los profesores de planta de la Facultad a participar en la Convocatoria interna de apoyo a viajes nacionales e internacionales 2025","breadcrumb":{"@id":"https:\/\/facartes.uniandes.edu.co\/cic\/convocatorias\/cic\/convocatoria-de-viajes\/#breadcrumb"},"inLanguage":"es","potentialAction":[{"@type":"ReadAction","target":["https:\/\/facartes.uniandes.edu.co\/cic\/convocatorias\/cic\/convocatoria-de-viajes\/"]}]},{"@type":"BreadcrumbList","@id":"https:\/\/facartes.uniandes.edu.co\/cic\/convocatorias\/cic\/convocatoria-de-viajes\/#breadcrumb","itemListElement":[{"@type":"ListItem","position":1,"name":"Portada","item":"https:\/\/facartes.uniandes.edu.co\/cic\/"},{"@type":"ListItem","position":2,"name":"Convocatorias","item":"https:\/\/facartes.uniandes.edu.co\/cic\/convocatorias\/"},{"@type":"ListItem","position":3,"name":"Convocatorias del CIC","item":"https:\/\/facartes.uniandes.edu.co\/cic\/convocatorias\/cic\/"},{"@type":"ListItem","position":4,"name":"Convocatoria interna de apoyo a viajes nacionales e internacionales 2025_2"}]},{"@type":"WebSite","@id":"https:\/\/facartes.uniandes.edu.co\/cic\/#website","url":"https:\/\/facartes.uniandes.edu.co\/cic\/","name":"Centro de Investigaci\u00f3n y Creaci\u00f3n - Facultad de Artes y Humanidades - Universidad de los Andes","description":"","potentialAction":[{"@type":"SearchAction","target":{"@type":"EntryPoint","urlTemplate":"https:\/\/facartes.uniandes.edu.co\/cic\/?s={search_term_string}"},"query-input":{"@type":"PropertyValueSpecification","valueRequired":true,"valueName":"search_term_string"}}],"inLanguage":"es"}]}},"_links":{"self":[{"href":"https:\/\/facartes.uniandes.edu.co\/cic\/wp-json\/wp\/v2\/pages\/11969","targetHints":{"allow":["GET"]}}],"collection":[{"href":"https:\/\/facartes.uniandes.edu.co\/cic\/wp-json\/wp\/v2\/pages"}],"about":[{"href":"https:\/\/facartes.uniandes.edu.co\/cic\/wp-json\/wp\/v2\/types\/page"}],"author":[{"embeddable":true,"href":"https:\/\/facartes.uniandes.edu.co\/cic\/wp-json\/wp\/v2\/users\/5"}],"replies":[{"embeddable":true,"href":"https:\/\/facartes.uniandes.edu.co\/cic\/wp-json\/wp\/v2\/comments?post=11969"}],"version-history":[{"count":20,"href":"https:\/\/facartes.uniandes.edu.co\/cic\/wp-json\/wp\/v2\/pages\/11969\/revisions"}],"predecessor-version":[{"id":12962,"href":"https:\/\/facartes.uniandes.edu.co\/cic\/wp-json\/wp\/v2\/pages\/11969\/revisions\/12962"}],"up":[{"embeddable":true,"href":"https:\/\/facartes.uniandes.edu.co\/cic\/wp-json\/wp\/v2\/pages\/6048"}],"wp:attachment":[{"href":"https:\/\/facartes.uniandes.edu.co\/cic\/wp-json\/wp\/v2\/media?parent=11969"}],"curies":[{"name":"wp","href":"https:\/\/api.w.org\/{rel}","templated":true}]}}