{"id":10871,"date":"2022-04-04T15:53:13","date_gmt":"2022-04-04T20:53:13","guid":{"rendered":"https:\/\/facartes.uniandes.edu.co\/cic\/?page_id=10871"},"modified":"2022-04-05T10:34:16","modified_gmt":"2022-04-05T15:34:16","slug":"mesas-abiertas","status":"publish","type":"page","link":"https:\/\/facartes.uniandes.edu.co\/cic\/eventos-cic\/mesas-abiertas\/","title":{"rendered":"Mesas abiertas"},"content":{"rendered":"<div class=\"wpb-content-wrapper\"><p>[vc_row][vc_column][vc_column_text]<span data-contrast=\"none\">El CIC invita a estos encuentros tem\u00e1ticos alrededor de una <\/span><i><span data-contrast=\"none\">mesa abierta<\/span><\/i><span data-contrast=\"none\"> a la que asisten profesores que trabajan sobre tem\u00e1ticas similares para que compartan sus intereses y experiencias de docencia, de investigaci\u00f3n y de creaci\u00f3n. Estos encuentros buscan reforzar un sentimiento de comunidad acad\u00e9mica, promover el di\u00e1logo, las colaboraciones, la docencia colaborativa y la interacci\u00f3n entre colegas. <\/span><span data-contrast=\"none\">La\u00a0<\/span><i><span data-contrast=\"none\">mesa abierta\u00a0<\/span><\/i><span data-contrast=\"none\">es un espacio informal, sin presentaci\u00f3n de diapositivas ni exposiciones. <\/span><span data-contrast=\"none\">Si bien hemos invitado a algunos colegas, toda la comunidad interesada en el tema que nos re\u00fane es bienvenida. <\/span><span data-ccp-props=\"{&quot;201341983&quot;:0,&quot;335559739&quot;:160,&quot;335559740&quot;:259}\">\u00a0<\/span>[\/vc_column_text][\/vc_column][\/vc_row][vc_row][vc_column][vc_basic_grid post_type=\u00bbu_event\u00bb max_items=\u00bb10&#8243; grid_id=\u00bbvc_gid:1649172778209-b5be17ca-ccaf-10&#8243; taxonomies=\u00bb1776&#8243;][\/vc_column][\/vc_row]<\/p>\n<\/div>","protected":false},"excerpt":{"rendered":"<p>[vc_row][vc_column][vc_column_text]El CIC invita a estos encuentros tem\u00e1ticos alrededor de una mesa abierta a la que asisten profesores que trabajan sobre tem\u00e1ticas similares para que compartan sus intereses y experiencias de docencia, de investigaci\u00f3n y de creaci\u00f3n. Estos encuentros buscan reforzar un sentimiento de comunidad acad\u00e9mica, promover el di\u00e1logo, las colaboraciones, la docencia colaborativa y la [&hellip;]<\/p>\n","protected":false},"author":5,"featured_media":10836,"parent":6153,"menu_order":0,"comment_status":"closed","ping_status":"closed","template":"","meta":{"footnotes":""},"class_list":["post-10871","page","type-page","status-publish","has-post-thumbnail","hentry"],"yoast_head":"<!-- This site is optimized with the Yoast SEO plugin v27.3 - https:\/\/yoast.com\/product\/yoast-seo-wordpress\/ -->\n<title>Mesas abiertas Centro de Investigaci\u00f3n y Creaci\u00f3n | Facartes | Uniandes<\/title>\n<meta name=\"description\" content=\"El CIC retoma los encuentros tem\u00e1ticos alrededor de una mesa abierta a la que invitamos profesores que trabajan sobre tem\u00e1ticas similares\" \/>\n<meta name=\"robots\" content=\"noindex, follow, max-snippet:-1, max-image-preview:large, max-video-preview:-1\" \/>\n<meta property=\"og:locale\" content=\"es_ES\" \/>\n<meta property=\"og:type\" content=\"article\" \/>\n<meta property=\"og:title\" content=\"Mesas abiertas Centro de Investigaci\u00f3n y Creaci\u00f3n | Facartes | Uniandes\" \/>\n<meta property=\"og:description\" content=\"El CIC retoma los encuentros tem\u00e1ticos alrededor de una mesa abierta a la que invitamos profesores que trabajan sobre tem\u00e1ticas similares\" \/>\n<meta property=\"og:url\" content=\"https:\/\/facartes.uniandes.edu.co\/cic\/eventos-cic\/mesas-abiertas\/\" \/>\n<meta property=\"og:site_name\" content=\"Centro de Investigaci\u00f3n y Creaci\u00f3n - Facultad de Artes y Humanidades - Universidad de los Andes\" \/>\n<meta property=\"article:modified_time\" content=\"2022-04-05T15:34:16+00:00\" \/>\n<meta property=\"og:image\" content=\"https:\/\/facartes.uniandes.edu.co\/cic\/files\/2022\/03\/1920-destacado-Mesabierta-CIC.jpeg\" \/>\n\t<meta property=\"og:image:width\" content=\"1920\" \/>\n\t<meta property=\"og:image:height\" content=\"1080\" \/>\n\t<meta property=\"og:image:type\" content=\"image\/jpeg\" \/>\n<meta name=\"twitter:card\" content=\"summary_large_image\" \/>\n<meta name=\"twitter:label1\" content=\"Tiempo de lectura\" \/>\n\t<meta name=\"twitter:data1\" content=\"1 minuto\" \/>\n<script type=\"application\/ld+json\" class=\"yoast-schema-graph\">{\"@context\":\"https:\\\/\\\/schema.org\",\"@graph\":[{\"@type\":\"WebPage\",\"@id\":\"https:\\\/\\\/facartes.uniandes.edu.co\\\/cic\\\/eventos-cic\\\/mesas-abiertas\\\/\",\"url\":\"https:\\\/\\\/facartes.uniandes.edu.co\\\/cic\\\/eventos-cic\\\/mesas-abiertas\\\/\",\"name\":\"Mesas abiertas Centro de Investigaci\u00f3n y Creaci\u00f3n | Facartes | Uniandes\",\"isPartOf\":{\"@id\":\"https:\\\/\\\/facartes.uniandes.edu.co\\\/cic\\\/#website\"},\"primaryImageOfPage\":{\"@id\":\"https:\\\/\\\/facartes.uniandes.edu.co\\\/cic\\\/eventos-cic\\\/mesas-abiertas\\\/#primaryimage\"},\"image\":{\"@id\":\"https:\\\/\\\/facartes.uniandes.edu.co\\\/cic\\\/eventos-cic\\\/mesas-abiertas\\\/#primaryimage\"},\"thumbnailUrl\":\"https:\\\/\\\/facartes.uniandes.edu.co\\\/cic\\\/files\\\/2022\\\/03\\\/1920-destacado-Mesabierta-CIC.jpeg\",\"datePublished\":\"2022-04-04T20:53:13+00:00\",\"dateModified\":\"2022-04-05T15:34:16+00:00\",\"description\":\"El CIC retoma los encuentros tem\u00e1ticos alrededor de una mesa abierta a la que invitamos profesores que trabajan sobre tem\u00e1ticas similares\",\"breadcrumb\":{\"@id\":\"https:\\\/\\\/facartes.uniandes.edu.co\\\/cic\\\/eventos-cic\\\/mesas-abiertas\\\/#breadcrumb\"},\"inLanguage\":\"es\",\"potentialAction\":[{\"@type\":\"ReadAction\",\"target\":[\"https:\\\/\\\/facartes.uniandes.edu.co\\\/cic\\\/eventos-cic\\\/mesas-abiertas\\\/\"]}]},{\"@type\":\"ImageObject\",\"inLanguage\":\"es\",\"@id\":\"https:\\\/\\\/facartes.uniandes.edu.co\\\/cic\\\/eventos-cic\\\/mesas-abiertas\\\/#primaryimage\",\"url\":\"https:\\\/\\\/facartes.uniandes.edu.co\\\/cic\\\/files\\\/2022\\\/03\\\/1920-destacado-Mesabierta-CIC.jpeg\",\"contentUrl\":\"https:\\\/\\\/facartes.uniandes.edu.co\\\/cic\\\/files\\\/2022\\\/03\\\/1920-destacado-Mesabierta-CIC.jpeg\",\"width\":1920,\"height\":1080,\"caption\":\"Imagen destacada para las mesas abiertas del CIC\"},{\"@type\":\"BreadcrumbList\",\"@id\":\"https:\\\/\\\/facartes.uniandes.edu.co\\\/cic\\\/eventos-cic\\\/mesas-abiertas\\\/#breadcrumb\",\"itemListElement\":[{\"@type\":\"ListItem\",\"position\":1,\"name\":\"Portada\",\"item\":\"https:\\\/\\\/facartes.uniandes.edu.co\\\/cic\\\/\"},{\"@type\":\"ListItem\",\"position\":2,\"name\":\"Eventos CIC\",\"item\":\"https:\\\/\\\/facartes.uniandes.edu.co\\\/cic\\\/eventos-cic\\\/\"},{\"@type\":\"ListItem\",\"position\":3,\"name\":\"Mesas abiertas\"}]},{\"@type\":\"WebSite\",\"@id\":\"https:\\\/\\\/facartes.uniandes.edu.co\\\/cic\\\/#website\",\"url\":\"https:\\\/\\\/facartes.uniandes.edu.co\\\/cic\\\/\",\"name\":\"Centro de Investigaci\u00f3n y Creaci\u00f3n - Facultad de Artes y Humanidades - Universidad de los Andes\",\"description\":\"\",\"potentialAction\":[{\"@type\":\"SearchAction\",\"target\":{\"@type\":\"EntryPoint\",\"urlTemplate\":\"https:\\\/\\\/facartes.uniandes.edu.co\\\/cic\\\/?s={search_term_string}\"},\"query-input\":{\"@type\":\"PropertyValueSpecification\",\"valueRequired\":true,\"valueName\":\"search_term_string\"}}],\"inLanguage\":\"es\"}]}<\/script>\n<!-- \/ Yoast SEO plugin. -->","yoast_head_json":{"title":"Mesas abiertas Centro de Investigaci\u00f3n y Creaci\u00f3n | Facartes | Uniandes","description":"El CIC retoma los encuentros tem\u00e1ticos alrededor de una mesa abierta a la que invitamos profesores que trabajan sobre tem\u00e1ticas similares","robots":{"index":"noindex","follow":"follow","max-snippet":"max-snippet:-1","max-image-preview":"max-image-preview:large","max-video-preview":"max-video-preview:-1"},"og_locale":"es_ES","og_type":"article","og_title":"Mesas abiertas Centro de Investigaci\u00f3n y Creaci\u00f3n | Facartes | Uniandes","og_description":"El CIC retoma los encuentros tem\u00e1ticos alrededor de una mesa abierta a la que invitamos profesores que trabajan sobre tem\u00e1ticas similares","og_url":"https:\/\/facartes.uniandes.edu.co\/cic\/eventos-cic\/mesas-abiertas\/","og_site_name":"Centro de Investigaci\u00f3n y Creaci\u00f3n - Facultad de Artes y Humanidades - Universidad de los Andes","article_modified_time":"2022-04-05T15:34:16+00:00","og_image":[{"width":1920,"height":1080,"url":"https:\/\/facartes.uniandes.edu.co\/cic\/files\/2022\/03\/1920-destacado-Mesabierta-CIC.jpeg","type":"image\/jpeg"}],"twitter_card":"summary_large_image","twitter_misc":{"Tiempo de lectura":"1 minuto"},"schema":{"@context":"https:\/\/schema.org","@graph":[{"@type":"WebPage","@id":"https:\/\/facartes.uniandes.edu.co\/cic\/eventos-cic\/mesas-abiertas\/","url":"https:\/\/facartes.uniandes.edu.co\/cic\/eventos-cic\/mesas-abiertas\/","name":"Mesas abiertas Centro de Investigaci\u00f3n y Creaci\u00f3n | Facartes | Uniandes","isPartOf":{"@id":"https:\/\/facartes.uniandes.edu.co\/cic\/#website"},"primaryImageOfPage":{"@id":"https:\/\/facartes.uniandes.edu.co\/cic\/eventos-cic\/mesas-abiertas\/#primaryimage"},"image":{"@id":"https:\/\/facartes.uniandes.edu.co\/cic\/eventos-cic\/mesas-abiertas\/#primaryimage"},"thumbnailUrl":"https:\/\/facartes.uniandes.edu.co\/cic\/files\/2022\/03\/1920-destacado-Mesabierta-CIC.jpeg","datePublished":"2022-04-04T20:53:13+00:00","dateModified":"2022-04-05T15:34:16+00:00","description":"El CIC retoma los encuentros tem\u00e1ticos alrededor de una mesa abierta a la que invitamos profesores que trabajan sobre tem\u00e1ticas similares","breadcrumb":{"@id":"https:\/\/facartes.uniandes.edu.co\/cic\/eventos-cic\/mesas-abiertas\/#breadcrumb"},"inLanguage":"es","potentialAction":[{"@type":"ReadAction","target":["https:\/\/facartes.uniandes.edu.co\/cic\/eventos-cic\/mesas-abiertas\/"]}]},{"@type":"ImageObject","inLanguage":"es","@id":"https:\/\/facartes.uniandes.edu.co\/cic\/eventos-cic\/mesas-abiertas\/#primaryimage","url":"https:\/\/facartes.uniandes.edu.co\/cic\/files\/2022\/03\/1920-destacado-Mesabierta-CIC.jpeg","contentUrl":"https:\/\/facartes.uniandes.edu.co\/cic\/files\/2022\/03\/1920-destacado-Mesabierta-CIC.jpeg","width":1920,"height":1080,"caption":"Imagen destacada para las mesas abiertas del CIC"},{"@type":"BreadcrumbList","@id":"https:\/\/facartes.uniandes.edu.co\/cic\/eventos-cic\/mesas-abiertas\/#breadcrumb","itemListElement":[{"@type":"ListItem","position":1,"name":"Portada","item":"https:\/\/facartes.uniandes.edu.co\/cic\/"},{"@type":"ListItem","position":2,"name":"Eventos CIC","item":"https:\/\/facartes.uniandes.edu.co\/cic\/eventos-cic\/"},{"@type":"ListItem","position":3,"name":"Mesas abiertas"}]},{"@type":"WebSite","@id":"https:\/\/facartes.uniandes.edu.co\/cic\/#website","url":"https:\/\/facartes.uniandes.edu.co\/cic\/","name":"Centro de Investigaci\u00f3n y Creaci\u00f3n - Facultad de Artes y Humanidades - Universidad de los Andes","description":"","potentialAction":[{"@type":"SearchAction","target":{"@type":"EntryPoint","urlTemplate":"https:\/\/facartes.uniandes.edu.co\/cic\/?s={search_term_string}"},"query-input":{"@type":"PropertyValueSpecification","valueRequired":true,"valueName":"search_term_string"}}],"inLanguage":"es"}]}},"_links":{"self":[{"href":"https:\/\/facartes.uniandes.edu.co\/cic\/wp-json\/wp\/v2\/pages\/10871","targetHints":{"allow":["GET"]}}],"collection":[{"href":"https:\/\/facartes.uniandes.edu.co\/cic\/wp-json\/wp\/v2\/pages"}],"about":[{"href":"https:\/\/facartes.uniandes.edu.co\/cic\/wp-json\/wp\/v2\/types\/page"}],"author":[{"embeddable":true,"href":"https:\/\/facartes.uniandes.edu.co\/cic\/wp-json\/wp\/v2\/users\/5"}],"replies":[{"embeddable":true,"href":"https:\/\/facartes.uniandes.edu.co\/cic\/wp-json\/wp\/v2\/comments?post=10871"}],"version-history":[{"count":4,"href":"https:\/\/facartes.uniandes.edu.co\/cic\/wp-json\/wp\/v2\/pages\/10871\/revisions"}],"predecessor-version":[{"id":10879,"href":"https:\/\/facartes.uniandes.edu.co\/cic\/wp-json\/wp\/v2\/pages\/10871\/revisions\/10879"}],"up":[{"embeddable":true,"href":"https:\/\/facartes.uniandes.edu.co\/cic\/wp-json\/wp\/v2\/pages\/6153"}],"wp:featuredmedia":[{"embeddable":true,"href":"https:\/\/facartes.uniandes.edu.co\/cic\/wp-json\/wp\/v2\/media\/10836"}],"wp:attachment":[{"href":"https:\/\/facartes.uniandes.edu.co\/cic\/wp-json\/wp\/v2\/media?parent=10871"}],"curies":[{"name":"wp","href":"https:\/\/api.w.org\/{rel}","templated":true}]}}