{"id":10856,"date":"2022-03-31T16:38:30","date_gmt":"2022-03-31T21:38:30","guid":{"rendered":"https:\/\/facartes.uniandes.edu.co\/cic\/?page_id=10856"},"modified":"2025-09-12T15:48:15","modified_gmt":"2025-09-12T20:48:15","slug":"convocatoria-cic","status":"publish","type":"page","link":"https:\/\/facartes.uniandes.edu.co\/cic\/convocatorias\/convocatoria-cic\/","title":{"rendered":"Convocatoria CIC"},"content":{"rendered":"<div class=\"wpb-content-wrapper\"><p>[vc_row][vc_column][vc_column_text]<\/p>\n<p style=\"text-align: center;\"><strong>Centro de Investigaci\u00f3n y Creaci\u00f3n CIC<\/strong><br \/>\nVicedecanatura de Investigaci\u00f3n y Creaci\u00f3n<br \/>\nFacultad de Artes y Humanidades<br \/>\nUniversidad de los Andes<\/p>\n<p>[\/vc_column_text][vc_tta_accordion style=\u00bboutline\u00bb shape=\u00bbsquare\u00bb color=\u00bbblue\u00bb c_icon=\u00bbchevron\u00bb active_section=\u00bb15&#8243; collapsible_all=\u00bbtrue\u00bb][vc_tta_section title=\u00bbT\u00e9rminos de referencia\u00bb tab_id=\u00bbterminos\u00bb][vc_column_text]<a href=\"https:\/\/facartes.uniandes.edu.co\/cic\/\" target=\"_blank\" rel=\"noopener\"><strong><span style=\"color: #ff0000;\">El Centro de Investigaci\u00f3n y Creaci\u00f3n<\/span><\/strong> <\/a>(CIC) de la Facultad de Artes y Humanidades invita a los profesores de planta de la Facultad a participar en la <strong>Convocatoria cic 2025_2<\/strong>\u00a0para la financiaci\u00f3n de proyectos de investigaci\u00f3n y de creaci\u00f3n. Esta convocatoria busca fomentar el crecimiento profesional de los profesores de planta de la Facultad y proyectar su visibilidad hacia la comunidad externa.<\/p>\n<p>Este a\u00f1o, el cic financiar\u00e1 proyectos de hasta <strong>$20.000.000<\/strong>. El Comit\u00e9 cic podr\u00e1 financiar los proyectos escogidos de la forma que mejor considere, seg\u00fan la envergadura, cantidad y calidad de los proyectos recibidos y productos resultantes que deber\u00e1n ser ingresados a la plataforma institucional Academia.<\/p>\n<p>Se invita a que los profesores presenten proyectos que impliquen colaboraciones entre las diferentes unidades de la facultad, la participaci\u00f3n de estudiantes, as\u00ed como la articulaci\u00f3n con el <strong><span style=\"color: #ff0000;\"><a style=\"color: #ff0000;\" href=\"https:\/\/badac.uniandes.edu.co\/\" target=\"_blank\" rel=\"noopener\">BADAC<\/a><\/span><\/strong>, el <strong><span style=\"color: #ff0000;\"><a style=\"color: #ff0000;\" href=\"https:\/\/facartes.uniandes.edu.co\/facultad\/labdigital\/\" target=\"_blank\" rel=\"noopener\">LabDigital<\/a><\/span><\/strong>, el <a href=\"https:\/\/facartes.uniandes.edu.co\/facultad\/proyectos-transversales\/patrimonio\/servicios\/\" target=\"_blank\" rel=\"noopener\"><strong><span style=\"color: #ff0000;\">LEAP<\/span><\/strong><\/a> y la <strong><span style=\"color: #ff0000;\"><a style=\"color: #ff0000;\" href=\"https:\/\/cerosetenta.uniandes.edu.co\/\" target=\"_blank\" rel=\"noopener\">revista 070<\/a>.<\/span><\/strong>[\/vc_column_text][\/vc_tta_section][vc_tta_section title=\u00bbFechas de la convocatoria:\u00bb tab_id=\u00bbfechas\u00bb][vc_column_text css=\u00bb\u00bb]<\/p>\n<ul>\n<li>Fecha de apertura de la Convocatoria cic 2025_2: <strong>martes 1 de julio de 2025<\/strong><\/li>\n<li>\u00daltima fecha de recepci\u00f3n de propuestas: <strong>viernes 17 de octubre 2025<\/strong><\/li>\n<\/ul>\n<p class=\"p2\"><span class=\"s1\"><span class=\"Apple-converted-space\">\u00a0<\/span><\/span><strong>Fechas de revisi\u00f3n de las propuestas por parte del Comit\u00e9 CIC<span class=\"Apple-converted-space\">\u00a0<\/span><\/strong><\/p>\n<ul class=\"ul1\">\n<li class=\"li3\">Lunes 28 de julio<span class=\"Apple-converted-space\">\u00a0<\/span><\/li>\n<li class=\"li3\">Lunes 25 de agosto<span class=\"Apple-converted-space\">\u00a0<\/span><\/li>\n<li class=\"li3\">Lunes 15 de septiembre<span class=\"Apple-converted-space\">\u00a0<\/span><\/li>\n<li class=\"li2\">Lunes 20 de octubre<span class=\"Apple-converted-space\">\u00a0<\/span><\/li>\n<\/ul>\n<p class=\"p1\">Los postulantes recibir\u00e1n una carta de respuesta tras la reuni\u00f3n del Comit\u00e9 informando sobre la decisi\u00f3n y figurar\u00e1n en el acta p\u00fablica de la sesi\u00f3n del Comit\u00e9.<span class=\"Apple-converted-space\">\u00a0<\/span><\/p>\n<p class=\"p2\">La convocatoria estar\u00e1 abierta hasta agotar recursos.<span class=\"Apple-converted-space\">\u00a0<\/span><\/p>\n<p>[\/vc_column_text][\/vc_tta_section][vc_tta_section title=\u00bbTiempo de ejecuci\u00f3n\u00bb tab_id=\u00bbtiempo\u00bb][vc_column_text]Hasta noviembre 2025.[\/vc_column_text][\/vc_tta_section][vc_tta_section title=\u00bbModalidades:\u00bb tab_id=\u00bbmodalidades\u00bb][vc_column_text]Los profesores pueden escoger una de tres modalidades de acuerdo con las actividades y los resultados esperados de cada proyecto:<\/p>\n<ul>\n<li>Proyecto de investigaci\u00f3n.<\/li>\n<li>Proyecto de creaci\u00f3n.<\/li>\n<li>Proyecto de investigaci\u00f3n y creaci\u00f3n (modalidad de producci\u00f3n h\u00edbrida).<\/li>\n<\/ul>\n<p>Aquellas propuestas que se presenten bajo la modalidad de <em>proyecto de investigaci\u00f3n y creaci\u00f3n<\/em> deben hacer expl\u00edcitos, en su planteamiento, los aspectos que hacen de su proyecto una labor tanto de investigaci\u00f3n como de creaci\u00f3n.[\/vc_column_text][\/vc_tta_section][vc_tta_section title=\u00bbTiempos de publicaci\u00f3n de la producci\u00f3n de nuevo conocimiento:\u00bb tab_id=\u00bbtiempos\u00bb][vc_column_text]Los proyectos deben concebir la elaboraci\u00f3n de productos de nuevo conocimiento definidos<a href=\"https:\/\/facartes.uniandes.edu.co\/cic\/investigacion-creacion\/valoracion\/\"><span style=\"color: #ff0000;\"><strong> por la Facultad en nuestra p\u00e1gina<\/strong><\/span><\/a>. La propuesta debe hacer expl\u00edcitos los tiempos de producci\u00f3n y publicaci\u00f3n que implican y requieren sus productos. Todos los productos deber\u00e1n registrarse en la plataforma institucional Academia para hacer oficial su entrega.<\/p>\n<p>Los proyectos que postulen productos listos para ser publicados, es decir, que en los tiempos de ejecuci\u00f3n de la convocatoria planteen la presentaci\u00f3n a entidades de publicaci\u00f3n, s\u00f3lo podr\u00e1n darse por terminados una vez los productos est\u00e9n aceptados para publicaci\u00f3n (para el caso de art\u00edculos, libros o cap\u00edtulos) o puedan dar soportes de existencia (para el resto de la producci\u00f3n). Por esta raz\u00f3n, los tiempos de publicaci\u00f3n con editoriales externas (acad\u00e9micas e independientes) y revistas acad\u00e9micas deben tenerse en cuenta a la hora de proponer proyectos. Recomendamos consultar estos tiempos con los lugares de publicaci\u00f3n antes de enviar la propuesta.<\/p>\n<p>Para el caso de publicaciones no seriadas (libros y cap\u00edtulos de libro) que se sometan al Comit\u00e9 de Publicaciones de la facultad, el proceso completo de publicaci\u00f3n (fase pre editorial en la unidad acad\u00e9mica y fase editorial en Ediciones Uniandes) es de dos a\u00f1os, aproximadamente, de acuerdo con la <strong><span style=\"color: #ff0000;\"><a style=\"color: #ff0000;\" href=\"https:\/\/facartes.uniandes.edu.co\/guia-para-autores\/\" target=\"_blank\" rel=\"noopener\"><em>Gu\u00eda para autores<\/em><\/a>.<\/span><\/strong>[\/vc_column_text][\/vc_tta_section][vc_tta_section title=\u00bbRubros financiables\u00bb tab_id=\u00bbrubros\u00bb][vc_column_text]La Convocatoria cic financiar\u00e1 costos de actividades de investigaci\u00f3n y creaci\u00f3n tales como:<\/p>\n<ul>\n<li>Materiales, papeler\u00eda y utiler\u00eda<\/li>\n<li>Impresos<\/li>\n<li>Contrataci\u00f3n de servicios t\u00e9cnicos<\/li>\n<li>Contrataci\u00f3n de profesionales de investigaci\u00f3n y creaci\u00f3n<\/li>\n<li>Contrataci\u00f3n de monitores o auxiliares de investigaci\u00f3n y creaci\u00f3n<\/li>\n<li>Compra de im\u00e1genes para publicaciones<\/li>\n<li>Traslado de elementos<\/li>\n<li>Gastos de salidas de campo<\/li>\n<\/ul>\n<p>&nbsp;<\/p>\n<p>Los fondos de esta convocatoria no podr\u00e1n ser utilizados para bonificar el trabajo de empleados de planta de la universidad (profesor o administrativo), seg\u00fan las pol\u00edticas de ejecuci\u00f3n de la Vicerrector\u00eda de Investigaci\u00f3n y Creaci\u00f3n y la Vicerrector\u00eda Administrativa y Financiera. Tampoco se puede pagar honorarios a profesores extranjeros, ni servicios de catering.<\/p>\n<p>&nbsp;<\/p>\n<p>En caso de contratar un profesional de investigaci\u00f3n 1,<a href=\"#_ftn1\" name=\"_ftnref1\">[1]<\/a> este estudiante deber\u00e1 ser un estudiante activo de alguno de los programas de la Universidad, preferiblemente de los que ofrece nuestra Facultad. Tenga en cuenta que los estudiantes de la Universidad no pueden tener m\u00e1s de una contrataci\u00f3n con la Universidad; por tal raz\u00f3n, si planea contratar un monitor, auxiliar o profesional de investigaci\u00f3n, debe asegurarse que no cuenta con otra contrataci\u00f3n en la universidad. Los monitores de investigaci\u00f3n (estudiantes activos de pregrado) no pueden tener una carga de matr\u00edcula completa, puesto que deben tener disponibles m\u00ednimo 12 horas semanales.<\/p>\n<p>El Formato de Presupuesto contiene una pesta\u00f1a \u201cTiempos de los procesos\u201d con indicaci\u00f3n de los tiempos de pagos estipulados, as\u00ed como un \u201cTarifario de contrataci\u00f3n de los profesionales de investigaci\u00f3n\u201d.<\/p>\n<p><a href=\"#_ftnref1\" name=\"_ftn1\">[1]<\/a> Existen dos tipos de profesional de investigaci\u00f3n. <em>Profesional de investigaci\u00f3n 1<\/em>: se refiere a un estudiante de posgrado activo en uno de los programas acad\u00e9micos de la universidad. <em>Profesional de investigaci\u00f3n 2<\/em>: se refiere a una persona que ya culmin\u00f3 sus estudios de posgrado.[\/vc_column_text][\/vc_tta_section][vc_tta_section title=\u00bbCondiciones:\u00bb tab_id=\u00bbcondiciones\u00bb][vc_column_text]Para presentarse a esta convocatoria, los profesores deben tener finalizados todos los proyectos cic en los que hayan sido ganadores anteriormente. No pueden tener en curso ning\u00fan otro proyecto del cic, ni estar en deuda con sus informes finales o productos de proyectos anteriores. Los profesores que est\u00e9n realizando un proyecto FAPA pueden presentarse a esta convocatoria, pero su financiaci\u00f3n ser\u00e1 potestad del Comit\u00e9 cic y estar\u00e1 sujeta a la disponibilidad de fondos despu\u00e9s de la financiaci\u00f3n de aquellos proyectos de profesores sin FAPA.<\/p>\n<p>S\u00f3lo se aceptar\u00e1n las postulaciones de aquellos profesores que est\u00e9n al d\u00eda con la clasificaci\u00f3n de los productos de nuevo conocimiento del corte inmediatamente anterior a la convocatoria vigente, es decir, la valoraci\u00f3n llevada a cabo durante el segundo semestre del a\u00f1o anterior (para este a\u00f1o, aplica la ventana 2023-2024).<\/p>\n<p>Cada proyecto debe se\u00f1alar los aspectos \u00e9ticos de sus actividades, tanto con respecto al l\u00edder del proyecto como con las personas que participar\u00e1n en \u00e9l. Los proyectos pueden presentar un riesgo \u00e9tico cuando, en sus procesos, utilizan datos personales, realizan entrevistas, documentales, recolecci\u00f3n y difusi\u00f3n de datos. En consecuencia, involucran la integridad f\u00edsica, psicol\u00f3gica, social o identitaria de los sujetos de la investigaci\u00f3n o la creaci\u00f3n, ya sea mediante actividades, capacitaciones, cursos, o conferencias, entre otros<a href=\"#_ftn1\" name=\"_ftnref1\">[1]<\/a>. Esperamos que todos los profesores realicen un ejercicio anal\u00edtico sobre los aspectos \u00e9ticos de sus proyectos, incluso cuando sus actividades no impliquen necesariamente un riesgo.<\/p>\n<p>Cuando los proyectos involucren actividades de producci\u00f3n de nuevo conocimiento con creadores externos, estos no tendr\u00e1n que ceder sistem\u00e1ticamente sus derechos patrimoniales a la universidad<a href=\"#_ftn2\" name=\"_ftnref2\">[2]<\/a>. Si el proyecto implica una comisi\u00f3n de obras y la cesi\u00f3n de alg\u00fan derecho patrimonial, se revisar\u00e1 cada caso para definir aspectos relacionados con la propiedad intelectual.<\/p>\n<p>Los ganadores tendr\u00e1n que presentar un informe final doce meses despu\u00e9s de otorgado el est\u00edmulo, a trav\u00e9s del <strong><span style=\"color: #ff0000;\"><a style=\"color: #ff0000;\" href=\"https:\/\/facartes.uniandes.edu.co\/cic\/informes-de-cierre-de-los-proyectos\/\" target=\"_blank\" rel=\"noopener\">formulario de informe final<\/a><\/span><\/strong> en la p\u00e1gina del cic. Asimismo, invitamos a que los investigadores y creadores presenten los resultados de sus proyectos p\u00fablicamente, ya sea una exposici\u00f3n de arte, un concierto, un seminario, un ciclo de conferencias, un conversatorio\u2026 etc. Tal divulgaci\u00f3n debe formar parte de la propuesta del proyecto. Al final del proyecto, el profesor deber\u00e1 tener el material listo para registrarlo en la plataforma institucional <strong><span style=\"color: #ff0000;\"><a style=\"color: #ff0000;\" href=\"https:\/\/academia.uniandes.edu.co\/\" target=\"_blank\" rel=\"noopener\">Academia Uniandes<\/a>.<\/span><\/strong><\/p>\n<p><a href=\"#_ftnref1\" name=\"_ftn1\">[1]<\/a> Estos riesgos pueden cubrir tanto a poblaci\u00f3n regular como, tambi\u00e9n, minor\u00edas y poblaciones vulnerables. Los profesores pueden consultar la p\u00e1gina de <a href=\"https:\/\/facartes.uniandes.edu.co\/cic\/investigacion-creacion\/etica-en-la-investigacion-y-la-creacion\/\" target=\"_blank\" rel=\"noopener\"><strong><span style=\"color: #ff0000;\">\u00e9tica en la investigaci\u00f3n y la creaci\u00f3n<\/span><\/strong><\/a> del CIC.<\/p>\n<p><a href=\"#_ftnref2\" name=\"_ftn2\">[2]<\/a> Es relevante recordar que los derechos morales de las obras son inalienables. Esto quiere decir que, incluso ante cualquier acuerdo de cesi\u00f3n de derechos patrimoniales, las obras pertenecer\u00e1n siempre a sus creadores.[\/vc_column_text][\/vc_tta_section][vc_tta_section title=\u00bbPresentaci\u00f3n de propuestas:\u00bb tab_id=\u00bbpresentacion-propuestas\u00bb][vc_column_text]Las personas interesadas en postularse a esta convocatoria pueden solicitar una revisi\u00f3n de la propuesta a los profesores representantes cic de cada unidad y a la gestora financiera del cic, Ana Malaver. Para la postulaci\u00f3n, el profesorado deber\u00e1 utilizar los dos formatos requeridos de postulaci\u00f3n: 1) <a href=\"https:\/\/facartes.uniandes.edu.co\/cic\/files\/2025\/01\/Convocatoria-CIC-2025_Formulario-de-solicitud.docx\"><strong><span style=\"color: #ff0000;\">formulario de solicitud<\/span><\/strong><\/a> y 2) <a href=\"https:\/\/facartes.uniandes.edu.co\/cic\/files\/2025\/02\/Formato_presupuestal_convocatoria_CICdef.xlsx\"><strong><span style=\"color: #ff0000;\">formato de presupuesto<\/span><\/strong><\/a>. Ambos formatos se pueden descargar en nuestra p\u00e1gina web. La propuesta debe enviarse al correo <a href=\"mailto:cic@uniandes.edu.co\"><strong><span style=\"color: #ff0000;\">cic@uniandes.edu.co<\/span><\/strong><\/a> indicando, como asunto, \u201cPostulaci\u00f3n convocatoria CIC 2025 | Nombre de la persona\u201d. Adem\u00e1s de los dos formatos, deben adjuntar a ese correo las cotizaciones de soporte del presupuesto y cualquier otro anexo que considere pertinente.<\/p>\n<p>El Comit\u00e9 cic revisar\u00e1 las propuestas en orden de llegada durante su sesi\u00f3n mensual. Podr\u00e1 decidir si financia la totalidad o no de los rubros de los proyectos, seg\u00fan lo considere pertinente y de acuerdo con el estado de las bolsas de investigaci\u00f3n.[\/vc_column_text][\/vc_tta_section][vc_tta_section title=\u00bbCr\u00e9ditos\u00bb tab_id=\u00bbcreditos\u00bb][vc_column_text]En todos los escenarios de divulgaci\u00f3n, las personas ganadoras deber\u00e1n mencionar su vinculaci\u00f3n a la Universidad como profesora o profesor de la Facultad de Artes y Humanidades y dar cr\u00e9dito al cic, a la Facultad de Artes y Humanidades y a la Universidad de los Andes por haber apoyado el proyecto.[\/vc_column_text][\/vc_tta_section][\/vc_tta_accordion][\/vc_column][\/vc_row][vc_row][vc_column width=\u00bb1\/2&#8243;][vc_btn title=\u00bbDescargar formulario de solicitud\u00bb style=\u00bbflat\u00bb shape=\u00bbsquare\u00bb color=\u00bbdanger\u00bb size=\u00bblg\u00bb align=\u00bbcenter\u00bb button_block=\u00bbtrue\u00bb link=\u00bburl:https%3A%2F%2Ffacartes.uniandes.edu.co%2Fcic%2Ffiles%2F2025%2F06%2FConvocatoria-CIC-2025_Formulario-de-solicitud.docx\u00bb][\/vc_column][vc_column width=\u00bb1\/2&#8243;][vc_btn title=\u00bbDescargar formato de presupuesto\u00bb style=\u00bbflat\u00bb shape=\u00bbsquare\u00bb color=\u00bbblue\u00bb size=\u00bblg\u00bb align=\u00bbcenter\u00bb button_block=\u00bbtrue\u00bb link=\u00bburl:https%3A%2F%2Ffacartes.uniandes.edu.co%2Fcic%2Ffiles%2F2025%2F06%2FFormato_presupuestal_convocatoria_CIC_2025.xlsx\u00bb][\/vc_column][\/vc_row][vc_row][vc_column][vc_btn title=\u00bbDescargar los t\u00e9rminos de referencia aqu\u00ed\u00bb style=\u00bbflat\u00bb shape=\u00bbsquare\u00bb color=\u00bbinfo\u00bb size=\u00bblg\u00bb align=\u00bbcenter\u00bb button_block=\u00bbtrue\u00bb link=\u00bburl:https%3A%2F%2Ffacartes.uniandes.edu.co%2Fcic%2Ffiles%2F2025%2F06%2FConvocatoria-CIC-2025_2_TdR.pdf|target:_blank\u00bb][\/vc_column][\/vc_row]<\/p>\n<\/div>","protected":false},"excerpt":{"rendered":"<p>[vc_row][vc_column][vc_column_text] Centro de Investigaci\u00f3n y Creaci\u00f3n CIC Vicedecanatura de Investigaci\u00f3n y Creaci\u00f3n Facultad de Artes y Humanidades Universidad de los Andes [\/vc_column_text][vc_tta_accordion style=\u00bboutline\u00bb shape=\u00bbsquare\u00bb color=\u00bbblue\u00bb c_icon=\u00bbchevron\u00bb active_section=\u00bb15&#8243; collapsible_all=\u00bbtrue\u00bb][vc_tta_section title=\u00bbT\u00e9rminos de referencia\u00bb tab_id=\u00bbterminos\u00bb][vc_column_text]El Centro de Investigaci\u00f3n y Creaci\u00f3n (CIC) de la Facultad de Artes y Humanidades invita a los profesores de planta de la Facultad a [&hellip;]<\/p>\n","protected":false},"author":5,"featured_media":0,"parent":6174,"menu_order":0,"comment_status":"closed","ping_status":"closed","template":"","meta":{"footnotes":""},"class_list":["post-10856","page","type-page","status-publish","hentry"],"yoast_head":"<!-- This site is optimized with the Yoast SEO plugin v27.2 - https:\/\/yoast.com\/product\/yoast-seo-wordpress\/ -->\n<title>Convocatoria CIC - Centro de Investigaci\u00f3n y Creaci\u00f3n - Facultad de Artes y Humanidades - Universidad de los Andes<\/title>\n<meta name=\"description\" content=\"El CIC de la Facultad de Artes y Humanidades invita a todos los profesores de planta de la Facultad a participar en la Convocatoria CIC 2022\" \/>\n<meta name=\"robots\" content=\"noindex, follow, max-snippet:-1, max-image-preview:large, max-video-preview:-1\" \/>\n<meta property=\"og:locale\" content=\"es_ES\" \/>\n<meta property=\"og:type\" content=\"article\" \/>\n<meta property=\"og:title\" content=\"Convocatoria CIC - Centro de Investigaci\u00f3n y Creaci\u00f3n - Facultad de Artes y Humanidades - Universidad de los Andes\" \/>\n<meta property=\"og:description\" content=\"El CIC de la Facultad de Artes y Humanidades invita a todos los profesores de planta de la Facultad a participar en la Convocatoria CIC 2022\" \/>\n<meta property=\"og:url\" content=\"https:\/\/facartes.uniandes.edu.co\/cic\/convocatorias\/convocatoria-cic\/\" \/>\n<meta property=\"og:site_name\" content=\"Centro de Investigaci\u00f3n y Creaci\u00f3n - Facultad de Artes y Humanidades - Universidad de los Andes\" \/>\n<meta property=\"article:modified_time\" content=\"2025-09-12T20:48:15+00:00\" \/>\n<meta name=\"twitter:card\" content=\"summary_large_image\" \/>\n<meta name=\"twitter:label1\" content=\"Tiempo de lectura\" \/>\n\t<meta name=\"twitter:data1\" content=\"7 minutos\" \/>\n<script type=\"application\/ld+json\" class=\"yoast-schema-graph\">{\"@context\":\"https:\/\/schema.org\",\"@graph\":[{\"@type\":\"WebPage\",\"@id\":\"https:\/\/facartes.uniandes.edu.co\/cic\/convocatorias\/convocatoria-cic\/\",\"url\":\"https:\/\/facartes.uniandes.edu.co\/cic\/convocatorias\/convocatoria-cic\/\",\"name\":\"Convocatoria CIC - Centro de Investigaci\u00f3n y Creaci\u00f3n - Facultad de Artes y Humanidades - Universidad de los Andes\",\"isPartOf\":{\"@id\":\"https:\/\/facartes.uniandes.edu.co\/cic\/#website\"},\"datePublished\":\"2022-03-31T21:38:30+00:00\",\"dateModified\":\"2025-09-12T20:48:15+00:00\",\"description\":\"El CIC de la Facultad de Artes y Humanidades invita a todos los profesores de planta de la Facultad a participar en la Convocatoria CIC 2022\",\"breadcrumb\":{\"@id\":\"https:\/\/facartes.uniandes.edu.co\/cic\/convocatorias\/convocatoria-cic\/#breadcrumb\"},\"inLanguage\":\"es\",\"potentialAction\":[{\"@type\":\"ReadAction\",\"target\":[\"https:\/\/facartes.uniandes.edu.co\/cic\/convocatorias\/convocatoria-cic\/\"]}]},{\"@type\":\"BreadcrumbList\",\"@id\":\"https:\/\/facartes.uniandes.edu.co\/cic\/convocatorias\/convocatoria-cic\/#breadcrumb\",\"itemListElement\":[{\"@type\":\"ListItem\",\"position\":1,\"name\":\"Portada\",\"item\":\"https:\/\/facartes.uniandes.edu.co\/cic\/\"},{\"@type\":\"ListItem\",\"position\":2,\"name\":\"Convocatorias\",\"item\":\"https:\/\/facartes.uniandes.edu.co\/cic\/convocatorias\/\"},{\"@type\":\"ListItem\",\"position\":3,\"name\":\"Convocatoria CIC\"}]},{\"@type\":\"WebSite\",\"@id\":\"https:\/\/facartes.uniandes.edu.co\/cic\/#website\",\"url\":\"https:\/\/facartes.uniandes.edu.co\/cic\/\",\"name\":\"Centro de Investigaci\u00f3n y Creaci\u00f3n - Facultad de Artes y Humanidades - Universidad de los Andes\",\"description\":\"\",\"potentialAction\":[{\"@type\":\"SearchAction\",\"target\":{\"@type\":\"EntryPoint\",\"urlTemplate\":\"https:\/\/facartes.uniandes.edu.co\/cic\/?s={search_term_string}\"},\"query-input\":{\"@type\":\"PropertyValueSpecification\",\"valueRequired\":true,\"valueName\":\"search_term_string\"}}],\"inLanguage\":\"es\"}]}<\/script>\n<!-- \/ Yoast SEO plugin. -->","yoast_head_json":{"title":"Convocatoria CIC - Centro de Investigaci\u00f3n y Creaci\u00f3n - Facultad de Artes y Humanidades - Universidad de los Andes","description":"El CIC de la Facultad de Artes y Humanidades invita a todos los profesores de planta de la Facultad a participar en la Convocatoria CIC 2022","robots":{"index":"noindex","follow":"follow","max-snippet":"max-snippet:-1","max-image-preview":"max-image-preview:large","max-video-preview":"max-video-preview:-1"},"og_locale":"es_ES","og_type":"article","og_title":"Convocatoria CIC - Centro de Investigaci\u00f3n y Creaci\u00f3n - Facultad de Artes y Humanidades - Universidad de los Andes","og_description":"El CIC de la Facultad de Artes y Humanidades invita a todos los profesores de planta de la Facultad a participar en la Convocatoria CIC 2022","og_url":"https:\/\/facartes.uniandes.edu.co\/cic\/convocatorias\/convocatoria-cic\/","og_site_name":"Centro de Investigaci\u00f3n y Creaci\u00f3n - Facultad de Artes y Humanidades - Universidad de los Andes","article_modified_time":"2025-09-12T20:48:15+00:00","twitter_card":"summary_large_image","twitter_misc":{"Tiempo de lectura":"7 minutos"},"schema":{"@context":"https:\/\/schema.org","@graph":[{"@type":"WebPage","@id":"https:\/\/facartes.uniandes.edu.co\/cic\/convocatorias\/convocatoria-cic\/","url":"https:\/\/facartes.uniandes.edu.co\/cic\/convocatorias\/convocatoria-cic\/","name":"Convocatoria CIC - Centro de Investigaci\u00f3n y Creaci\u00f3n - Facultad de Artes y Humanidades - Universidad de los Andes","isPartOf":{"@id":"https:\/\/facartes.uniandes.edu.co\/cic\/#website"},"datePublished":"2022-03-31T21:38:30+00:00","dateModified":"2025-09-12T20:48:15+00:00","description":"El CIC de la Facultad de Artes y Humanidades invita a todos los profesores de planta de la Facultad a participar en la Convocatoria CIC 2022","breadcrumb":{"@id":"https:\/\/facartes.uniandes.edu.co\/cic\/convocatorias\/convocatoria-cic\/#breadcrumb"},"inLanguage":"es","potentialAction":[{"@type":"ReadAction","target":["https:\/\/facartes.uniandes.edu.co\/cic\/convocatorias\/convocatoria-cic\/"]}]},{"@type":"BreadcrumbList","@id":"https:\/\/facartes.uniandes.edu.co\/cic\/convocatorias\/convocatoria-cic\/#breadcrumb","itemListElement":[{"@type":"ListItem","position":1,"name":"Portada","item":"https:\/\/facartes.uniandes.edu.co\/cic\/"},{"@type":"ListItem","position":2,"name":"Convocatorias","item":"https:\/\/facartes.uniandes.edu.co\/cic\/convocatorias\/"},{"@type":"ListItem","position":3,"name":"Convocatoria CIC"}]},{"@type":"WebSite","@id":"https:\/\/facartes.uniandes.edu.co\/cic\/#website","url":"https:\/\/facartes.uniandes.edu.co\/cic\/","name":"Centro de Investigaci\u00f3n y Creaci\u00f3n - Facultad de Artes y Humanidades - Universidad de los Andes","description":"","potentialAction":[{"@type":"SearchAction","target":{"@type":"EntryPoint","urlTemplate":"https:\/\/facartes.uniandes.edu.co\/cic\/?s={search_term_string}"},"query-input":{"@type":"PropertyValueSpecification","valueRequired":true,"valueName":"search_term_string"}}],"inLanguage":"es"}]}},"_links":{"self":[{"href":"https:\/\/facartes.uniandes.edu.co\/cic\/wp-json\/wp\/v2\/pages\/10856","targetHints":{"allow":["GET"]}}],"collection":[{"href":"https:\/\/facartes.uniandes.edu.co\/cic\/wp-json\/wp\/v2\/pages"}],"about":[{"href":"https:\/\/facartes.uniandes.edu.co\/cic\/wp-json\/wp\/v2\/types\/page"}],"author":[{"embeddable":true,"href":"https:\/\/facartes.uniandes.edu.co\/cic\/wp-json\/wp\/v2\/users\/5"}],"replies":[{"embeddable":true,"href":"https:\/\/facartes.uniandes.edu.co\/cic\/wp-json\/wp\/v2\/comments?post=10856"}],"version-history":[{"count":63,"href":"https:\/\/facartes.uniandes.edu.co\/cic\/wp-json\/wp\/v2\/pages\/10856\/revisions"}],"predecessor-version":[{"id":12995,"href":"https:\/\/facartes.uniandes.edu.co\/cic\/wp-json\/wp\/v2\/pages\/10856\/revisions\/12995"}],"up":[{"embeddable":true,"href":"https:\/\/facartes.uniandes.edu.co\/cic\/wp-json\/wp\/v2\/pages\/6174"}],"wp:attachment":[{"href":"https:\/\/facartes.uniandes.edu.co\/cic\/wp-json\/wp\/v2\/media?parent=10856"}],"curies":[{"name":"wp","href":"https:\/\/api.w.org\/{rel}","templated":true}]}}